{"id":6512,"date":"2023-10-12T01:53:03","date_gmt":"2023-10-11T22:53:03","guid":{"rendered":"https:\/\/www.margiotel.com\/checkout\/"},"modified":"2023-10-12T01:53:03","modified_gmt":"2023-10-11T22:53:03","slug":"checkout","status":"publish","type":"page","link":"https:\/\/www.margiotel.com\/en\/checkout\/","title":{"rendered":"Checkout"},"content":{"rendered":"<p>[woocommerce_checkout]<\/p>\n","protected":false},"excerpt":{"rendered":"[woocommerce_checkout]","protected":false},"author":1,"featured_media":0,"parent":0,"menu_order":0,"comment_status":"closed","ping_status":"closed","template":"","meta":{"_joinchat":[],"footnotes":""},"class_list":["post-6512","page","type-page","status-publish","hentry"],"yoast_head":"<!-- This site is optimized with the Yoast SEO plugin v27.3 - https:\/\/yoast.com\/product\/yoast-seo-wordpress\/ -->\n<title>Checkout - Margi Hotel, Edirne, Turkey | Edirne&#039;nin en iyi otelinde en iyi fiyat ile rezervasyon yap\u0131n<\/title>\n<meta name=\"robots\" content=\"index, follow, max-snippet:-1, max-image-preview:large, max-video-preview:-1\" \/>\n<link rel=\"canonical\" href=\"https:\/\/www.margiotel.com\/en\/checkout\/\" \/>\n<meta property=\"og:locale\" content=\"en_US\" \/>\n<meta property=\"og:type\" content=\"article\" \/>\n<meta property=\"og:title\" content=\"Checkout - Margi Hotel, Edirne, Turkey | Edirne&#039;nin en iyi otelinde en iyi fiyat ile rezervasyon yap\u0131n\" \/>\n<meta property=\"og:url\" content=\"https:\/\/www.margiotel.com\/en\/checkout\/\" \/>\n<meta property=\"og:site_name\" content=\"Margi Hotel, Edirne, Turkey | Edirne&#039;nin en iyi otelinde en iyi fiyat ile rezervasyon yap\u0131n\" \/>\n<meta property=\"article:publisher\" content=\"https:\/\/www.facebook.com\/MargiHotel\/\" \/>\n<meta name=\"twitter:card\" content=\"summary_large_image\" \/>\n<script type=\"application\/ld+json\" class=\"yoast-schema-graph\">{\"@context\":\"https:\\\/\\\/schema.org\",\"@graph\":[{\"@type\":\"WebPage\",\"@id\":\"https:\\\/\\\/www.margiotel.com\\\/en\\\/checkout\\\/\",\"url\":\"https:\\\/\\\/www.margiotel.com\\\/en\\\/checkout\\\/\",\"name\":\"Checkout - Margi Hotel, Edirne, Turkey | Edirne&#039;nin en iyi otelinde en iyi fiyat ile rezervasyon yap\u0131n\",\"isPartOf\":{\"@id\":\"https:\\\/\\\/www.margiotel.com\\\/en\\\/#website\"},\"datePublished\":\"2023-10-11T22:53:03+00:00\",\"breadcrumb\":{\"@id\":\"https:\\\/\\\/www.margiotel.com\\\/en\\\/checkout\\\/#breadcrumb\"},\"inLanguage\":\"en-US\",\"potentialAction\":[{\"@type\":\"ReadAction\",\"target\":[\"https:\\\/\\\/www.margiotel.com\\\/en\\\/checkout\\\/\"]}]},{\"@type\":\"BreadcrumbList\",\"@id\":\"https:\\\/\\\/www.margiotel.com\\\/en\\\/checkout\\\/#breadcrumb\",\"itemListElement\":[{\"@type\":\"ListItem\",\"position\":1,\"name\":\"Anasayfa\",\"item\":\"https:\\\/\\\/www.margiotel.com\\\/en\\\/\"},{\"@type\":\"ListItem\",\"position\":2,\"name\":\"Checkout\"}]},{\"@type\":\"WebSite\",\"@id\":\"https:\\\/\\\/www.margiotel.com\\\/en\\\/#website\",\"url\":\"https:\\\/\\\/www.margiotel.com\\\/en\\\/\",\"name\":\"Margi Hotel, Edirne, Turkey | Edirne&#039;nin en iyi otelinde en iyi fiyat ile rezervasyon yap\u0131n\",\"description\":\"Edirne&#039;nin \u0130lk ve Tek 5 Y\u0131ld\u0131zl\u0131 Hoteli\",\"publisher\":{\"@id\":\"https:\\\/\\\/www.margiotel.com\\\/en\\\/#organization\"},\"potentialAction\":[{\"@type\":\"SearchAction\",\"target\":{\"@type\":\"EntryPoint\",\"urlTemplate\":\"https:\\\/\\\/www.margiotel.com\\\/en\\\/?s={search_term_string}\"},\"query-input\":{\"@type\":\"PropertyValueSpecification\",\"valueRequired\":true,\"valueName\":\"search_term_string\"}}],\"inLanguage\":\"en-US\"},{\"@type\":\"Organization\",\"@id\":\"https:\\\/\\\/www.margiotel.com\\\/en\\\/#organization\",\"name\":\"Margi Hotel Edirne\",\"url\":\"https:\\\/\\\/www.margiotel.com\\\/en\\\/\",\"logo\":{\"@type\":\"ImageObject\",\"inLanguage\":\"en-US\",\"@id\":\"https:\\\/\\\/www.margiotel.com\\\/en\\\/#\\\/schema\\\/logo\\\/image\\\/\",\"url\":\"https:\\\/\\\/www.margiotel.com\\\/wp-content\\\/uploads\\\/2021\\\/09\\\/margi-logo-yildizli-2-1.png\",\"contentUrl\":\"https:\\\/\\\/www.margiotel.com\\\/wp-content\\\/uploads\\\/2021\\\/09\\\/margi-logo-yildizli-2-1.png\",\"width\":266,\"height\":149,\"caption\":\"Margi Hotel Edirne\"},\"image\":{\"@id\":\"https:\\\/\\\/www.margiotel.com\\\/en\\\/#\\\/schema\\\/logo\\\/image\\\/\"},\"sameAs\":[\"https:\\\/\\\/www.facebook.com\\\/MargiHotel\\\/\",\"https:\\\/\\\/www.instagram.com\\\/margihotel\\\/\"]}]}<\/script>\n<!-- \/ Yoast SEO plugin. -->","yoast_head_json":{"title":"Checkout - Margi Hotel, Edirne, Turkey | Edirne&#039;nin en iyi otelinde en iyi fiyat ile rezervasyon yap\u0131n","robots":{"index":"index","follow":"follow","max-snippet":"max-snippet:-1","max-image-preview":"max-image-preview:large","max-video-preview":"max-video-preview:-1"},"canonical":"https:\/\/www.margiotel.com\/en\/checkout\/","og_locale":"en_US","og_type":"article","og_title":"Checkout - Margi Hotel, Edirne, Turkey | Edirne&#039;nin en iyi otelinde en iyi fiyat ile rezervasyon yap\u0131n","og_url":"https:\/\/www.margiotel.com\/en\/checkout\/","og_site_name":"Margi Hotel, Edirne, Turkey | Edirne&#039;nin en iyi otelinde en iyi fiyat ile rezervasyon yap\u0131n","article_publisher":"https:\/\/www.facebook.com\/MargiHotel\/","twitter_card":"summary_large_image","schema":{"@context":"https:\/\/schema.org","@graph":[{"@type":"WebPage","@id":"https:\/\/www.margiotel.com\/en\/checkout\/","url":"https:\/\/www.margiotel.com\/en\/checkout\/","name":"Checkout - Margi Hotel, Edirne, Turkey | Edirne&#039;nin en iyi otelinde en iyi fiyat ile rezervasyon yap\u0131n","isPartOf":{"@id":"https:\/\/www.margiotel.com\/en\/#website"},"datePublished":"2023-10-11T22:53:03+00:00","breadcrumb":{"@id":"https:\/\/www.margiotel.com\/en\/checkout\/#breadcrumb"},"inLanguage":"en-US","potentialAction":[{"@type":"ReadAction","target":["https:\/\/www.margiotel.com\/en\/checkout\/"]}]},{"@type":"BreadcrumbList","@id":"https:\/\/www.margiotel.com\/en\/checkout\/#breadcrumb","itemListElement":[{"@type":"ListItem","position":1,"name":"Anasayfa","item":"https:\/\/www.margiotel.com\/en\/"},{"@type":"ListItem","position":2,"name":"Checkout"}]},{"@type":"WebSite","@id":"https:\/\/www.margiotel.com\/en\/#website","url":"https:\/\/www.margiotel.com\/en\/","name":"Margi Hotel, Edirne, Turkey | Edirne&#039;nin en iyi otelinde en iyi fiyat ile rezervasyon yap\u0131n","description":"Edirne&#039;nin \u0130lk ve Tek 5 Y\u0131ld\u0131zl\u0131 Hoteli","publisher":{"@id":"https:\/\/www.margiotel.com\/en\/#organization"},"potentialAction":[{"@type":"SearchAction","target":{"@type":"EntryPoint","urlTemplate":"https:\/\/www.margiotel.com\/en\/?s={search_term_string}"},"query-input":{"@type":"PropertyValueSpecification","valueRequired":true,"valueName":"search_term_string"}}],"inLanguage":"en-US"},{"@type":"Organization","@id":"https:\/\/www.margiotel.com\/en\/#organization","name":"Margi Hotel Edirne","url":"https:\/\/www.margiotel.com\/en\/","logo":{"@type":"ImageObject","inLanguage":"en-US","@id":"https:\/\/www.margiotel.com\/en\/#\/schema\/logo\/image\/","url":"https:\/\/www.margiotel.com\/wp-content\/uploads\/2021\/09\/margi-logo-yildizli-2-1.png","contentUrl":"https:\/\/www.margiotel.com\/wp-content\/uploads\/2021\/09\/margi-logo-yildizli-2-1.png","width":266,"height":149,"caption":"Margi Hotel Edirne"},"image":{"@id":"https:\/\/www.margiotel.com\/en\/#\/schema\/logo\/image\/"},"sameAs":["https:\/\/www.facebook.com\/MargiHotel\/","https:\/\/www.instagram.com\/margihotel\/"]}]}},"_links":{"self":[{"href":"https:\/\/www.margiotel.com\/en\/wp-json\/wp\/v2\/pages\/6512","targetHints":{"allow":["GET"]}}],"collection":[{"href":"https:\/\/www.margiotel.com\/en\/wp-json\/wp\/v2\/pages"}],"about":[{"href":"https:\/\/www.margiotel.com\/en\/wp-json\/wp\/v2\/types\/page"}],"author":[{"embeddable":true,"href":"https:\/\/www.margiotel.com\/en\/wp-json\/wp\/v2\/users\/1"}],"replies":[{"embeddable":true,"href":"https:\/\/www.margiotel.com\/en\/wp-json\/wp\/v2\/comments?post=6512"}],"version-history":[{"count":0,"href":"https:\/\/www.margiotel.com\/en\/wp-json\/wp\/v2\/pages\/6512\/revisions"}],"wp:attachment":[{"href":"https:\/\/www.margiotel.com\/en\/wp-json\/wp\/v2\/media?parent=6512"}],"curies":[{"name":"wp","href":"https:\/\/api.w.org\/{rel}","templated":true}]}}