{"id":4825,"date":"2018-06-02T22:01:59","date_gmt":"2018-06-02T22:01:59","guid":{"rendered":"https:\/\/margiotel.com\/spor-salonu-ve-spa\/"},"modified":"2022-05-24T15:22:57","modified_gmt":"2022-05-24T12:22:57","slug":"gym-spa","status":"publish","type":"page","link":"https:\/\/www.margiotel.com\/en\/gym-spa\/","title":{"rendered":"Gym &#038; Spa"},"content":{"rendered":"<div class=\"wpb-content-wrapper\"><p>[vc_row full_width=&#8221;stretch_row_content_no_spaces&#8221;][vc_column]\n\t\t\t<!-- START Gym and Spa REVOLUTION SLIDER 6.7.41 --><p class=\"rs-p-wp-fix\"><\/p>\n\t\t\t<rs-module-wrap id=\"hero_wrapper\" data-source=\"gallery\" style=\"visibility:hidden;background:transparent;padding:0;margin:0px auto;margin-top:0;margin-bottom:0;\">\n\t\t\t\t<rs-module id=\"hero\" style=\"\" data-version=\"6.7.41\">\n\t\t\t\t\t<rs-slides style=\"overflow: hidden; position: absolute;\">\n\t\t\t\t\t\t<rs-slide style=\"position: absolute;\" data-key=\"rs-53\" data-title=\"Slide\" data-thumb=\"\/\/margiotel.com\/wp-content\/uploads\/2019\/12\/havuz-slider-1600-spa.jpg\"data-sba=\"f:true;\" data-anim=\"adpr:false;ms:600;\" data-in=\"o:0;\" data-out=\"a:false;\" data-mediafilter=\"mayfair\">\n\t\t\t\t\t\t\t<img decoding=\"async\" src=\"\/\/www.margiotel.com\/wp-content\/plugins\/revslider\/sr6\/assets\/assets\/dummy.png\" alt=\"\" title=\"havuz slider 1600 spa\" width=\"1600\" height=\"790\" class=\"rev-slidebg tp-rs-img rs-lazyload\" data-lazyload=\"\/\/margiotel.com\/wp-content\/uploads\/2019\/12\/havuz-slider-1600-spa.jpg\" data-parallax=\"9\" data-no-retina>\n<!--\n\t\t\t\t\t\t\t--><rs-layer\n\t\t\t\t\t\t\t\tid=\"slider-21-slide-53-layer-1\" \n\t\t\t\t\t\t\t\tdata-type=\"text\"\n\t\t\t\t\t\t\t\tdata-color=\"#fff\"\n\t\t\t\t\t\t\t\tdata-tsh=\"h:6px,5px,3px,1px;v:6px,5px,3px,1px;b:1px,0px,0px,0px;\"\n\t\t\t\t\t\t\t\tdata-rsp_ch=\"on\"\n\t\t\t\t\t\t\t\tdata-xy=\"x:c;xo:1px,0,0,0;y:m;\"\n\t\t\t\t\t\t\t\tdata-text=\"s:120,112,87,51;l:140,132,102,59;ls:-2,0,0,0;a:inherit;\"\n\t\t\t\t\t\t\t\tdata-dim=\"minh:0,none,none,none;\"\n\t\t\t\t\t\t\t\tdata-frame_0=\"y:100%;\"\n\t\t\t\t\t\t\t\tdata-frame_0_mask=\"u:t;y:100%;\"\n\t\t\t\t\t\t\t\tdata-frame_1=\"e:power2.inOut;st:330;sp:2500;sR:330;\"\n\t\t\t\t\t\t\t\tdata-frame_1_mask=\"u:t;\"\n\t\t\t\t\t\t\t\tdata-frame_999=\"o:0;st:w;sR:670;\"\n\t\t\t\t\t\t\t\tstyle=\"z-index:8;font-family:'Shadows Into Light';\"\n\t\t\t\t\t\t\t>Relax at Margi Hotel \n\t\t\t\t\t\t\t<\/rs-layer><!--\n-->\t\t\t\t\t<\/rs-slide>\n\t\t\t\t\t\t<rs-slide style=\"position: absolute;\" data-key=\"rs-54\" data-title=\"Slide\" data-thumb=\"\/\/margiotel.com\/wp-content\/uploads\/2019\/12\/margi-hotel-spor-salonu-1600.jpg\"data-sba=\"f:true;\" data-anim=\"adpr:false;ms:600;\" data-in=\"o:0;\" data-out=\"a:false;\" data-mediafilter=\"mayfair\">\n\t\t\t\t\t\t\t<img decoding=\"async\" src=\"\/\/www.margiotel.com\/wp-content\/plugins\/revslider\/sr6\/assets\/assets\/dummy.png\" alt=\"\" title=\"margi hotel spor salonu 1600\" width=\"1600\" height=\"731\" class=\"rev-slidebg tp-rs-img rs-lazyload\" data-lazyload=\"\/\/margiotel.com\/wp-content\/uploads\/2019\/12\/margi-hotel-spor-salonu-1600.jpg\" data-parallax=\"9\" data-no-retina>\n<!--\n\t\t\t\t\t\t\t--><rs-layer\n\t\t\t\t\t\t\t\tid=\"slider-21-slide-54-layer-0\" \n\t\t\t\t\t\t\t\tdata-type=\"text\"\n\t\t\t\t\t\t\t\tdata-color=\"#fff\"\n\t\t\t\t\t\t\t\tdata-tsh=\"c:#000000;h:5px,4px,3px,1px;v:5px,4px,3px,1px;\"\n\t\t\t\t\t\t\t\tdata-rsp_ch=\"on\"\n\t\t\t\t\t\t\t\tdata-xy=\"x:c;y:m;yo:9px,7px,5px,3px;\"\n\t\t\t\t\t\t\t\tdata-text=\"w:normal;s:100,87,66,57;l:60,52,39,34;ls:-1,0,0,0;\"\n\t\t\t\t\t\t\t\tdata-dim=\"minh:0px,none,none,none;\"\n\t\t\t\t\t\t\t\tdata-frame_0=\"x:0,0,0,0px;y:0,0,0,0px;sX:0.9;sY:0.9;\"\n\t\t\t\t\t\t\t\tdata-frame_1=\"x:0,0,0,0px;y:0,0,0,0px;e:power2.inOut;st:580;sp:1000;sR:580;\"\n\t\t\t\t\t\t\t\tdata-frame_999=\"o:0;st:w;sR:7420;\"\n\t\t\t\t\t\t\t\tstyle=\"z-index:8;font-family:'Shadows Into Light';\"\n\t\t\t\t\t\t\t>Enjoy Workout at Gym \n\t\t\t\t\t\t\t<\/rs-layer><!--\n-->\t\t\t\t\t<\/rs-slide>\n\t\t\t\t\t\t<rs-slide style=\"position: absolute;\" data-key=\"rs-55\" data-title=\"Slide\" data-thumb=\"\/\/margiotel.com\/wp-content\/uploads\/2018\/06\/spa.jpg\"data-sba=\"f:true;\" data-anim=\"adpr:false;\" data-in=\"o:0;\" data-out=\"a:false;\">\n\t\t\t\t\t\t\t<img decoding=\"async\" src=\"\/\/www.margiotel.com\/wp-content\/plugins\/revslider\/sr6\/assets\/assets\/dummy.png\" alt=\"\" title=\"spa\" width=\"750\" height=\"475\" class=\"rev-slidebg tp-rs-img rs-lazyload\" data-lazyload=\"\/\/margiotel.com\/wp-content\/uploads\/2018\/06\/spa.jpg\" data-parallax=\"9\" data-no-retina>\n<!--\n\t\t\t\t\t\t\t--><rs-layer\n\t\t\t\t\t\t\t\tid=\"slider-21-slide-55-layer-2\" \n\t\t\t\t\t\t\t\tdata-type=\"text\"\n\t\t\t\t\t\t\t\tdata-color=\"#fff\"\n\t\t\t\t\t\t\t\tdata-tsh=\"c:#020202;h:3px,2px,1px,0px;v:3px,2px,1px,0px;\"\n\t\t\t\t\t\t\t\tdata-rsp_ch=\"on\"\n\t\t\t\t\t\t\t\tdata-xy=\"x:c;xo:0,0,0,-1px;yo:100px,87px,66px,17px;\"\n\t\t\t\t\t\t\t\tdata-text=\"w:normal;s:90,80,59,44;l:180,160,119,88;ls:0,0px,0px,0px;a:left,left,left,center;\"\n\t\t\t\t\t\t\t\tdata-dim=\"w:auto,auto,auto,476px;minh:0,none,none,none;\"\n\t\t\t\t\t\t\t\tdata-frame_0=\"sX:0.9;sY:0.9;\"\n\t\t\t\t\t\t\t\tdata-frame_1=\"e:power2.inOut;st:700;sp:1000;\"\n\t\t\t\t\t\t\t\tdata-frame_999=\"o:0;st:w;sR:8000;\"\n\t\t\t\t\t\t\t\tstyle=\"z-index:8;font-family:'Shadows Into Light';\"\n\t\t\t\t\t\t\t>Reward yourself with a massage \n\t\t\t\t\t\t\t<\/rs-layer><!--\n-->\t\t\t\t\t<\/rs-slide>\n\t\t\t\t\t<\/rs-slides>\n\t\t\t\t<\/rs-module>\n\t\t\t\t<script>\n\t\t\t\t\tsetREVStartSize({c: 'hero',rl:[1240,1024,778,480],el:[600,768,500,500],gw:[1170,1024,778,480],gh:[600,768,500,500],type:'standard',justify:'',layout:'fullwidth',mh:\"0\"});if (window.RS_MODULES!==undefined && window.RS_MODULES.modules!==undefined && window.RS_MODULES.modules[\"hero\"]!==undefined) {window.RS_MODULES.modules[\"hero\"].once = false;window.revapi21 = undefined;if (window.RS_MODULES.checkMinimal!==undefined) window.RS_MODULES.checkMinimal()}\n\t\t\t\t<\/script>\n\t\t\t<\/rs-module-wrap>\n\t\t\t<!-- END REVOLUTION SLIDER -->\n[vc_zigzag css=&#8221;.vc_custom_1632188268275{padding-top: 50px !important;padding-bottom: 50px !important;}&#8221;][\/vc_column][\/vc_row][vc_row][vc_column width=&#8221;1\/2&#8243;]\t\t\t<div\r\n\t\t\t\tclass=\"main_title  text-left  \">\r\n\t\t\t\t<h2 class=\"title\">MARGI SPA THERAPY<\/h2>\r\n\t\t\t\t\t\t\t<\/div>\r\n\t\t[vc_column_text]SPA, the center of renewing our souls and relaxing with health, presents you a mystical view with its proven unique health source of water and its features designed according to the Far East philosophy.<\/p>\n<p>&nbsp;<\/p>\n<p>We are at your service between 08:00 and 22:00.<\/p>\n<p>&nbsp;<\/p>\n<p>In our facility, there is a Fitness Center, indoor swimming pool, children&#8217;s pool, jacuzzi, steam room, sauna, Shock Showers, Snow Fountain, Turkish bath, massage rooms (4 pieces) Male-Female Hairdresser.<\/p>\n<p>&nbsp;<\/p>\n<p><strong>Our Free Services (To All Our Customers)<br \/>\n<\/strong><\/p>\n<p>Turkish Bath, Sauna, Steam Bath, Shock Showers, Snow Fountain, Recreation Areas, Indoor Pool, Children&#8217;s Pool, Jacuzzi and Fitness Center<\/p>\n<p>&nbsp;<\/p>\n<p><strong>Our paid services<\/strong><\/p>\n<p>All types of massage and scrub, Body care, Skin care, Male and Female Hairdresser[\/vc_column_text][\/vc_column][vc_column width=&#8221;1\/2&#8243;][vc_media_grid grid_id=&#8221;vc_gid:1653394965560-cc6787e51dc25a508ffd083d8b06fa9a-5&#8243; include=&#8221;2161,2136,2215,2214,2213,2212,2211,2210,2209,2208,2207,2203&#8243;][\/vc_column][\/vc_row][vc_row][vc_column][vc_toggle title=&#8221;Frequently Asked Questions About Our Gym&#8221;]+Can non-hotel customers use the gym?<\/p>\n<p>-Yes, you can use our salon with an annual, 6-month subscription or daily use.<\/p>\n<p>+Can gym members use the pool?<\/p>\n<p>-Yes, our gym members can use our pool<\/p>\n<p>+Can gym members benefit from spa services?<\/p>\n<p>-Yes. You can benefit from our sauna, Turkish bath, steam, shock shower, snow fountain and jacuzzi areas.<\/p>\n<p>+How much are the membership fees and usage fees?<\/p>\n<p>-Since our membership fees vary within various packages and campaigns, we can give you more detailed information in the gym &amp; spa section of our hotel. You can also get information from our relevant department by contacting us by phone.<\/p>\n<p>+What hours does the Gym and Spa operate?<\/p>\n<p>&#8211; It serves between 8.00 in the morning and 22.00 in the evening.[\/vc_toggle][\/vc_column][\/vc_row][vc_row][vc_column][\/vc_column][\/vc_row][vc_row][vc_column][\/vc_column][\/vc_row]<\/p>\n<\/div>","protected":false},"excerpt":{"rendered":"<p>[vc_row full_width=&#8221;stretch_row_content_no_spaces&#8221;][vc_column][vc_zigzag css=&#8221;.vc_custom_1632188268275{padding-top: 50px !important;padding-bottom: 50px !important;}&#8221;][\/vc_column][\/vc_row][vc_row][vc_column width=&#8221;1\/2&#8243;][vc_column_text]SPA, the center of renewing our souls and relaxing with health, presents you a mystical view with its proven unique health source of water and its features designed according to the Far East philosophy. &nbsp; We are at your service between 08:00 and 22:00. &nbsp; In our facility, [&hellip;]<\/p>\n","protected":false},"author":1,"featured_media":0,"parent":0,"menu_order":0,"comment_status":"closed","ping_status":"closed","template":"","meta":{"_joinchat":[],"footnotes":""},"class_list":["post-4825","page","type-page","status-publish","hentry"],"yoast_head":"<!-- This site is optimized with the Yoast SEO plugin v27.3 - https:\/\/yoast.com\/product\/yoast-seo-wordpress\/ -->\n<title>Gym &amp; Spa - Margi Hotel, Edirne, Turkey | Book the Best Hotel in Edirne<\/title>\n<meta name=\"description\" content=\"Margi Edirne Fitness, indoor swimming pool, children&#039;s pool, jacuzzi, steam room, sauna, Shock Shower, Snow Fountain, Turkish bath, massage\" \/>\n<meta name=\"robots\" content=\"index, follow, max-snippet:-1, max-image-preview:large, max-video-preview:-1\" \/>\n<link rel=\"canonical\" href=\"https:\/\/www.margiotel.com\/en\/gym-spa\/\" \/>\n<meta property=\"og:locale\" content=\"en_US\" \/>\n<meta property=\"og:type\" content=\"article\" \/>\n<meta property=\"og:title\" content=\"Gym &amp; Spa - Margi Hotel, Edirne, Turkey | Book the Best Hotel in Edirne\" \/>\n<meta property=\"og:description\" content=\"Margi Edirne Fitness, indoor swimming pool, children&#039;s pool, jacuzzi, steam room, sauna, Shock Shower, Snow Fountain, Turkish bath, massage\" \/>\n<meta property=\"og:url\" content=\"https:\/\/www.margiotel.com\/en\/gym-spa\/\" \/>\n<meta property=\"og:site_name\" content=\"Margi Hotel, Edirne, Turkey | Edirne&#039;nin en iyi otelinde en iyi fiyat ile rezervasyon yap\u0131n\" \/>\n<meta property=\"article:publisher\" content=\"https:\/\/www.facebook.com\/MargiHotel\/\" \/>\n<meta property=\"article:modified_time\" content=\"2022-05-24T12:22:57+00:00\" \/>\n<meta name=\"twitter:card\" content=\"summary_large_image\" \/>\n<meta name=\"twitter:label1\" content=\"Est. reading time\" \/>\n\t<meta name=\"twitter:data1\" content=\"2 minutes\" \/>\n<script type=\"application\/ld+json\" class=\"yoast-schema-graph\">{\"@context\":\"https:\\\/\\\/schema.org\",\"@graph\":[{\"@type\":\"WebPage\",\"@id\":\"https:\\\/\\\/www.margiotel.com\\\/en\\\/gym-spa\\\/\",\"url\":\"https:\\\/\\\/www.margiotel.com\\\/en\\\/gym-spa\\\/\",\"name\":\"Gym & Spa - Margi Hotel, Edirne, Turkey | Book the Best Hotel in Edirne\",\"isPartOf\":{\"@id\":\"https:\\\/\\\/www.margiotel.com\\\/en\\\/#website\"},\"datePublished\":\"2018-06-02T22:01:59+00:00\",\"dateModified\":\"2022-05-24T12:22:57+00:00\",\"description\":\"Margi Edirne Fitness, indoor swimming pool, children's pool, jacuzzi, steam room, sauna, Shock Shower, Snow Fountain, Turkish bath, massage\",\"breadcrumb\":{\"@id\":\"https:\\\/\\\/www.margiotel.com\\\/en\\\/gym-spa\\\/#breadcrumb\"},\"inLanguage\":\"en-US\",\"potentialAction\":[{\"@type\":\"ReadAction\",\"target\":[\"https:\\\/\\\/www.margiotel.com\\\/en\\\/gym-spa\\\/\"]}]},{\"@type\":\"BreadcrumbList\",\"@id\":\"https:\\\/\\\/www.margiotel.com\\\/en\\\/gym-spa\\\/#breadcrumb\",\"itemListElement\":[{\"@type\":\"ListItem\",\"position\":1,\"name\":\"Anasayfa\",\"item\":\"https:\\\/\\\/www.margiotel.com\\\/en\\\/\"},{\"@type\":\"ListItem\",\"position\":2,\"name\":\"Gym &#038; Spa\"}]},{\"@type\":\"WebSite\",\"@id\":\"https:\\\/\\\/www.margiotel.com\\\/en\\\/#website\",\"url\":\"https:\\\/\\\/www.margiotel.com\\\/en\\\/\",\"name\":\"Margi Hotel, Edirne, Turkey | Edirne&#039;nin en iyi otelinde en iyi fiyat ile rezervasyon yap\u0131n\",\"description\":\"Edirne&#039;nin \u0130lk ve Tek 5 Y\u0131ld\u0131zl\u0131 Hoteli\",\"publisher\":{\"@id\":\"https:\\\/\\\/www.margiotel.com\\\/en\\\/#organization\"},\"potentialAction\":[{\"@type\":\"SearchAction\",\"target\":{\"@type\":\"EntryPoint\",\"urlTemplate\":\"https:\\\/\\\/www.margiotel.com\\\/en\\\/?s={search_term_string}\"},\"query-input\":{\"@type\":\"PropertyValueSpecification\",\"valueRequired\":true,\"valueName\":\"search_term_string\"}}],\"inLanguage\":\"en-US\"},{\"@type\":\"Organization\",\"@id\":\"https:\\\/\\\/www.margiotel.com\\\/en\\\/#organization\",\"name\":\"Margi Hotel Edirne\",\"url\":\"https:\\\/\\\/www.margiotel.com\\\/en\\\/\",\"logo\":{\"@type\":\"ImageObject\",\"inLanguage\":\"en-US\",\"@id\":\"https:\\\/\\\/www.margiotel.com\\\/en\\\/#\\\/schema\\\/logo\\\/image\\\/\",\"url\":\"https:\\\/\\\/www.margiotel.com\\\/wp-content\\\/uploads\\\/2021\\\/09\\\/margi-logo-yildizli-2-1.png\",\"contentUrl\":\"https:\\\/\\\/www.margiotel.com\\\/wp-content\\\/uploads\\\/2021\\\/09\\\/margi-logo-yildizli-2-1.png\",\"width\":266,\"height\":149,\"caption\":\"Margi Hotel Edirne\"},\"image\":{\"@id\":\"https:\\\/\\\/www.margiotel.com\\\/en\\\/#\\\/schema\\\/logo\\\/image\\\/\"},\"sameAs\":[\"https:\\\/\\\/www.facebook.com\\\/MargiHotel\\\/\",\"https:\\\/\\\/www.instagram.com\\\/margihotel\\\/\"]}]}<\/script>\n<!-- \/ Yoast SEO plugin. -->","yoast_head_json":{"title":"Gym & Spa - Margi Hotel, Edirne, Turkey | Book the Best Hotel in Edirne","description":"Margi Edirne Fitness, indoor swimming pool, children's pool, jacuzzi, steam room, sauna, Shock Shower, Snow Fountain, Turkish bath, massage","robots":{"index":"index","follow":"follow","max-snippet":"max-snippet:-1","max-image-preview":"max-image-preview:large","max-video-preview":"max-video-preview:-1"},"canonical":"https:\/\/www.margiotel.com\/en\/gym-spa\/","og_locale":"en_US","og_type":"article","og_title":"Gym & Spa - Margi Hotel, Edirne, Turkey | Book the Best Hotel in Edirne","og_description":"Margi Edirne Fitness, indoor swimming pool, children's pool, jacuzzi, steam room, sauna, Shock Shower, Snow Fountain, Turkish bath, massage","og_url":"https:\/\/www.margiotel.com\/en\/gym-spa\/","og_site_name":"Margi Hotel, Edirne, Turkey | Edirne&#039;nin en iyi otelinde en iyi fiyat ile rezervasyon yap\u0131n","article_publisher":"https:\/\/www.facebook.com\/MargiHotel\/","article_modified_time":"2022-05-24T12:22:57+00:00","twitter_card":"summary_large_image","twitter_misc":{"Est. reading time":"2 minutes"},"schema":{"@context":"https:\/\/schema.org","@graph":[{"@type":"WebPage","@id":"https:\/\/www.margiotel.com\/en\/gym-spa\/","url":"https:\/\/www.margiotel.com\/en\/gym-spa\/","name":"Gym & Spa - Margi Hotel, Edirne, Turkey | Book the Best Hotel in Edirne","isPartOf":{"@id":"https:\/\/www.margiotel.com\/en\/#website"},"datePublished":"2018-06-02T22:01:59+00:00","dateModified":"2022-05-24T12:22:57+00:00","description":"Margi Edirne Fitness, indoor swimming pool, children's pool, jacuzzi, steam room, sauna, Shock Shower, Snow Fountain, Turkish bath, massage","breadcrumb":{"@id":"https:\/\/www.margiotel.com\/en\/gym-spa\/#breadcrumb"},"inLanguage":"en-US","potentialAction":[{"@type":"ReadAction","target":["https:\/\/www.margiotel.com\/en\/gym-spa\/"]}]},{"@type":"BreadcrumbList","@id":"https:\/\/www.margiotel.com\/en\/gym-spa\/#breadcrumb","itemListElement":[{"@type":"ListItem","position":1,"name":"Anasayfa","item":"https:\/\/www.margiotel.com\/en\/"},{"@type":"ListItem","position":2,"name":"Gym &#038; Spa"}]},{"@type":"WebSite","@id":"https:\/\/www.margiotel.com\/en\/#website","url":"https:\/\/www.margiotel.com\/en\/","name":"Margi Hotel, Edirne, Turkey | Edirne&#039;nin en iyi otelinde en iyi fiyat ile rezervasyon yap\u0131n","description":"Edirne&#039;nin \u0130lk ve Tek 5 Y\u0131ld\u0131zl\u0131 Hoteli","publisher":{"@id":"https:\/\/www.margiotel.com\/en\/#organization"},"potentialAction":[{"@type":"SearchAction","target":{"@type":"EntryPoint","urlTemplate":"https:\/\/www.margiotel.com\/en\/?s={search_term_string}"},"query-input":{"@type":"PropertyValueSpecification","valueRequired":true,"valueName":"search_term_string"}}],"inLanguage":"en-US"},{"@type":"Organization","@id":"https:\/\/www.margiotel.com\/en\/#organization","name":"Margi Hotel Edirne","url":"https:\/\/www.margiotel.com\/en\/","logo":{"@type":"ImageObject","inLanguage":"en-US","@id":"https:\/\/www.margiotel.com\/en\/#\/schema\/logo\/image\/","url":"https:\/\/www.margiotel.com\/wp-content\/uploads\/2021\/09\/margi-logo-yildizli-2-1.png","contentUrl":"https:\/\/www.margiotel.com\/wp-content\/uploads\/2021\/09\/margi-logo-yildizli-2-1.png","width":266,"height":149,"caption":"Margi Hotel Edirne"},"image":{"@id":"https:\/\/www.margiotel.com\/en\/#\/schema\/logo\/image\/"},"sameAs":["https:\/\/www.facebook.com\/MargiHotel\/","https:\/\/www.instagram.com\/margihotel\/"]}]}},"_links":{"self":[{"href":"https:\/\/www.margiotel.com\/en\/wp-json\/wp\/v2\/pages\/4825","targetHints":{"allow":["GET"]}}],"collection":[{"href":"https:\/\/www.margiotel.com\/en\/wp-json\/wp\/v2\/pages"}],"about":[{"href":"https:\/\/www.margiotel.com\/en\/wp-json\/wp\/v2\/types\/page"}],"author":[{"embeddable":true,"href":"https:\/\/www.margiotel.com\/en\/wp-json\/wp\/v2\/users\/1"}],"replies":[{"embeddable":true,"href":"https:\/\/www.margiotel.com\/en\/wp-json\/wp\/v2\/comments?post=4825"}],"version-history":[{"count":1,"href":"https:\/\/www.margiotel.com\/en\/wp-json\/wp\/v2\/pages\/4825\/revisions"}],"predecessor-version":[{"id":6021,"href":"https:\/\/www.margiotel.com\/en\/wp-json\/wp\/v2\/pages\/4825\/revisions\/6021"}],"wp:attachment":[{"href":"https:\/\/www.margiotel.com\/en\/wp-json\/wp\/v2\/media?parent=4825"}],"curies":[{"name":"wp","href":"https:\/\/api.w.org\/{rel}","templated":true}]}}