{"id":3820,"date":"2021-10-03T05:23:02","date_gmt":"2021-10-03T02:23:02","guid":{"rendered":"https:\/\/margiotel.com\/?page_id=3820"},"modified":"2022-04-14T20:18:03","modified_gmt":"2022-04-14T17:18:03","slug":"payment-confirmation","status":"publish","type":"page","link":"https:\/\/www.margiotel.com\/en\/payment-confirmation\/","title":{"rendered":"Payment Confirmation"},"content":{"rendered":"<div class=\"eb-alert eb-alert-error eb-alert-icon\" role=\"alert\">Booking with these details already exists.<\/div>\n","protected":false},"excerpt":{"rendered":"Booking with these details already exists.","protected":false},"author":1,"featured_media":0,"parent":0,"menu_order":0,"comment_status":"closed","ping_status":"closed","template":"","meta":{"_joinchat":[],"footnotes":""},"class_list":["post-3820","page","type-page","status-publish","hentry"],"yoast_head":"<!-- This site is optimized with the Yoast SEO plugin v27.3 - https:\/\/yoast.com\/product\/yoast-seo-wordpress\/ -->\n<title>Booking - Margi Hotel, Edirne, Turkey | Book the Best Hotel in Edirne<\/title>\n<meta name=\"description\" content=\"Margi Hotel Edirne Official Website | Make the Best Edirne Hotel Reservation at the Most Affordable Price without Credit Card. 5 Star Edirne\" \/>\n<meta name=\"robots\" content=\"index, follow, max-snippet:-1, max-image-preview:large, max-video-preview:-1\" \/>\n<link rel=\"canonical\" href=\"https:\/\/www.margiotel.com\/en\/payment-confirmation\/\" \/>\n<meta property=\"og:locale\" content=\"en_US\" \/>\n<meta property=\"og:type\" content=\"article\" \/>\n<meta property=\"og:title\" content=\"Booking - Margi Hotel, Edirne, Turkey | Book the Best Hotel in Edirne\" \/>\n<meta property=\"og:description\" content=\"-1397\" \/>\n<meta property=\"og:url\" content=\"https:\/\/www.margiotel.com\/en\/payment-confirmation\/\" \/>\n<meta property=\"og:site_name\" content=\"Margi Hotel, Edirne, Turkey | Edirne&#039;nin en iyi otelinde en iyi fiyat ile rezervasyon yap\u0131n\" \/>\n<meta property=\"article:publisher\" content=\"https:\/\/www.facebook.com\/MargiHotel\/\" \/>\n<meta property=\"article:modified_time\" content=\"2022-04-14T17:18:03+00:00\" \/>\n<meta name=\"twitter:card\" content=\"summary_large_image\" \/>\n<meta name=\"twitter:label1\" content=\"Est. reading time\" \/>\n\t<meta name=\"twitter:data1\" content=\"1 minute\" \/>\n<script type=\"application\/ld+json\" class=\"yoast-schema-graph\">{\"@context\":\"https:\\\/\\\/schema.org\",\"@graph\":[{\"@type\":\"WebPage\",\"@id\":\"https:\\\/\\\/www.margiotel.com\\\/en\\\/payment-confirmation\\\/\",\"url\":\"https:\\\/\\\/www.margiotel.com\\\/en\\\/payment-confirmation\\\/\",\"name\":\"Booking - Margi Hotel, Edirne, Turkey | Book the Best Hotel in Edirne\",\"isPartOf\":{\"@id\":\"https:\\\/\\\/www.margiotel.com\\\/en\\\/#website\"},\"datePublished\":\"2021-10-03T02:23:02+00:00\",\"dateModified\":\"2022-04-14T17:18:03+00:00\",\"description\":\"Margi Hotel Edirne Official Website | Make the Best Edirne Hotel Reservation at the Most Affordable Price without Credit Card. 5 Star Edirne\",\"breadcrumb\":{\"@id\":\"https:\\\/\\\/www.margiotel.com\\\/en\\\/payment-confirmation\\\/#breadcrumb\"},\"inLanguage\":\"en-US\",\"potentialAction\":[{\"@type\":\"ReadAction\",\"target\":[\"https:\\\/\\\/www.margiotel.com\\\/en\\\/payment-confirmation\\\/\"]}]},{\"@type\":\"BreadcrumbList\",\"@id\":\"https:\\\/\\\/www.margiotel.com\\\/en\\\/payment-confirmation\\\/#breadcrumb\",\"itemListElement\":[{\"@type\":\"ListItem\",\"position\":1,\"name\":\"Anasayfa\",\"item\":\"https:\\\/\\\/www.margiotel.com\\\/en\\\/\"},{\"@type\":\"ListItem\",\"position\":2,\"name\":\"Payment Confirmation\"}]},{\"@type\":\"WebSite\",\"@id\":\"https:\\\/\\\/www.margiotel.com\\\/en\\\/#website\",\"url\":\"https:\\\/\\\/www.margiotel.com\\\/en\\\/\",\"name\":\"Margi Hotel, Edirne, Turkey | Edirne&#039;nin en iyi otelinde en iyi fiyat ile rezervasyon yap\u0131n\",\"description\":\"Edirne&#039;nin \u0130lk ve Tek 5 Y\u0131ld\u0131zl\u0131 Hoteli\",\"publisher\":{\"@id\":\"https:\\\/\\\/www.margiotel.com\\\/en\\\/#organization\"},\"potentialAction\":[{\"@type\":\"SearchAction\",\"target\":{\"@type\":\"EntryPoint\",\"urlTemplate\":\"https:\\\/\\\/www.margiotel.com\\\/en\\\/?s={search_term_string}\"},\"query-input\":{\"@type\":\"PropertyValueSpecification\",\"valueRequired\":true,\"valueName\":\"search_term_string\"}}],\"inLanguage\":\"en-US\"},{\"@type\":\"Organization\",\"@id\":\"https:\\\/\\\/www.margiotel.com\\\/en\\\/#organization\",\"name\":\"Margi Hotel Edirne\",\"url\":\"https:\\\/\\\/www.margiotel.com\\\/en\\\/\",\"logo\":{\"@type\":\"ImageObject\",\"inLanguage\":\"en-US\",\"@id\":\"https:\\\/\\\/www.margiotel.com\\\/en\\\/#\\\/schema\\\/logo\\\/image\\\/\",\"url\":\"https:\\\/\\\/www.margiotel.com\\\/wp-content\\\/uploads\\\/2021\\\/09\\\/margi-logo-yildizli-2-1.png\",\"contentUrl\":\"https:\\\/\\\/www.margiotel.com\\\/wp-content\\\/uploads\\\/2021\\\/09\\\/margi-logo-yildizli-2-1.png\",\"width\":266,\"height\":149,\"caption\":\"Margi Hotel Edirne\"},\"image\":{\"@id\":\"https:\\\/\\\/www.margiotel.com\\\/en\\\/#\\\/schema\\\/logo\\\/image\\\/\"},\"sameAs\":[\"https:\\\/\\\/www.facebook.com\\\/MargiHotel\\\/\",\"https:\\\/\\\/www.instagram.com\\\/margihotel\\\/\"]}]}<\/script>\n<!-- \/ Yoast SEO plugin. -->","yoast_head_json":{"title":"Booking - Margi Hotel, Edirne, Turkey | Book the Best Hotel in Edirne","description":"Margi Hotel Edirne Official Website | Make the Best Edirne Hotel Reservation at the Most Affordable Price without Credit Card. 5 Star Edirne","robots":{"index":"index","follow":"follow","max-snippet":"max-snippet:-1","max-image-preview":"max-image-preview:large","max-video-preview":"max-video-preview:-1"},"canonical":"https:\/\/www.margiotel.com\/en\/payment-confirmation\/","og_locale":"en_US","og_type":"article","og_title":"Booking - Margi Hotel, Edirne, Turkey | Book the Best Hotel in Edirne","og_description":"-1397","og_url":"https:\/\/www.margiotel.com\/en\/payment-confirmation\/","og_site_name":"Margi Hotel, Edirne, Turkey | Edirne&#039;nin en iyi otelinde en iyi fiyat ile rezervasyon yap\u0131n","article_publisher":"https:\/\/www.facebook.com\/MargiHotel\/","article_modified_time":"2022-04-14T17:18:03+00:00","twitter_card":"summary_large_image","twitter_misc":{"Est. reading time":"1 minute"},"schema":{"@context":"https:\/\/schema.org","@graph":[{"@type":"WebPage","@id":"https:\/\/www.margiotel.com\/en\/payment-confirmation\/","url":"https:\/\/www.margiotel.com\/en\/payment-confirmation\/","name":"Booking - Margi Hotel, Edirne, Turkey | Book the Best Hotel in Edirne","isPartOf":{"@id":"https:\/\/www.margiotel.com\/en\/#website"},"datePublished":"2021-10-03T02:23:02+00:00","dateModified":"2022-04-14T17:18:03+00:00","description":"Margi Hotel Edirne Official Website | Make the Best Edirne Hotel Reservation at the Most Affordable Price without Credit Card. 5 Star Edirne","breadcrumb":{"@id":"https:\/\/www.margiotel.com\/en\/payment-confirmation\/#breadcrumb"},"inLanguage":"en-US","potentialAction":[{"@type":"ReadAction","target":["https:\/\/www.margiotel.com\/en\/payment-confirmation\/"]}]},{"@type":"BreadcrumbList","@id":"https:\/\/www.margiotel.com\/en\/payment-confirmation\/#breadcrumb","itemListElement":[{"@type":"ListItem","position":1,"name":"Anasayfa","item":"https:\/\/www.margiotel.com\/en\/"},{"@type":"ListItem","position":2,"name":"Payment Confirmation"}]},{"@type":"WebSite","@id":"https:\/\/www.margiotel.com\/en\/#website","url":"https:\/\/www.margiotel.com\/en\/","name":"Margi Hotel, Edirne, Turkey | Edirne&#039;nin en iyi otelinde en iyi fiyat ile rezervasyon yap\u0131n","description":"Edirne&#039;nin \u0130lk ve Tek 5 Y\u0131ld\u0131zl\u0131 Hoteli","publisher":{"@id":"https:\/\/www.margiotel.com\/en\/#organization"},"potentialAction":[{"@type":"SearchAction","target":{"@type":"EntryPoint","urlTemplate":"https:\/\/www.margiotel.com\/en\/?s={search_term_string}"},"query-input":{"@type":"PropertyValueSpecification","valueRequired":true,"valueName":"search_term_string"}}],"inLanguage":"en-US"},{"@type":"Organization","@id":"https:\/\/www.margiotel.com\/en\/#organization","name":"Margi Hotel Edirne","url":"https:\/\/www.margiotel.com\/en\/","logo":{"@type":"ImageObject","inLanguage":"en-US","@id":"https:\/\/www.margiotel.com\/en\/#\/schema\/logo\/image\/","url":"https:\/\/www.margiotel.com\/wp-content\/uploads\/2021\/09\/margi-logo-yildizli-2-1.png","contentUrl":"https:\/\/www.margiotel.com\/wp-content\/uploads\/2021\/09\/margi-logo-yildizli-2-1.png","width":266,"height":149,"caption":"Margi Hotel Edirne"},"image":{"@id":"https:\/\/www.margiotel.com\/en\/#\/schema\/logo\/image\/"},"sameAs":["https:\/\/www.facebook.com\/MargiHotel\/","https:\/\/www.instagram.com\/margihotel\/"]}]}},"_links":{"self":[{"href":"https:\/\/www.margiotel.com\/en\/wp-json\/wp\/v2\/pages\/3820","targetHints":{"allow":["GET"]}}],"collection":[{"href":"https:\/\/www.margiotel.com\/en\/wp-json\/wp\/v2\/pages"}],"about":[{"href":"https:\/\/www.margiotel.com\/en\/wp-json\/wp\/v2\/types\/page"}],"author":[{"embeddable":true,"href":"https:\/\/www.margiotel.com\/en\/wp-json\/wp\/v2\/users\/1"}],"replies":[{"embeddable":true,"href":"https:\/\/www.margiotel.com\/en\/wp-json\/wp\/v2\/comments?post=3820"}],"version-history":[{"count":0,"href":"https:\/\/www.margiotel.com\/en\/wp-json\/wp\/v2\/pages\/3820\/revisions"}],"wp:attachment":[{"href":"https:\/\/www.margiotel.com\/en\/wp-json\/wp\/v2\/media?parent=3820"}],"curies":[{"name":"wp","href":"https:\/\/api.w.org\/{rel}","templated":true}]}}