{"id":3789,"date":"2021-10-03T04:51:55","date_gmt":"2021-10-03T01:51:55","guid":{"rendered":"https:\/\/margiotel.com\/?page_id=3789"},"modified":"2022-01-11T02:56:18","modified_gmt":"2022-01-10T23:56:18","slug":"places-to-see-in-edirne","status":"publish","type":"page","link":"https:\/\/www.margiotel.com\/en\/places-to-see-in-edirne\/","title":{"rendered":"Places to See In Edirne"},"content":{"rendered":"<div class=\"wpb-content-wrapper\"><p>[vc_row][vc_column]\t\t\t<div\r\n\t\t\t\tclass=\"main_title  text-center  \">\r\n\t\t\t\t<h2 class=\"title\">Places to Visit in Edirne<\/h2>\r\n\t\t\t\t\t\t\t\t\t<p class=\"main_description\">We tried to summarize the places you should see and the flavors you should taste when you come to Edirne. Edirne may seem like a small city, but as the 2nd City with the Most Historical Artifacts Per Square Meter, it contains many must-see places.. We have brought together some of them for you.<\/p>\r\n\t\t\t\t\t\t\t<\/div>\r\n\t\t[vc_column_text]\r\n            <div class=\"row\">\r\n\t                                      <!-- places ITEM -->\r\n                      <div class=\"col-lg-4 col-sm-6\">\r\n                        <div class=\"place-item\">\r\n                        <figure class=\"gradient-overlay zoom-hover\">\r\n                          <a href=\"https:\/\/www.margiotel.com\/en\/yerler\/meric-river-and-bridge\/\">\r\n                            <img decoding=\"async\" src=\"https:\/\/www.margiotel.com\/wp-content\/uploads\/2021\/09\/meric-nehri-720x470.jpg\" class=\"img-responsive\">\r\n                            <div class=\"place-name\">\r\n                              <h3>Meri\u00e7 River and Bridge<\/h3>\r\n                            <\/div>\r\n                          <\/a>\r\n                        <\/figure>\r\n                      <\/div>\r\n                    <\/div>\r\n\r\n\t                                      <!-- places ITEM -->\r\n                      <div class=\"col-lg-4 col-sm-6\">\r\n                        <div class=\"place-item\">\r\n                        <figure class=\"gradient-overlay zoom-hover\">\r\n                          <a href=\"https:\/\/www.margiotel.com\/en\/yerler\/selimiye-mosque-and-complex\/\">\r\n                            <img decoding=\"async\" src=\"https:\/\/www.margiotel.com\/wp-content\/uploads\/2019\/12\/edirne1-720x470.jpg\" class=\"img-responsive\">\r\n                            <div class=\"place-name\">\r\n                              <h3>Selimiye Mosque and Complex<\/h3>\r\n                            <\/div>\r\n                          <\/a>\r\n                        <\/figure>\r\n                      <\/div>\r\n                    <\/div>\r\n\r\n\t                                      <!-- places ITEM -->\r\n                      <div class=\"col-lg-4 col-sm-6\">\r\n                        <div class=\"place-item\">\r\n                        <figure class=\"gradient-overlay zoom-hover\">\r\n                          <a href=\"https:\/\/www.margiotel.com\/en\/yerler\/sultan-ii-beyazid-khan-complex\/\">\r\n                            <img decoding=\"async\" src=\"https:\/\/www.margiotel.com\/wp-content\/uploads\/2018\/04\/kulliye-5-720x470.jpg\" class=\"img-responsive\">\r\n                            <div class=\"place-name\">\r\n                              <h3>Sultan II. Beyazid Khan Complex<\/h3>\r\n                            <\/div>\r\n                          <\/a>\r\n                        <\/figure>\r\n                      <\/div>\r\n                    <\/div>\r\n\r\n\t                                      <!-- places ITEM -->\r\n                      <div class=\"col-lg-4 col-sm-6\">\r\n                        <div class=\"place-item\">\r\n                        <figure class=\"gradient-overlay zoom-hover\">\r\n                          <a href=\"https:\/\/www.margiotel.com\/en\/yerler\/edirne-fried-livertava-ciger\/\">\r\n                            <img decoding=\"async\" src=\"https:\/\/www.margiotel.com\/wp-content\/uploads\/2021\/09\/tava-ciger-1.jpg\" class=\"img-responsive\">\r\n                            <div class=\"place-name\">\r\n                              <h3>Edirne Fried Liver(Tava Ciger)<\/h3>\r\n                            <\/div>\r\n                          <\/a>\r\n                        <\/figure>\r\n                      <\/div>\r\n                    <\/div>\r\n\r\n\t                                      <!-- places ITEM -->\r\n                      <div class=\"col-lg-4 col-sm-6\">\r\n                        <div class=\"place-item\">\r\n                        <figure class=\"gradient-overlay zoom-hover\">\r\n                          <a href=\"https:\/\/www.margiotel.com\/en\/yerler\/edirne-festivals\/\">\r\n                            <img decoding=\"async\" src=\"https:\/\/www.margiotel.com\/wp-content\/uploads\/2022\/01\/KAKAVA-en.jpg\" class=\"img-responsive\">\r\n                            <div class=\"place-name\">\r\n                              <h3>Edirne Festivals<\/h3>\r\n                            <\/div>\r\n                          <\/a>\r\n                        <\/figure>\r\n                      <\/div>\r\n                    <\/div>\r\n\r\n\t                                      <!-- places ITEM -->\r\n                      <div class=\"col-lg-4 col-sm-6\">\r\n                        <div class=\"place-item\">\r\n                        <figure class=\"gradient-overlay zoom-hover\">\r\n                          <a href=\"https:\/\/www.margiotel.com\/en\/yerler\/edirne-history\/\">\r\n                            <img decoding=\"async\" src=\"https:\/\/www.margiotel.com\/wp-content\/uploads\/2022\/01\/1-meric-2-720x470.jpg\" class=\"img-responsive\">\r\n                            <div class=\"place-name\">\r\n                              <h3>Edirne History<\/h3>\r\n                            <\/div>\r\n                          <\/a>\r\n                        <\/figure>\r\n                      <\/div>\r\n                    <\/div>\r\n\r\n\t                                      <!-- places ITEM -->\r\n                      <div class=\"col-lg-4 col-sm-6\">\r\n                        <div class=\"place-item\">\r\n                        <figure class=\"gradient-overlay zoom-hover\">\r\n                          <a href=\"https:\/\/www.margiotel.com\/en\/yerler\/edirne-mis-soap\/\">\r\n                            <img decoding=\"async\" src=\"https:\/\/www.margiotel.com\/wp-content\/uploads\/2022\/01\/edirne-mis-sabunu-1-720x445.jpg\" class=\"img-responsive\">\r\n                            <div class=\"place-name\">\r\n                              <h3>Edirne Mis Soap<\/h3>\r\n                            <\/div>\r\n                          <\/a>\r\n                        <\/figure>\r\n                      <\/div>\r\n                    <\/div>\r\n\r\n\t                                      <!-- places ITEM -->\r\n                      <div class=\"col-lg-4 col-sm-6\">\r\n                        <div class=\"place-item\">\r\n                        <figure class=\"gradient-overlay zoom-hover\">\r\n                          <a href=\"https:\/\/www.margiotel.com\/en\/yerler\/karaagac-old-train-station\/\">\r\n                            <img decoding=\"async\" src=\"https:\/\/www.margiotel.com\/wp-content\/uploads\/2022\/01\/tren-gari-2-1-720x470.jpg\" class=\"img-responsive\">\r\n                            <div class=\"place-name\">\r\n                              <h3>Karaagac Old Train Station<\/h3>\r\n                            <\/div>\r\n                          <\/a>\r\n                        <\/figure>\r\n                      <\/div>\r\n                    <\/div>\r\n\r\n\t                \t                            <\/div>\r\n\r\n        [\/vc_column_text][\/vc_column][\/vc_row]<\/p>\n<\/div>","protected":false},"excerpt":{"rendered":"<p>[vc_row][vc_column][vc_column_text][\/vc_column_text][\/vc_column][\/vc_row]<\/p>\n","protected":false},"author":1,"featured_media":0,"parent":0,"menu_order":0,"comment_status":"closed","ping_status":"closed","template":"","meta":{"_joinchat":[],"footnotes":""},"class_list":["post-3789","page","type-page","status-publish","hentry"],"yoast_head":"<!-- This site is optimized with the Yoast SEO plugin v27.3 - https:\/\/yoast.com\/product\/yoast-seo-wordpress\/ -->\n<title>Places to See In Edirne - Margi Hotel, Edirne, Turkey | Discover Edirne<\/title>\n<meta name=\"description\" content=\"Places to visit in Edirne - Tastes to try in Edirne - Things to do in Edirne - Information about Edirne Turkey\" \/>\n<meta name=\"robots\" content=\"index, follow, max-snippet:-1, max-image-preview:large, max-video-preview:-1\" \/>\n<link rel=\"canonical\" href=\"https:\/\/www.margiotel.com\/en\/places-to-see-in-edirne\/\" \/>\n<meta property=\"og:locale\" content=\"en_US\" \/>\n<meta property=\"og:type\" content=\"article\" \/>\n<meta property=\"og:title\" content=\"Places to See In Edirne - Margi Hotel, Edirne, Turkey | Discover Edirne\" \/>\n<meta property=\"og:description\" content=\"22\" \/>\n<meta property=\"og:url\" content=\"https:\/\/www.margiotel.com\/en\/places-to-see-in-edirne\/\" \/>\n<meta property=\"og:site_name\" content=\"Margi Hotel, Edirne, Turkey | Edirne&#039;nin en iyi otelinde en iyi fiyat ile rezervasyon yap\u0131n\" \/>\n<meta property=\"article:publisher\" content=\"https:\/\/www.facebook.com\/MargiHotel\/\" \/>\n<meta property=\"article:modified_time\" content=\"2022-01-10T23:56:18+00:00\" \/>\n<meta name=\"twitter:card\" content=\"summary_large_image\" \/>\n<meta name=\"twitter:label1\" content=\"Est. reading time\" \/>\n\t<meta name=\"twitter:data1\" content=\"1 minute\" \/>\n<script type=\"application\/ld+json\" class=\"yoast-schema-graph\">{\"@context\":\"https:\\\/\\\/schema.org\",\"@graph\":[{\"@type\":\"WebPage\",\"@id\":\"https:\\\/\\\/www.margiotel.com\\\/en\\\/places-to-see-in-edirne\\\/\",\"url\":\"https:\\\/\\\/www.margiotel.com\\\/en\\\/places-to-see-in-edirne\\\/\",\"name\":\"Places to See In Edirne - Margi Hotel, Edirne, Turkey | Discover Edirne\",\"isPartOf\":{\"@id\":\"https:\\\/\\\/www.margiotel.com\\\/en\\\/#website\"},\"datePublished\":\"2021-10-03T01:51:55+00:00\",\"dateModified\":\"2022-01-10T23:56:18+00:00\",\"description\":\"Places to visit in Edirne - Tastes to try in Edirne - Things to do in Edirne - Information about Edirne Turkey\",\"breadcrumb\":{\"@id\":\"https:\\\/\\\/www.margiotel.com\\\/en\\\/places-to-see-in-edirne\\\/#breadcrumb\"},\"inLanguage\":\"en-US\",\"potentialAction\":[{\"@type\":\"ReadAction\",\"target\":[\"https:\\\/\\\/www.margiotel.com\\\/en\\\/places-to-see-in-edirne\\\/\"]}]},{\"@type\":\"BreadcrumbList\",\"@id\":\"https:\\\/\\\/www.margiotel.com\\\/en\\\/places-to-see-in-edirne\\\/#breadcrumb\",\"itemListElement\":[{\"@type\":\"ListItem\",\"position\":1,\"name\":\"Anasayfa\",\"item\":\"https:\\\/\\\/www.margiotel.com\\\/en\\\/\"},{\"@type\":\"ListItem\",\"position\":2,\"name\":\"Places to See In Edirne\"}]},{\"@type\":\"WebSite\",\"@id\":\"https:\\\/\\\/www.margiotel.com\\\/en\\\/#website\",\"url\":\"https:\\\/\\\/www.margiotel.com\\\/en\\\/\",\"name\":\"Margi Hotel, Edirne, Turkey | Edirne&#039;nin en iyi otelinde en iyi fiyat ile rezervasyon yap\u0131n\",\"description\":\"Edirne&#039;nin \u0130lk ve Tek 5 Y\u0131ld\u0131zl\u0131 Hoteli\",\"publisher\":{\"@id\":\"https:\\\/\\\/www.margiotel.com\\\/en\\\/#organization\"},\"potentialAction\":[{\"@type\":\"SearchAction\",\"target\":{\"@type\":\"EntryPoint\",\"urlTemplate\":\"https:\\\/\\\/www.margiotel.com\\\/en\\\/?s={search_term_string}\"},\"query-input\":{\"@type\":\"PropertyValueSpecification\",\"valueRequired\":true,\"valueName\":\"search_term_string\"}}],\"inLanguage\":\"en-US\"},{\"@type\":\"Organization\",\"@id\":\"https:\\\/\\\/www.margiotel.com\\\/en\\\/#organization\",\"name\":\"Margi Hotel Edirne\",\"url\":\"https:\\\/\\\/www.margiotel.com\\\/en\\\/\",\"logo\":{\"@type\":\"ImageObject\",\"inLanguage\":\"en-US\",\"@id\":\"https:\\\/\\\/www.margiotel.com\\\/en\\\/#\\\/schema\\\/logo\\\/image\\\/\",\"url\":\"https:\\\/\\\/www.margiotel.com\\\/wp-content\\\/uploads\\\/2021\\\/09\\\/margi-logo-yildizli-2-1.png\",\"contentUrl\":\"https:\\\/\\\/www.margiotel.com\\\/wp-content\\\/uploads\\\/2021\\\/09\\\/margi-logo-yildizli-2-1.png\",\"width\":266,\"height\":149,\"caption\":\"Margi Hotel Edirne\"},\"image\":{\"@id\":\"https:\\\/\\\/www.margiotel.com\\\/en\\\/#\\\/schema\\\/logo\\\/image\\\/\"},\"sameAs\":[\"https:\\\/\\\/www.facebook.com\\\/MargiHotel\\\/\",\"https:\\\/\\\/www.instagram.com\\\/margihotel\\\/\"]}]}<\/script>\n<!-- \/ Yoast SEO plugin. -->","yoast_head_json":{"title":"Places to See In Edirne - Margi Hotel, Edirne, Turkey | Discover Edirne","description":"Places to visit in Edirne - Tastes to try in Edirne - Things to do in Edirne - Information about Edirne Turkey","robots":{"index":"index","follow":"follow","max-snippet":"max-snippet:-1","max-image-preview":"max-image-preview:large","max-video-preview":"max-video-preview:-1"},"canonical":"https:\/\/www.margiotel.com\/en\/places-to-see-in-edirne\/","og_locale":"en_US","og_type":"article","og_title":"Places to See In Edirne - Margi Hotel, Edirne, Turkey | Discover Edirne","og_description":"22","og_url":"https:\/\/www.margiotel.com\/en\/places-to-see-in-edirne\/","og_site_name":"Margi Hotel, Edirne, Turkey | Edirne&#039;nin en iyi otelinde en iyi fiyat ile rezervasyon yap\u0131n","article_publisher":"https:\/\/www.facebook.com\/MargiHotel\/","article_modified_time":"2022-01-10T23:56:18+00:00","twitter_card":"summary_large_image","twitter_misc":{"Est. reading time":"1 minute"},"schema":{"@context":"https:\/\/schema.org","@graph":[{"@type":"WebPage","@id":"https:\/\/www.margiotel.com\/en\/places-to-see-in-edirne\/","url":"https:\/\/www.margiotel.com\/en\/places-to-see-in-edirne\/","name":"Places to See In Edirne - Margi Hotel, Edirne, Turkey | Discover Edirne","isPartOf":{"@id":"https:\/\/www.margiotel.com\/en\/#website"},"datePublished":"2021-10-03T01:51:55+00:00","dateModified":"2022-01-10T23:56:18+00:00","description":"Places to visit in Edirne - Tastes to try in Edirne - Things to do in Edirne - Information about Edirne Turkey","breadcrumb":{"@id":"https:\/\/www.margiotel.com\/en\/places-to-see-in-edirne\/#breadcrumb"},"inLanguage":"en-US","potentialAction":[{"@type":"ReadAction","target":["https:\/\/www.margiotel.com\/en\/places-to-see-in-edirne\/"]}]},{"@type":"BreadcrumbList","@id":"https:\/\/www.margiotel.com\/en\/places-to-see-in-edirne\/#breadcrumb","itemListElement":[{"@type":"ListItem","position":1,"name":"Anasayfa","item":"https:\/\/www.margiotel.com\/en\/"},{"@type":"ListItem","position":2,"name":"Places to See In Edirne"}]},{"@type":"WebSite","@id":"https:\/\/www.margiotel.com\/en\/#website","url":"https:\/\/www.margiotel.com\/en\/","name":"Margi Hotel, Edirne, Turkey | Edirne&#039;nin en iyi otelinde en iyi fiyat ile rezervasyon yap\u0131n","description":"Edirne&#039;nin \u0130lk ve Tek 5 Y\u0131ld\u0131zl\u0131 Hoteli","publisher":{"@id":"https:\/\/www.margiotel.com\/en\/#organization"},"potentialAction":[{"@type":"SearchAction","target":{"@type":"EntryPoint","urlTemplate":"https:\/\/www.margiotel.com\/en\/?s={search_term_string}"},"query-input":{"@type":"PropertyValueSpecification","valueRequired":true,"valueName":"search_term_string"}}],"inLanguage":"en-US"},{"@type":"Organization","@id":"https:\/\/www.margiotel.com\/en\/#organization","name":"Margi Hotel Edirne","url":"https:\/\/www.margiotel.com\/en\/","logo":{"@type":"ImageObject","inLanguage":"en-US","@id":"https:\/\/www.margiotel.com\/en\/#\/schema\/logo\/image\/","url":"https:\/\/www.margiotel.com\/wp-content\/uploads\/2021\/09\/margi-logo-yildizli-2-1.png","contentUrl":"https:\/\/www.margiotel.com\/wp-content\/uploads\/2021\/09\/margi-logo-yildizli-2-1.png","width":266,"height":149,"caption":"Margi Hotel Edirne"},"image":{"@id":"https:\/\/www.margiotel.com\/en\/#\/schema\/logo\/image\/"},"sameAs":["https:\/\/www.facebook.com\/MargiHotel\/","https:\/\/www.instagram.com\/margihotel\/"]}]}},"_links":{"self":[{"href":"https:\/\/www.margiotel.com\/en\/wp-json\/wp\/v2\/pages\/3789","targetHints":{"allow":["GET"]}}],"collection":[{"href":"https:\/\/www.margiotel.com\/en\/wp-json\/wp\/v2\/pages"}],"about":[{"href":"https:\/\/www.margiotel.com\/en\/wp-json\/wp\/v2\/types\/page"}],"author":[{"embeddable":true,"href":"https:\/\/www.margiotel.com\/en\/wp-json\/wp\/v2\/users\/1"}],"replies":[{"embeddable":true,"href":"https:\/\/www.margiotel.com\/en\/wp-json\/wp\/v2\/comments?post=3789"}],"version-history":[{"count":0,"href":"https:\/\/www.margiotel.com\/en\/wp-json\/wp\/v2\/pages\/3789\/revisions"}],"wp:attachment":[{"href":"https:\/\/www.margiotel.com\/en\/wp-json\/wp\/v2\/media?parent=3789"}],"curies":[{"name":"wp","href":"https:\/\/api.w.org\/{rel}","templated":true}]}}