{"id":3723,"date":"2021-10-03T03:20:09","date_gmt":"2021-10-03T00:20:09","guid":{"rendered":"https:\/\/margiotel.com\/?page_id=3723"},"modified":"2021-10-16T04:28:30","modified_gmt":"2021-10-16T01:28:30","slug":"about-us","status":"publish","type":"page","link":"https:\/\/www.margiotel.com\/en\/about-us\/","title":{"rendered":"About Us"},"content":{"rendered":"<div class=\"wpb-content-wrapper\"><p>[vc_row full_width=&#8221;stretch_row&#8221; css=&#8221;.vc_custom_1531729276201{padding-bottom: 80px !important;}&#8221;][vc_column width=&#8221;1\/2&#8243;]\t\t\t<div\r\n\t\t\t\tclass=\"main_title  text-left  mt_wave\">\r\n\t\t\t\t<h2 class=\"title\">Margi Hotel<\/h2>\r\n\t\t\t\t\t\t\t\t\t<p class=\"main_description\">High level of comfort and services<\/p>\r\n\t\t\t\t\t\t\t<\/div>\r\n\t\t[vc_column_text]We announced our name as the largest open outlet shopping center in Thrace with the shopping sector that we stepped into in 2011. As Margi Hotel Edirne, we have been hosting our guests at the highest standards since 2013. In addition, we organize events such as weddings, meetings, congresses and proms by considering all the details so that the slightest problem does not arise.[\/vc_column_text][\/vc_column][vc_column width=&#8221;1\/2&#8243;]\t\t\t<div\r\n\t\t\t\tclass=\"main_title  text-center  mt_wave\">\r\n\t\t\t\t<h2 class=\"title\">Our Mission<\/h2>\r\n\t\t\t\t\t\t\t<\/div>\r\n\t\t[vc_column_text]We aim to serve you with our friendly staff by preserving our cultural heritage and history in the tourism sector in Edirne and to continue this by being among the best in our sector.[\/vc_column_text]\t\t\t<div\r\n\t\t\t\tclass=\"main_title  text-center  mt_wave\">\r\n\t\t\t\t<h2 class=\"title\">Our Vision<\/h2>\r\n\t\t\t\t\t\t\t<\/div>\r\n\t\t[vc_column_text]To be among the first preferred brands of Turkey with our quality and innovative service.[\/vc_column_text][\/vc_column][\/vc_row][vc_row][vc_column][vc_row_inner][vc_column_inner width=&#8221;1\/4&#8243;]\r\n          <div class=\"countup-item\">\r\n            <img decoding=\"async\" draggable=\"false\" src=\"https:\/\/www.margiotel.com\/wp-content\/uploads\/2018\/07\/restaurant-1.png\">\r\n            <span class=\"number\" data-count=\"160\">160<\/span>\r\n            <div class=\"text\">ROOMS<\/div>\r\n          <\/div>\r\n\r\n\r\n        [\/vc_column_inner][vc_column_inner width=&#8221;1\/4&#8243;]\r\n          <div class=\"countup-item\">\r\n            <img decoding=\"async\" draggable=\"false\" src=\"https:\/\/www.margiotel.com\/wp-content\/uploads\/2018\/07\/rooms-1.png\">\r\n            <span class=\"number\" data-count=\"6\">6<\/span>\r\n            <div class=\"text\">MEETING ROOMS<\/div>\r\n          <\/div>\r\n\r\n\r\n        [\/vc_column_inner][vc_column_inner width=&#8221;1\/4&#8243;]\r\n          <div class=\"countup-item\">\r\n            <img decoding=\"async\" draggable=\"false\" src=\"https:\/\/www.margiotel.com\/wp-content\/uploads\/2018\/07\/staff-1.png\">\r\n            <span class=\"number\" data-count=\"60\">60<\/span>\r\n            <div class=\"text\">EMPLOYEE<\/div>\r\n          <\/div>\r\n\r\n\r\n        [\/vc_column_inner][vc_column_inner width=&#8221;1\/4&#8243;]\r\n          <div class=\"countup-item\">\r\n            <img decoding=\"async\" draggable=\"false\" src=\"https:\/\/www.margiotel.com\/wp-content\/uploads\/2018\/07\/swimming-pool-2.png\">\r\n            <span class=\"number\" data-count=\"1\">1<\/span>\r\n            <div class=\"text\">SWIMMING POOL<\/div>\r\n          <\/div>\r\n\r\n\r\n        [\/vc_column_inner][\/vc_row_inner][vc_empty_space height=&#8221;50&#8243;]\t\t\t<div\r\n\t\t\t\tclass=\"main_title  text-left  mt_wave\">\r\n\t\t\t\t<h2 class=\"title\">OUR SERVICES<\/h2>\r\n\t\t\t\t\t\t\t\t\t<p class=\"main_description\">Our high standard services<\/p>\r\n\t\t\t\t\t\t\t<\/div>\r\n\t\t[vc_row_inner][vc_column_inner]           \r\n            <div class=\"row\">\r\n\t            <div class=\"image-gallery\">\r\n\r\n                   \r\n                    <!-- GALLERY ITEM -->\r\n                    <div class=\"col-lg-3 col-sm-6\">\r\n                      <figure class=\"gradient-overlay-hover icon-zoom-hover zoom-image-hover\">\r\n                                                <a href=\"https:\/\/www.margiotel.com\/wp-content\/uploads\/2019\/12\/havuz-1.jpg\">\r\n                          <img decoding=\"async\" src=\"https:\/\/www.margiotel.com\/wp-content\/uploads\/2019\/12\/havuz-1.jpg\" class=\"img-responsive\">\r\n                        <\/a>\r\n                                            <\/figure>\r\n                    <\/div>\r\n\r\n                    \r\n                    <!-- GALLERY ITEM -->\r\n                    <div class=\"col-lg-3 col-sm-6\">\r\n                      <figure class=\"gradient-overlay-hover icon-zoom-hover zoom-image-hover\">\r\n                                                <a href=\"https:\/\/www.margiotel.com\/wp-content\/uploads\/2019\/12\/restoran-masa-2.jpg\">\r\n                          <img decoding=\"async\" src=\"https:\/\/www.margiotel.com\/wp-content\/uploads\/2019\/12\/restoran-masa-2.jpg\" class=\"img-responsive\">\r\n                        <\/a>\r\n                                            <\/figure>\r\n                    <\/div>\r\n\r\n                    \r\n                    <!-- GALLERY ITEM -->\r\n                    <div class=\"col-lg-3 col-sm-6\">\r\n                      <figure class=\"gradient-overlay-hover icon-zoom-hover zoom-image-hover\">\r\n                                                <a href=\"https:\/\/www.margiotel.com\/wp-content\/uploads\/2019\/12\/balo-salonu.jpg\">\r\n                          <img decoding=\"async\" src=\"https:\/\/www.margiotel.com\/wp-content\/uploads\/2019\/12\/balo-salonu.jpg\" class=\"img-responsive\">\r\n                        <\/a>\r\n                                            <\/figure>\r\n                    <\/div>\r\n\r\n                    \r\n                    <!-- GALLERY ITEM -->\r\n                    <div class=\"col-lg-3 col-sm-6\">\r\n                      <figure class=\"gradient-overlay-hover icon-zoom-hover zoom-image-hover\">\r\n                                                <a href=\"https:\/\/www.margiotel.com\/wp-content\/uploads\/2019\/12\/masaj-1-e1577113344866.jpg\">\r\n                          <img decoding=\"async\" src=\"https:\/\/www.margiotel.com\/wp-content\/uploads\/2019\/12\/masaj-1-e1577113344866.jpg\" class=\"img-responsive\">\r\n                        <\/a>\r\n                                            <\/figure>\r\n                    <\/div>\r\n\r\n                    \r\n\t                \t            <\/div>\r\n            <\/div>\r\n\r\n        [vc_column_text]<\/p>\n<div id=\"icerik\">\n<table border=\"0\" width=\"95%\" cellpadding=\"0\">\n<tbody>\n<tr>\n<td valign=\"top\" width=\"49%\">\n<ul>\n<li>Wireless Internet<\/li>\n<li>Early Check-in<\/li>\n<li>Fast Check-in and Check-out<\/li>\n<li>Room Service (Paid)<\/li>\n<li>Dry Cleaning Service (Paid)<\/li>\n<li>Laundry Service (Paid)<\/li>\n<li>Male-Female Hairdresser (Paid)<\/li>\n<li>Message Service<\/li>\n<li>Wake Up Service<\/li>\n<\/ul>\n<\/td>\n<td valign=\"top\" width=\"49%\">\n<ul>\n<li>Baggage room<\/li>\n<li>Outdoor Parking<\/li>\n<li>Valet Service<\/li>\n<li>Currency Exchange<\/li>\n<li>Business Center<\/li>\n<li>Security Camera System<\/li>\n<li>Doctor and Nurse<\/li>\n<\/ul>\n<\/td>\n<\/tr>\n<\/tbody>\n<\/table>\n<p>&nbsp;<\/p>\n<\/div>\n<p>[\/vc_column_text][\/vc_column_inner][\/vc_row_inner][vc_empty_space height=&#8221;50&#8243;][\/vc_column][\/vc_row][vc_row][vc_column]\t\t\t<div\r\n\t\t\t\tclass=\"main_title  text-left  mt_wave\">\r\n\t\t\t\t<h2 class=\"title\">OUR AWARDS<\/h2>\r\n\t\t\t\t\t\t\t\t\t<p class=\"main_description\">The awards we received as a result of the evaluations of our guests<\/p>\r\n\t\t\t\t\t\t\t<\/div>\r\n\t\t[\/vc_column][\/vc_row][vc_row equal_height=&#8221;yes&#8221; content_placement=&#8221;middle&#8221;][vc_column][vc_gallery type=&#8221;image_grid&#8221; images=&#8221;3734,3733&#8243; img_size=&#8221;medium&#8221; css_animation=&#8221;zoomIn&#8221; css=&#8221;.vc_custom_1632491370286{padding-right: 10px !important;padding-left: 10px !important;}&#8221;][\/vc_column][\/vc_row]<\/p>\n<\/div>","protected":false},"excerpt":{"rendered":"<p>[vc_row full_width=&#8221;stretch_row&#8221; css=&#8221;.vc_custom_1531729276201{padding-bottom: 80px !important;}&#8221;][vc_column width=&#8221;1\/2&#8243;][vc_column_text]We announced our name as the largest open outlet shopping center in Thrace with the shopping sector that we stepped into in 2011. As Margi Hotel Edirne, we have been hosting our guests at the highest standards since 2013. In addition, we organize events such as weddings, meetings, congresses and [&hellip;]<\/p>\n","protected":false},"author":1,"featured_media":0,"parent":0,"menu_order":0,"comment_status":"closed","ping_status":"closed","template":"","meta":{"_joinchat":[],"footnotes":""},"class_list":["post-3723","page","type-page","status-publish","hentry"],"yoast_head":"<!-- This site is optimized with the Yoast SEO plugin v27.3 - https:\/\/yoast.com\/product\/yoast-seo-wordpress\/ -->\n<title>About Us - Margi Hotel, Edirne, Turkey | Book the Best Hotel in Edirne<\/title>\n<meta name=\"description\" content=\"About Us - Find More About Margi Hotel, Edirne, Turkey | Edirne&#039;nin en iyi otelinde en iyi fiyat ile rezervasyon yap\u0131n | Reserve easily in seconds\" \/>\n<meta name=\"robots\" content=\"index, follow, max-snippet:-1, max-image-preview:large, max-video-preview:-1\" \/>\n<link rel=\"canonical\" href=\"https:\/\/www.margiotel.com\/en\/about-us\/\" \/>\n<meta property=\"og:locale\" content=\"en_US\" \/>\n<meta property=\"og:type\" content=\"article\" \/>\n<meta property=\"og:title\" content=\"About Us - Margi Hotel, Edirne, Turkey | Book the Best Hotel in Edirne\" \/>\n<meta property=\"og:description\" content=\"About Us - Find More About Margi Hotel, Edirne, Turkey | Edirne&#039;nin en iyi otelinde en iyi fiyat ile rezervasyon yap\u0131n | Reserve easily in seconds\" \/>\n<meta property=\"og:url\" content=\"https:\/\/www.margiotel.com\/en\/about-us\/\" \/>\n<meta property=\"og:site_name\" content=\"Margi Hotel, Edirne, Turkey | Edirne&#039;nin en iyi otelinde en iyi fiyat ile rezervasyon yap\u0131n\" \/>\n<meta property=\"article:publisher\" content=\"https:\/\/www.facebook.com\/MargiHotel\/\" \/>\n<meta property=\"article:modified_time\" content=\"2021-10-16T01:28:30+00:00\" \/>\n<meta name=\"twitter:card\" content=\"summary_large_image\" \/>\n<meta name=\"twitter:label1\" content=\"Est. reading time\" \/>\n\t<meta name=\"twitter:data1\" content=\"3 minutes\" \/>\n<script type=\"application\/ld+json\" class=\"yoast-schema-graph\">{\"@context\":\"https:\\\/\\\/schema.org\",\"@graph\":[{\"@type\":\"WebPage\",\"@id\":\"https:\\\/\\\/www.margiotel.com\\\/en\\\/about-us\\\/\",\"url\":\"https:\\\/\\\/www.margiotel.com\\\/en\\\/about-us\\\/\",\"name\":\"About Us - Margi Hotel, Edirne, Turkey | Book the Best Hotel in Edirne\",\"isPartOf\":{\"@id\":\"https:\\\/\\\/www.margiotel.com\\\/en\\\/#website\"},\"datePublished\":\"2021-10-03T00:20:09+00:00\",\"dateModified\":\"2021-10-16T01:28:30+00:00\",\"description\":\"About Us - Find More About Margi Hotel, Edirne, Turkey | Edirne&#039;nin en iyi otelinde en iyi fiyat ile rezervasyon yap\u0131n | Reserve easily in seconds\",\"breadcrumb\":{\"@id\":\"https:\\\/\\\/www.margiotel.com\\\/en\\\/about-us\\\/#breadcrumb\"},\"inLanguage\":\"en-US\",\"potentialAction\":[{\"@type\":\"ReadAction\",\"target\":[\"https:\\\/\\\/www.margiotel.com\\\/en\\\/about-us\\\/\"]}]},{\"@type\":\"BreadcrumbList\",\"@id\":\"https:\\\/\\\/www.margiotel.com\\\/en\\\/about-us\\\/#breadcrumb\",\"itemListElement\":[{\"@type\":\"ListItem\",\"position\":1,\"name\":\"Anasayfa\",\"item\":\"https:\\\/\\\/www.margiotel.com\\\/en\\\/\"},{\"@type\":\"ListItem\",\"position\":2,\"name\":\"About Us\"}]},{\"@type\":\"WebSite\",\"@id\":\"https:\\\/\\\/www.margiotel.com\\\/en\\\/#website\",\"url\":\"https:\\\/\\\/www.margiotel.com\\\/en\\\/\",\"name\":\"Margi Hotel, Edirne, Turkey | Edirne&#039;nin en iyi otelinde en iyi fiyat ile rezervasyon yap\u0131n\",\"description\":\"Edirne&#039;nin \u0130lk ve Tek 5 Y\u0131ld\u0131zl\u0131 Hoteli\",\"publisher\":{\"@id\":\"https:\\\/\\\/www.margiotel.com\\\/en\\\/#organization\"},\"potentialAction\":[{\"@type\":\"SearchAction\",\"target\":{\"@type\":\"EntryPoint\",\"urlTemplate\":\"https:\\\/\\\/www.margiotel.com\\\/en\\\/?s={search_term_string}\"},\"query-input\":{\"@type\":\"PropertyValueSpecification\",\"valueRequired\":true,\"valueName\":\"search_term_string\"}}],\"inLanguage\":\"en-US\"},{\"@type\":\"Organization\",\"@id\":\"https:\\\/\\\/www.margiotel.com\\\/en\\\/#organization\",\"name\":\"Margi Hotel Edirne\",\"url\":\"https:\\\/\\\/www.margiotel.com\\\/en\\\/\",\"logo\":{\"@type\":\"ImageObject\",\"inLanguage\":\"en-US\",\"@id\":\"https:\\\/\\\/www.margiotel.com\\\/en\\\/#\\\/schema\\\/logo\\\/image\\\/\",\"url\":\"https:\\\/\\\/www.margiotel.com\\\/wp-content\\\/uploads\\\/2021\\\/09\\\/margi-logo-yildizli-2-1.png\",\"contentUrl\":\"https:\\\/\\\/www.margiotel.com\\\/wp-content\\\/uploads\\\/2021\\\/09\\\/margi-logo-yildizli-2-1.png\",\"width\":266,\"height\":149,\"caption\":\"Margi Hotel Edirne\"},\"image\":{\"@id\":\"https:\\\/\\\/www.margiotel.com\\\/en\\\/#\\\/schema\\\/logo\\\/image\\\/\"},\"sameAs\":[\"https:\\\/\\\/www.facebook.com\\\/MargiHotel\\\/\",\"https:\\\/\\\/www.instagram.com\\\/margihotel\\\/\"]}]}<\/script>\n<!-- \/ Yoast SEO plugin. -->","yoast_head_json":{"title":"About Us - Margi Hotel, Edirne, Turkey | Book the Best Hotel in Edirne","description":"About Us - Find More About Margi Hotel, Edirne, Turkey | Edirne&#039;nin en iyi otelinde en iyi fiyat ile rezervasyon yap\u0131n | Reserve easily in seconds","robots":{"index":"index","follow":"follow","max-snippet":"max-snippet:-1","max-image-preview":"max-image-preview:large","max-video-preview":"max-video-preview:-1"},"canonical":"https:\/\/www.margiotel.com\/en\/about-us\/","og_locale":"en_US","og_type":"article","og_title":"About Us - Margi Hotel, Edirne, Turkey | Book the Best Hotel in Edirne","og_description":"About Us - Find More About Margi Hotel, Edirne, Turkey | Edirne&#039;nin en iyi otelinde en iyi fiyat ile rezervasyon yap\u0131n | Reserve easily in seconds","og_url":"https:\/\/www.margiotel.com\/en\/about-us\/","og_site_name":"Margi Hotel, Edirne, Turkey | Edirne&#039;nin en iyi otelinde en iyi fiyat ile rezervasyon yap\u0131n","article_publisher":"https:\/\/www.facebook.com\/MargiHotel\/","article_modified_time":"2021-10-16T01:28:30+00:00","twitter_card":"summary_large_image","twitter_misc":{"Est. reading time":"3 minutes"},"schema":{"@context":"https:\/\/schema.org","@graph":[{"@type":"WebPage","@id":"https:\/\/www.margiotel.com\/en\/about-us\/","url":"https:\/\/www.margiotel.com\/en\/about-us\/","name":"About Us - Margi Hotel, Edirne, Turkey | Book the Best Hotel in Edirne","isPartOf":{"@id":"https:\/\/www.margiotel.com\/en\/#website"},"datePublished":"2021-10-03T00:20:09+00:00","dateModified":"2021-10-16T01:28:30+00:00","description":"About Us - Find More About Margi Hotel, Edirne, Turkey | Edirne&#039;nin en iyi otelinde en iyi fiyat ile rezervasyon yap\u0131n | Reserve easily in seconds","breadcrumb":{"@id":"https:\/\/www.margiotel.com\/en\/about-us\/#breadcrumb"},"inLanguage":"en-US","potentialAction":[{"@type":"ReadAction","target":["https:\/\/www.margiotel.com\/en\/about-us\/"]}]},{"@type":"BreadcrumbList","@id":"https:\/\/www.margiotel.com\/en\/about-us\/#breadcrumb","itemListElement":[{"@type":"ListItem","position":1,"name":"Anasayfa","item":"https:\/\/www.margiotel.com\/en\/"},{"@type":"ListItem","position":2,"name":"About Us"}]},{"@type":"WebSite","@id":"https:\/\/www.margiotel.com\/en\/#website","url":"https:\/\/www.margiotel.com\/en\/","name":"Margi Hotel, Edirne, Turkey | Edirne&#039;nin en iyi otelinde en iyi fiyat ile rezervasyon yap\u0131n","description":"Edirne&#039;nin \u0130lk ve Tek 5 Y\u0131ld\u0131zl\u0131 Hoteli","publisher":{"@id":"https:\/\/www.margiotel.com\/en\/#organization"},"potentialAction":[{"@type":"SearchAction","target":{"@type":"EntryPoint","urlTemplate":"https:\/\/www.margiotel.com\/en\/?s={search_term_string}"},"query-input":{"@type":"PropertyValueSpecification","valueRequired":true,"valueName":"search_term_string"}}],"inLanguage":"en-US"},{"@type":"Organization","@id":"https:\/\/www.margiotel.com\/en\/#organization","name":"Margi Hotel Edirne","url":"https:\/\/www.margiotel.com\/en\/","logo":{"@type":"ImageObject","inLanguage":"en-US","@id":"https:\/\/www.margiotel.com\/en\/#\/schema\/logo\/image\/","url":"https:\/\/www.margiotel.com\/wp-content\/uploads\/2021\/09\/margi-logo-yildizli-2-1.png","contentUrl":"https:\/\/www.margiotel.com\/wp-content\/uploads\/2021\/09\/margi-logo-yildizli-2-1.png","width":266,"height":149,"caption":"Margi Hotel Edirne"},"image":{"@id":"https:\/\/www.margiotel.com\/en\/#\/schema\/logo\/image\/"},"sameAs":["https:\/\/www.facebook.com\/MargiHotel\/","https:\/\/www.instagram.com\/margihotel\/"]}]}},"_links":{"self":[{"href":"https:\/\/www.margiotel.com\/en\/wp-json\/wp\/v2\/pages\/3723","targetHints":{"allow":["GET"]}}],"collection":[{"href":"https:\/\/www.margiotel.com\/en\/wp-json\/wp\/v2\/pages"}],"about":[{"href":"https:\/\/www.margiotel.com\/en\/wp-json\/wp\/v2\/types\/page"}],"author":[{"embeddable":true,"href":"https:\/\/www.margiotel.com\/en\/wp-json\/wp\/v2\/users\/1"}],"replies":[{"embeddable":true,"href":"https:\/\/www.margiotel.com\/en\/wp-json\/wp\/v2\/comments?post=3723"}],"version-history":[{"count":0,"href":"https:\/\/www.margiotel.com\/en\/wp-json\/wp\/v2\/pages\/3723\/revisions"}],"wp:attachment":[{"href":"https:\/\/www.margiotel.com\/en\/wp-json\/wp\/v2\/media?parent=3723"}],"curies":[{"name":"wp","href":"https:\/\/api.w.org\/{rel}","templated":true}]}}