{"id":6516,"date":"2023-10-12T01:53:06","date_gmt":"2023-10-11T22:53:06","guid":{"rendered":"https:\/\/www.margiotel.com\/my-account\/"},"modified":"2023-10-12T04:00:28","modified_gmt":"2023-10-12T01:00:28","slug":"%d0%bc%d0%be%d1%8f%d1%82%d0%b0-%d1%81%d0%bc%d0%b5%d1%82%d0%ba%d0%b0","status":"publish","type":"page","link":"https:\/\/www.margiotel.com\/bg\/%d0%bc%d0%be%d1%8f%d1%82%d0%b0-%d1%81%d0%bc%d0%b5%d1%82%d0%ba%d0%b0\/","title":{"rendered":"\u041c\u043e\u044f\u0442 \u0430\u043a\u0430\u0443\u043d\u0442"},"content":{"rendered":"<p>[woocommerce_my_account]<\/p>\n","protected":false},"excerpt":{"rendered":"[woocommerce_my_account]","protected":false},"author":1,"featured_media":0,"parent":0,"menu_order":0,"comment_status":"closed","ping_status":"closed","template":"","meta":{"_joinchat":[],"footnotes":""},"class_list":["post-6516","page","type-page","status-publish","hentry"],"yoast_head":"<!-- This site is optimized with the Yoast SEO plugin v27.3 - https:\/\/yoast.com\/product\/yoast-seo-wordpress\/ -->\n<title>\u041c\u043e\u044f\u0442 \u0430\u043a\u0430\u0443\u043d\u0442 - Margi Hotel, Edirne, Turkey | Edirnede En iyi otel en iyi fiyatl\u0131 rezervasyon<\/title>\n<meta name=\"robots\" content=\"index, follow, max-snippet:-1, max-image-preview:large, max-video-preview:-1\" \/>\n<link rel=\"canonical\" href=\"https:\/\/www.margiotel.com\/bg\/%d0%bc%d0%be%d1%8f%d1%82%d0%b0-%d1%81%d0%bc%d0%b5%d1%82%d0%ba%d0%b0\/\" \/>\n<meta property=\"og:locale\" content=\"bg_BG\" \/>\n<meta property=\"og:type\" content=\"article\" \/>\n<meta property=\"og:title\" content=\"\u041c\u043e\u044f\u0442 \u0430\u043a\u0430\u0443\u043d\u0442 - Margi Hotel, Edirne, Turkey | Edirnede En iyi otel en iyi fiyatl\u0131 rezervasyon\" \/>\n<meta property=\"og:url\" content=\"https:\/\/www.margiotel.com\/bg\/%d0%bc%d0%be%d1%8f%d1%82%d0%b0-%d1%81%d0%bc%d0%b5%d1%82%d0%ba%d0%b0\/\" \/>\n<meta property=\"og:site_name\" content=\"Margi Hotel, Edirne, Turkey | Edirnede En iyi otel en iyi fiyatl\u0131 rezervasyon\" \/>\n<meta property=\"article:publisher\" content=\"https:\/\/www.facebook.com\/MargiHotel\/\" \/>\n<meta property=\"article:modified_time\" content=\"2023-10-12T01:00:28+00:00\" \/>\n<meta name=\"twitter:card\" content=\"summary_large_image\" \/>\n<script type=\"application\/ld+json\" class=\"yoast-schema-graph\">{\"@context\":\"https:\\\/\\\/schema.org\",\"@graph\":[{\"@type\":\"WebPage\",\"@id\":\"https:\\\/\\\/www.margiotel.com\\\/bg\\\/%d0%bc%d0%be%d1%8f%d1%82%d0%b0-%d1%81%d0%bc%d0%b5%d1%82%d0%ba%d0%b0\\\/\",\"url\":\"https:\\\/\\\/www.margiotel.com\\\/bg\\\/%d0%bc%d0%be%d1%8f%d1%82%d0%b0-%d1%81%d0%bc%d0%b5%d1%82%d0%ba%d0%b0\\\/\",\"name\":\"\u041c\u043e\u044f\u0442 \u0430\u043a\u0430\u0443\u043d\u0442 - Margi Hotel, Edirne, Turkey | Edirnede En iyi otel en iyi fiyatl\u0131 rezervasyon\",\"isPartOf\":{\"@id\":\"https:\\\/\\\/www.margiotel.com\\\/bg\\\/#website\"},\"datePublished\":\"2023-10-11T22:53:06+00:00\",\"dateModified\":\"2023-10-12T01:00:28+00:00\",\"breadcrumb\":{\"@id\":\"https:\\\/\\\/www.margiotel.com\\\/bg\\\/%d0%bc%d0%be%d1%8f%d1%82%d0%b0-%d1%81%d0%bc%d0%b5%d1%82%d0%ba%d0%b0\\\/#breadcrumb\"},\"inLanguage\":\"bg-BG\",\"potentialAction\":[{\"@type\":\"ReadAction\",\"target\":[\"https:\\\/\\\/www.margiotel.com\\\/bg\\\/%d0%bc%d0%be%d1%8f%d1%82%d0%b0-%d1%81%d0%bc%d0%b5%d1%82%d0%ba%d0%b0\\\/\"]}]},{\"@type\":\"BreadcrumbList\",\"@id\":\"https:\\\/\\\/www.margiotel.com\\\/bg\\\/%d0%bc%d0%be%d1%8f%d1%82%d0%b0-%d1%81%d0%bc%d0%b5%d1%82%d0%ba%d0%b0\\\/#breadcrumb\",\"itemListElement\":[{\"@type\":\"ListItem\",\"position\":1,\"name\":\"Anasayfa\",\"item\":\"https:\\\/\\\/www.margiotel.com\\\/bg\\\/\"},{\"@type\":\"ListItem\",\"position\":2,\"name\":\"\u041c\u043e\u044f\u0442 \u0430\u043a\u0430\u0443\u043d\u0442\"}]},{\"@type\":\"WebSite\",\"@id\":\"https:\\\/\\\/www.margiotel.com\\\/bg\\\/#website\",\"url\":\"https:\\\/\\\/www.margiotel.com\\\/bg\\\/\",\"name\":\"Margi Hotel, Edirne, Turkey | Edirnede En iyi otel en iyi fiyatl\u0131 rezervasyon\",\"description\":\"Edirne&#039;nin \u0130lk ve Tek 5 Y\u0131ld\u0131zl\u0131 Hoteli\",\"publisher\":{\"@id\":\"https:\\\/\\\/www.margiotel.com\\\/bg\\\/#organization\"},\"potentialAction\":[{\"@type\":\"SearchAction\",\"target\":{\"@type\":\"EntryPoint\",\"urlTemplate\":\"https:\\\/\\\/www.margiotel.com\\\/bg\\\/?s={search_term_string}\"},\"query-input\":{\"@type\":\"PropertyValueSpecification\",\"valueRequired\":true,\"valueName\":\"search_term_string\"}}],\"inLanguage\":\"bg-BG\"},{\"@type\":\"Organization\",\"@id\":\"https:\\\/\\\/www.margiotel.com\\\/bg\\\/#organization\",\"name\":\"Margi Hotel Edirne\",\"url\":\"https:\\\/\\\/www.margiotel.com\\\/bg\\\/\",\"logo\":{\"@type\":\"ImageObject\",\"inLanguage\":\"bg-BG\",\"@id\":\"https:\\\/\\\/www.margiotel.com\\\/bg\\\/#\\\/schema\\\/logo\\\/image\\\/\",\"url\":\"https:\\\/\\\/www.margiotel.com\\\/wp-content\\\/uploads\\\/2021\\\/09\\\/margi-logo-yildizli-2-1.png\",\"contentUrl\":\"https:\\\/\\\/www.margiotel.com\\\/wp-content\\\/uploads\\\/2021\\\/09\\\/margi-logo-yildizli-2-1.png\",\"width\":266,\"height\":149,\"caption\":\"Margi Hotel Edirne\"},\"image\":{\"@id\":\"https:\\\/\\\/www.margiotel.com\\\/bg\\\/#\\\/schema\\\/logo\\\/image\\\/\"},\"sameAs\":[\"https:\\\/\\\/www.facebook.com\\\/MargiHotel\\\/\",\"https:\\\/\\\/www.instagram.com\\\/margihotel\\\/\"]}]}<\/script>\n<!-- \/ Yoast SEO plugin. -->","yoast_head_json":{"title":"\u041c\u043e\u044f\u0442 \u0430\u043a\u0430\u0443\u043d\u0442 - Margi Hotel, Edirne, Turkey | Edirnede En iyi otel en iyi fiyatl\u0131 rezervasyon","robots":{"index":"index","follow":"follow","max-snippet":"max-snippet:-1","max-image-preview":"max-image-preview:large","max-video-preview":"max-video-preview:-1"},"canonical":"https:\/\/www.margiotel.com\/bg\/%d0%bc%d0%be%d1%8f%d1%82%d0%b0-%d1%81%d0%bc%d0%b5%d1%82%d0%ba%d0%b0\/","og_locale":"bg_BG","og_type":"article","og_title":"\u041c\u043e\u044f\u0442 \u0430\u043a\u0430\u0443\u043d\u0442 - Margi Hotel, Edirne, Turkey | Edirnede En iyi otel en iyi fiyatl\u0131 rezervasyon","og_url":"https:\/\/www.margiotel.com\/bg\/%d0%bc%d0%be%d1%8f%d1%82%d0%b0-%d1%81%d0%bc%d0%b5%d1%82%d0%ba%d0%b0\/","og_site_name":"Margi Hotel, Edirne, Turkey | Edirnede En iyi otel en iyi fiyatl\u0131 rezervasyon","article_publisher":"https:\/\/www.facebook.com\/MargiHotel\/","article_modified_time":"2023-10-12T01:00:28+00:00","twitter_card":"summary_large_image","schema":{"@context":"https:\/\/schema.org","@graph":[{"@type":"WebPage","@id":"https:\/\/www.margiotel.com\/bg\/%d0%bc%d0%be%d1%8f%d1%82%d0%b0-%d1%81%d0%bc%d0%b5%d1%82%d0%ba%d0%b0\/","url":"https:\/\/www.margiotel.com\/bg\/%d0%bc%d0%be%d1%8f%d1%82%d0%b0-%d1%81%d0%bc%d0%b5%d1%82%d0%ba%d0%b0\/","name":"\u041c\u043e\u044f\u0442 \u0430\u043a\u0430\u0443\u043d\u0442 - Margi Hotel, Edirne, Turkey | Edirnede En iyi otel en iyi fiyatl\u0131 rezervasyon","isPartOf":{"@id":"https:\/\/www.margiotel.com\/bg\/#website"},"datePublished":"2023-10-11T22:53:06+00:00","dateModified":"2023-10-12T01:00:28+00:00","breadcrumb":{"@id":"https:\/\/www.margiotel.com\/bg\/%d0%bc%d0%be%d1%8f%d1%82%d0%b0-%d1%81%d0%bc%d0%b5%d1%82%d0%ba%d0%b0\/#breadcrumb"},"inLanguage":"bg-BG","potentialAction":[{"@type":"ReadAction","target":["https:\/\/www.margiotel.com\/bg\/%d0%bc%d0%be%d1%8f%d1%82%d0%b0-%d1%81%d0%bc%d0%b5%d1%82%d0%ba%d0%b0\/"]}]},{"@type":"BreadcrumbList","@id":"https:\/\/www.margiotel.com\/bg\/%d0%bc%d0%be%d1%8f%d1%82%d0%b0-%d1%81%d0%bc%d0%b5%d1%82%d0%ba%d0%b0\/#breadcrumb","itemListElement":[{"@type":"ListItem","position":1,"name":"Anasayfa","item":"https:\/\/www.margiotel.com\/bg\/"},{"@type":"ListItem","position":2,"name":"\u041c\u043e\u044f\u0442 \u0430\u043a\u0430\u0443\u043d\u0442"}]},{"@type":"WebSite","@id":"https:\/\/www.margiotel.com\/bg\/#website","url":"https:\/\/www.margiotel.com\/bg\/","name":"Margi Hotel, Edirne, Turkey | Edirnede En iyi otel en iyi fiyatl\u0131 rezervasyon","description":"Edirne&#039;nin \u0130lk ve Tek 5 Y\u0131ld\u0131zl\u0131 Hoteli","publisher":{"@id":"https:\/\/www.margiotel.com\/bg\/#organization"},"potentialAction":[{"@type":"SearchAction","target":{"@type":"EntryPoint","urlTemplate":"https:\/\/www.margiotel.com\/bg\/?s={search_term_string}"},"query-input":{"@type":"PropertyValueSpecification","valueRequired":true,"valueName":"search_term_string"}}],"inLanguage":"bg-BG"},{"@type":"Organization","@id":"https:\/\/www.margiotel.com\/bg\/#organization","name":"Margi Hotel Edirne","url":"https:\/\/www.margiotel.com\/bg\/","logo":{"@type":"ImageObject","inLanguage":"bg-BG","@id":"https:\/\/www.margiotel.com\/bg\/#\/schema\/logo\/image\/","url":"https:\/\/www.margiotel.com\/wp-content\/uploads\/2021\/09\/margi-logo-yildizli-2-1.png","contentUrl":"https:\/\/www.margiotel.com\/wp-content\/uploads\/2021\/09\/margi-logo-yildizli-2-1.png","width":266,"height":149,"caption":"Margi Hotel Edirne"},"image":{"@id":"https:\/\/www.margiotel.com\/bg\/#\/schema\/logo\/image\/"},"sameAs":["https:\/\/www.facebook.com\/MargiHotel\/","https:\/\/www.instagram.com\/margihotel\/"]}]}},"_links":{"self":[{"href":"https:\/\/www.margiotel.com\/bg\/wp-json\/wp\/v2\/pages\/6516","targetHints":{"allow":["GET"]}}],"collection":[{"href":"https:\/\/www.margiotel.com\/bg\/wp-json\/wp\/v2\/pages"}],"about":[{"href":"https:\/\/www.margiotel.com\/bg\/wp-json\/wp\/v2\/types\/page"}],"author":[{"embeddable":true,"href":"https:\/\/www.margiotel.com\/bg\/wp-json\/wp\/v2\/users\/1"}],"replies":[{"embeddable":true,"href":"https:\/\/www.margiotel.com\/bg\/wp-json\/wp\/v2\/comments?post=6516"}],"version-history":[{"count":3,"href":"https:\/\/www.margiotel.com\/bg\/wp-json\/wp\/v2\/pages\/6516\/revisions"}],"predecessor-version":[{"id":6534,"href":"https:\/\/www.margiotel.com\/bg\/wp-json\/wp\/v2\/pages\/6516\/revisions\/6534"}],"wp:attachment":[{"href":"https:\/\/www.margiotel.com\/bg\/wp-json\/wp\/v2\/media?parent=6516"}],"curies":[{"name":"wp","href":"https:\/\/api.w.org\/{rel}","templated":true}]}}