{"id":5054,"date":"2021-01-05T00:38:19","date_gmt":"2021-01-04T21:38:19","guid":{"rendered":"https:\/\/margiotel.com\/?page_id=5054"},"modified":"2023-10-09T17:33:30","modified_gmt":"2023-10-09T14:33:30","slug":"%d0%bf%d1%80%d0%b0%d0%b2%d0%b8%d0%bb%d0%b0-%d0%b8-%d1%83%d1%81%d0%bb%d0%be%d0%b2%d0%b8%d1%8f","status":"publish","type":"page","link":"https:\/\/www.margiotel.com\/bg\/%d0%bf%d1%80%d0%b0%d0%b2%d0%b8%d0%bb%d0%b0-%d0%b8-%d1%83%d1%81%d0%bb%d0%be%d0%b2%d0%b8%d1%8f\/","title":{"rendered":"\u041f\u0440\u0430\u0432\u0438\u043b\u0430 \u0438 \u0443\u0441\u043b\u043e\u0432\u0438\u044f"},"content":{"rendered":"<p>\u0426\u0435\u043d\u0438\u0442\u0435 \u0437\u0430 \u043d\u043e\u0449\u0443\u0432\u043a\u0438, \u0438\u0437\u043f\u0438\u0441\u0430\u043d\u0438 \u043d\u0430 \u043d\u0430\u0448\u0438\u044f \u0443\u0435\u0431\u0441\u0430\u0439\u0442, \u0441\u0430 \u0437\u0430 \u0435\u0434\u0438\u043d\u0438\u0447\u043d\u0438 \u0441\u0442\u0430\u0438, \u0432\u043a\u043b\u044e\u0447\u0438\u0442\u0435\u043b\u043d\u043e \u0437\u0430\u043a\u0443\u0441\u043a\u0430. \u041e\u0431\u0449\u0430\u0442\u0430 \u0446\u0435\u043d\u0430, \u0437\u0430\u043f\u0438\u0441\u0430\u043d\u0430 \u0432 \u043f\u043e\u0441\u043b\u0435\u0434\u043d\u0430\u0442\u0430 \u0441\u0442\u044a\u043f\u043a\u0430, \u0435 \u0442\u0430\u043a\u0441\u0430\u0442\u0430, \u043a\u043e\u044f\u0442\u043e \u0438\u0437\u0438\u0441\u043a\u0432\u0430\u043c\u0435 \u043e\u0442 \u0432\u0430\u0441. \u0422\u0430\u043a\u0441\u0430\u0442\u0430, \u043a\u043e\u044f\u0442\u043e \u0442\u0440\u044f\u0431\u0432\u0430 \u0434\u0430 \u0437\u0430\u043f\u043b\u0430\u0442\u0438\u0442\u0435, \u0441\u0435 \u0438\u0437\u043f\u0440\u0430\u0449\u0430 \u043d\u0430 \u0432\u0430\u0441 \u0438 \u043d\u0430\u0448\u0438\u044f \u0445\u043e\u0442\u0435\u043b\u0441\u043a\u0438 \u043f\u0435\u0440\u0441\u043e\u043d\u0430\u043b \u043d\u0430 \u043f\u043e\u0441\u043b\u0435\u0434\u043d\u0430\u0442\u0430 \u0441\u0442\u0440\u0430\u043d\u0438\u0446\u0430.<br \/>\n\u041c\u043e\u0436\u0435 \u0434\u0430 \u0441\u0435 \u0441\u0432\u044a\u0440\u0436\u0435\u043c \u0441 \u0432\u0430\u0441 \u043e\u0442\u043d\u043e\u0441\u043d\u043e \u0432\u0430\u0448\u0430\u0442\u0430 \u0440\u0435\u0437\u0435\u0440\u0432\u0430\u0446\u0438\u044f, \u043d\u0430\u043f\u0440\u0430\u0432\u0435\u043d\u0430 \u043d\u0430 \u0443\u0435\u0431\u0441\u0430\u0439\u0442\u0430 \u043d\u0430 \u0445\u043e\u0442\u0435\u043b \u041c\u0430\u0440\u0433\u0438. \u0410\u043a\u043e \u043d\u0435 \u043c\u043e\u0436\u0435\u0442\u0435 \u0434\u0430 \u0431\u044a\u0434\u0435\u0442\u0435 \u0434\u043e\u0441\u0442\u0438\u0433\u043d\u0430\u0442\u0438 \u043f\u043e \u0440\u0430\u0437\u043b\u0438\u0447\u043d\u0438 \u043f\u0440\u0438\u0447\u0438\u043d\u0438, \u0441\u0442\u0430\u044f\u0442\u0430 \u0432\u0438 \u0449\u0435 \u043f\u0440\u043e\u0434\u044a\u043b\u0436\u0438 \u0434\u0430 \u0441\u0435 \u043f\u0430\u0437\u0438 \u0432 \u0441\u043b\u0443\u0447\u0430\u0438\u0442\u0435, \u043a\u043e\u0433\u0430\u0442\u043e \u043d\u044f\u043c\u0430 \u0437\u0430\u0434\u0440\u044a\u0441\u0442\u0432\u0430\u043d\u0438\u044f. \u0410\u043a\u043e \u0434\u0430\u0442\u0430\u0442\u0430 \u043d\u0430 \u0440\u0435\u0437\u0435\u0440\u0432\u0430\u0446\u0438\u044f\u0442\u0430 \u043d\u0430\u0431\u043b\u0438\u0436\u0430\u0432\u0430, \u043d\u043e \u043d\u0435 \u043c\u043e\u0436\u0435 \u0434\u0430 \u0441\u0435 \u043e\u0441\u044a\u0449\u0435\u0441\u0442\u0432\u0438 \u043a\u043e\u043c\u0443\u043d\u0438\u043a\u0430\u0446\u0438\u044f, \u0432\u0430\u0448\u0430\u0442\u0430 \u0440\u0435\u0437\u0435\u0440\u0432\u0430\u0446\u0438\u044f \u0449\u0435 \u0431\u044a\u0434\u0435 \u0430\u043d\u0443\u043b\u0438\u0440\u0430\u043d\u0430.<br \/>\n\u041c\u043e\u0436\u0435 \u0434\u0430 \u0431\u044a\u0434\u0435 \u043f\u043e\u0438\u0441\u043a\u0430\u043d\u043e \u043f\u0440\u0435\u0434\u043f\u043b\u0430\u0449\u0430\u043d\u0435 \u043e\u0442 \u0432\u0430\u0441, \u0441\u043b\u0435\u0434 \u043a\u0430\u0442\u043e \u043d\u0430\u043f\u0440\u0430\u0432\u0438\u0442\u0435 \u0440\u0435\u0437\u0435\u0440\u0432\u0430\u0446\u0438\u044f \u043d\u0430 \u043d\u0430\u0448\u0438\u044f \u0441\u0430\u0439\u0442. \u041c\u043e\u0436\u0435\u0442\u0435 \u0434\u0430 \u043f\u043e\u043b\u0443\u0447\u0438\u0442\u0435 \u0432\u044a\u0437\u0441\u0442\u0430\u043d\u043e\u0432\u044f\u0432\u0430\u043d\u0435 \u043d\u0430 \u0441\u0443\u043c\u0430\u0442\u0430, \u0430\u043a\u043e \u0430\u043d\u0443\u043b\u0438\u0440\u0430\u0442\u0435 \u0440\u0435\u0437\u0435\u0440\u0432\u0430\u0446\u0438\u044f\u0442\u0430 \u0441\u0438 48 \u0447\u0430\u0441\u0430 \u043f\u043e-\u0440\u0430\u043d\u043e \u043e\u0442 \u0432\u0440\u0435\u043c\u0435\u0442\u043e \u0437\u0430 \u043d\u0430\u0441\u0442\u0430\u043d\u044f\u0432\u0430\u043d\u0435.<br \/>\n\u0429\u0435 \u0441\u0435 \u0441\u0432\u044a\u0440\u0436\u0435\u043c \u0441 \u0432\u0430\u0441 \u043e\u0442\u043d\u043e\u0441\u043d\u043e \u0440\u0435\u0437\u0435\u0440\u0432\u0430\u0446\u0438\u0438, \u043a\u043e\u0438\u0442\u043e \u0441\u0435 \u0441\u0447\u0438\u0442\u0430\u0442 \u0437\u0430 \u043d\u0435\u043f\u043e\u0434\u0445\u043e\u0434\u044f\u0449\u0438 \u0438 \u043d\u0435\u043f\u0440\u0430\u0432\u0438\u043b\u043d\u0438, \u0438 \u0440\u0435\u0437\u0435\u0440\u0432\u0430\u0446\u0438\u044f\u0442\u0430 \u0432\u0438 \u043c\u043e\u0436\u0435 \u0434\u0430 \u0431\u044a\u0434\u0435 \u0430\u043d\u0443\u043b\u0438\u0440\u0430\u043d\u0430 \u0432 \u0441\u043b\u0443\u0447\u0430\u0439 \u043d\u0430 \u043d\u0435\u0432\u044a\u0437\u043c\u043e\u0436\u043d\u043e\u0441\u0442 \u0437\u0430 \u043a\u043e\u043c\u0443\u043d\u0438\u043a\u0430\u0446\u0438\u044f.<br \/>\n\u0412\u0430\u0448\u0438\u0442\u0435 \u043b\u0438\u0447\u043d\u0438 \u0434\u0430\u043d\u043d\u0438, \u043a\u043e\u0438\u0442\u043e \u0441\u0442\u0435 \u043f\u0440\u0435\u0434\u043e\u0441\u0442\u0430\u0432\u0438\u043b\u0438, \u0437\u0430 \u0434\u0430 \u043d\u0430\u043f\u0440\u0430\u0432\u0438\u0442\u0435 \u0441\u0432\u043e\u044f\u0442\u0430 \u0440\u0435\u0437\u0435\u0440\u0432\u0430\u0446\u0438\u044f, \u0441\u0430 \u0437\u0430\u0449\u0438\u0442\u0435\u043d\u0438 \u0441\u044a\u0433\u043b\u0430\u0441\u043d\u043e \u0437\u0430\u043a\u043e\u043d\u0430 KVKK. \u041a\u043e\u0433\u0430\u0442\u043e \u043d\u0430\u043f\u0440\u0430\u0432\u0438\u0442\u0435 \u0440\u0435\u0437\u0435\u0440\u0432\u0430\u0446\u0438\u044f \u043d\u0430 \u043d\u0430\u0448\u0438\u044f \u0441\u0430\u0439\u0442, \u0441\u0435 \u0441\u0447\u0438\u0442\u0430, \u0447\u0435 \u0441\u0442\u0435 \u043f\u0440\u043e\u0447\u0435\u043b\u0438, \u0440\u0430\u0437\u0431\u0440\u0430\u043b\u0438 \u0438 \u043f\u0440\u0438\u0435\u043b\u0438 \u0441\u0432\u0435\u0442\u043b\u0438\u043d\u043d\u0438\u044f \u0442\u0435\u043a\u0441\u0442, \u043a\u043e\u0439\u0442\u043e \u0441\u043c\u0435 \u043f\u043e\u0434\u0433\u043e\u0442\u0432\u0438\u043b\u0438 \u0432 \u0441\u044a\u043e\u0442\u0432\u0435\u0442\u0441\u0442\u0432\u0438\u0435 \u0441 KVKK. \u041c\u043e\u0436\u0435\u0442\u0435 \u0434\u0430 \u043f\u043e\u043b\u0443\u0447\u0438\u0442\u0435 \u0434\u043e\u0441\u0442\u044a\u043f \u0434\u043e \u043f\u043e\u0434\u0440\u043e\u0431\u043d\u0430 \u0438\u043d\u0444\u043e\u0440\u043c\u0430\u0446\u0438\u044f \u0437\u0430 <a href=\"https:\/\/www.margiotel.com\/bg\/kvkk\/\">KVKK, \u043a\u0430\u0442\u043e \u0449\u0440\u0430\u043a\u043d\u0435\u0442\u0435 \u0442\u0443\u043a.<\/a><\/p>\n","protected":false},"excerpt":{"rendered":"<p>\u0426\u0435\u043d\u0438\u0442\u0435 \u0437\u0430 \u043d\u043e\u0449\u0443\u0432\u043a\u0438, \u0438\u0437\u043f\u0438\u0441\u0430\u043d\u0438 \u043d\u0430 \u043d\u0430\u0448\u0438\u044f \u0443\u0435\u0431\u0441\u0430\u0439\u0442, \u0441\u0430 \u0437\u0430 \u0435\u0434\u0438\u043d\u0438\u0447\u043d\u0438 \u0441\u0442\u0430\u0438, \u0432\u043a\u043b\u044e\u0447\u0438\u0442\u0435\u043b\u043d\u043e \u0437\u0430\u043a\u0443\u0441\u043a\u0430. \u041e\u0431\u0449\u0430\u0442\u0430 \u0446\u0435\u043d\u0430, \u0437\u0430\u043f\u0438\u0441\u0430\u043d\u0430 \u0432 \u043f\u043e\u0441\u043b\u0435\u0434\u043d\u0430\u0442\u0430 \u0441\u0442\u044a\u043f\u043a\u0430, \u0435 \u0442\u0430\u043a\u0441\u0430\u0442\u0430, \u043a\u043e\u044f\u0442\u043e \u0438\u0437\u0438\u0441\u043a\u0432\u0430\u043c\u0435 \u043e\u0442 \u0432\u0430\u0441. \u0422\u0430\u043a\u0441\u0430\u0442\u0430, \u043a\u043e\u044f\u0442\u043e \u0442\u0440\u044f\u0431\u0432\u0430 \u0434\u0430 \u0437\u0430\u043f\u043b\u0430\u0442\u0438\u0442\u0435, \u0441\u0435 \u0438\u0437\u043f\u0440\u0430\u0449\u0430 \u043d\u0430 \u0432\u0430\u0441 \u0438 \u043d\u0430\u0448\u0438\u044f \u0445\u043e\u0442\u0435\u043b\u0441\u043a\u0438 \u043f\u0435\u0440\u0441\u043e\u043d\u0430\u043b \u043d\u0430 \u043f\u043e\u0441\u043b\u0435\u0434\u043d\u0430\u0442\u0430 \u0441\u0442\u0440\u0430\u043d\u0438\u0446\u0430. \u041c\u043e\u0436\u0435 \u0434\u0430 \u0441\u0435 \u0441\u0432\u044a\u0440\u0436\u0435\u043c \u0441 \u0432\u0430\u0441 \u043e\u0442\u043d\u043e\u0441\u043d\u043e \u0432\u0430\u0448\u0430\u0442\u0430 \u0440\u0435\u0437\u0435\u0440\u0432\u0430\u0446\u0438\u044f, \u043d\u0430\u043f\u0440\u0430\u0432\u0435\u043d\u0430 \u043d\u0430 \u0443\u0435\u0431\u0441\u0430\u0439\u0442\u0430 \u043d\u0430 \u0445\u043e\u0442\u0435\u043b [&hellip;]<\/p>\n","protected":false},"author":1,"featured_media":0,"parent":0,"menu_order":0,"comment_status":"closed","ping_status":"closed","template":"","meta":{"_joinchat":[],"footnotes":""},"class_list":["post-5054","page","type-page","status-publish","hentry"],"yoast_head":"<!-- This site is optimized with the Yoast SEO plugin v27.3 - https:\/\/yoast.com\/product\/yoast-seo-wordpress\/ -->\n<title>\u041f\u0440\u0430\u0432\u0438\u043b\u0430 \u0438 \u0443\u0441\u043b\u043e\u0432\u0438\u044f - \u0425\u043e\u0442\u0435\u043b \u041c\u0430\u0440\u0433\u0438, \u041e\u0434\u0440\u0438\u043d, \u0422\u0443\u0440\u0446\u0438\u044f<\/title>\n<meta name=\"description\" content=\"\u041f\u0440\u0430\u0432\u0438\u043b\u0430 \u0438 \u0443\u0441\u043b\u043e\u0432\u0438\u044f - Margi Hotel, Edirne, Turkey | Edirnede En iyi otel en iyi fiyatl\u0131 rezervasyon | Find your room and reserve now!\" \/>\n<meta name=\"robots\" content=\"index, follow, max-snippet:-1, max-image-preview:large, max-video-preview:-1\" \/>\n<link rel=\"canonical\" href=\"https:\/\/www.margiotel.com\/bg\/%d0%bf%d1%80%d0%b0%d0%b2%d0%b8%d0%bb%d0%b0-%d0%b8-%d1%83%d1%81%d0%bb%d0%be%d0%b2%d0%b8%d1%8f\/\" \/>\n<meta property=\"og:locale\" content=\"bg_BG\" \/>\n<meta property=\"og:type\" content=\"article\" \/>\n<meta property=\"og:title\" content=\"30\" \/>\n<meta property=\"og:description\" content=\"false\" \/>\n<meta property=\"og:url\" content=\"https:\/\/www.margiotel.com\/bg\/%d0%bf%d1%80%d0%b0%d0%b2%d0%b8%d0%bb%d0%b0-%d0%b8-%d1%83%d1%81%d0%bb%d0%be%d0%b2%d0%b8%d1%8f\/\" \/>\n<meta property=\"og:site_name\" content=\"Margi Hotel, Edirne, Turkey | Edirnede En iyi otel en iyi fiyatl\u0131 rezervasyon\" \/>\n<meta property=\"article:publisher\" content=\"https:\/\/www.facebook.com\/MargiHotel\/\" \/>\n<meta property=\"article:modified_time\" content=\"2023-10-09T14:33:30+00:00\" \/>\n<meta name=\"twitter:card\" content=\"summary_large_image\" \/>\n<script type=\"application\/ld+json\" class=\"yoast-schema-graph\">{\"@context\":\"https:\\\/\\\/schema.org\",\"@graph\":[{\"@type\":\"WebPage\",\"@id\":\"https:\\\/\\\/www.margiotel.com\\\/bg\\\/%d0%bf%d1%80%d0%b0%d0%b2%d0%b8%d0%bb%d0%b0-%d0%b8-%d1%83%d1%81%d0%bb%d0%be%d0%b2%d0%b8%d1%8f\\\/\",\"url\":\"https:\\\/\\\/www.margiotel.com\\\/bg\\\/%d0%bf%d1%80%d0%b0%d0%b2%d0%b8%d0%bb%d0%b0-%d0%b8-%d1%83%d1%81%d0%bb%d0%be%d0%b2%d0%b8%d1%8f\\\/\",\"name\":\"\u041f\u0440\u0430\u0432\u0438\u043b\u0430 \u0438 \u0443\u0441\u043b\u043e\u0432\u0438\u044f - \u0425\u043e\u0442\u0435\u043b \u041c\u0430\u0440\u0433\u0438, \u041e\u0434\u0440\u0438\u043d, \u0422\u0443\u0440\u0446\u0438\u044f\",\"isPartOf\":{\"@id\":\"https:\\\/\\\/www.margiotel.com\\\/bg\\\/#website\"},\"datePublished\":\"2021-01-04T21:38:19+00:00\",\"dateModified\":\"2023-10-09T14:33:30+00:00\",\"description\":\"\u041f\u0440\u0430\u0432\u0438\u043b\u0430 \u0438 \u0443\u0441\u043b\u043e\u0432\u0438\u044f - Margi Hotel, Edirne, Turkey | Edirnede En iyi otel en iyi fiyatl\u0131 rezervasyon | Find your room and reserve now!\",\"breadcrumb\":{\"@id\":\"https:\\\/\\\/www.margiotel.com\\\/bg\\\/%d0%bf%d1%80%d0%b0%d0%b2%d0%b8%d0%bb%d0%b0-%d0%b8-%d1%83%d1%81%d0%bb%d0%be%d0%b2%d0%b8%d1%8f\\\/#breadcrumb\"},\"inLanguage\":\"bg-BG\",\"potentialAction\":[{\"@type\":\"ReadAction\",\"target\":[\"https:\\\/\\\/www.margiotel.com\\\/bg\\\/%d0%bf%d1%80%d0%b0%d0%b2%d0%b8%d0%bb%d0%b0-%d0%b8-%d1%83%d1%81%d0%bb%d0%be%d0%b2%d0%b8%d1%8f\\\/\"]}]},{\"@type\":\"BreadcrumbList\",\"@id\":\"https:\\\/\\\/www.margiotel.com\\\/bg\\\/%d0%bf%d1%80%d0%b0%d0%b2%d0%b8%d0%bb%d0%b0-%d0%b8-%d1%83%d1%81%d0%bb%d0%be%d0%b2%d0%b8%d1%8f\\\/#breadcrumb\",\"itemListElement\":[{\"@type\":\"ListItem\",\"position\":1,\"name\":\"Anasayfa\",\"item\":\"https:\\\/\\\/www.margiotel.com\\\/bg\\\/\"},{\"@type\":\"ListItem\",\"position\":2,\"name\":\"\u041f\u0440\u0430\u0432\u0438\u043b\u0430 \u0438 \u0443\u0441\u043b\u043e\u0432\u0438\u044f\"}]},{\"@type\":\"WebSite\",\"@id\":\"https:\\\/\\\/www.margiotel.com\\\/bg\\\/#website\",\"url\":\"https:\\\/\\\/www.margiotel.com\\\/bg\\\/\",\"name\":\"Margi Hotel, Edirne, Turkey | Edirnede En iyi otel en iyi fiyatl\u0131 rezervasyon\",\"description\":\"Edirne&#039;nin \u0130lk ve Tek 5 Y\u0131ld\u0131zl\u0131 Hoteli\",\"publisher\":{\"@id\":\"https:\\\/\\\/www.margiotel.com\\\/bg\\\/#organization\"},\"potentialAction\":[{\"@type\":\"SearchAction\",\"target\":{\"@type\":\"EntryPoint\",\"urlTemplate\":\"https:\\\/\\\/www.margiotel.com\\\/bg\\\/?s={search_term_string}\"},\"query-input\":{\"@type\":\"PropertyValueSpecification\",\"valueRequired\":true,\"valueName\":\"search_term_string\"}}],\"inLanguage\":\"bg-BG\"},{\"@type\":\"Organization\",\"@id\":\"https:\\\/\\\/www.margiotel.com\\\/bg\\\/#organization\",\"name\":\"Margi Hotel Edirne\",\"url\":\"https:\\\/\\\/www.margiotel.com\\\/bg\\\/\",\"logo\":{\"@type\":\"ImageObject\",\"inLanguage\":\"bg-BG\",\"@id\":\"https:\\\/\\\/www.margiotel.com\\\/bg\\\/#\\\/schema\\\/logo\\\/image\\\/\",\"url\":\"https:\\\/\\\/www.margiotel.com\\\/wp-content\\\/uploads\\\/2021\\\/09\\\/margi-logo-yildizli-2-1.png\",\"contentUrl\":\"https:\\\/\\\/www.margiotel.com\\\/wp-content\\\/uploads\\\/2021\\\/09\\\/margi-logo-yildizli-2-1.png\",\"width\":266,\"height\":149,\"caption\":\"Margi Hotel Edirne\"},\"image\":{\"@id\":\"https:\\\/\\\/www.margiotel.com\\\/bg\\\/#\\\/schema\\\/logo\\\/image\\\/\"},\"sameAs\":[\"https:\\\/\\\/www.facebook.com\\\/MargiHotel\\\/\",\"https:\\\/\\\/www.instagram.com\\\/margihotel\\\/\"]}]}<\/script>\n<!-- \/ Yoast SEO plugin. -->","yoast_head_json":{"title":"\u041f\u0440\u0430\u0432\u0438\u043b\u0430 \u0438 \u0443\u0441\u043b\u043e\u0432\u0438\u044f - \u0425\u043e\u0442\u0435\u043b \u041c\u0430\u0440\u0433\u0438, \u041e\u0434\u0440\u0438\u043d, \u0422\u0443\u0440\u0446\u0438\u044f","description":"\u041f\u0440\u0430\u0432\u0438\u043b\u0430 \u0438 \u0443\u0441\u043b\u043e\u0432\u0438\u044f - Margi Hotel, Edirne, Turkey | Edirnede En iyi otel en iyi fiyatl\u0131 rezervasyon | Find your room and reserve now!","robots":{"index":"index","follow":"follow","max-snippet":"max-snippet:-1","max-image-preview":"max-image-preview:large","max-video-preview":"max-video-preview:-1"},"canonical":"https:\/\/www.margiotel.com\/bg\/%d0%bf%d1%80%d0%b0%d0%b2%d0%b8%d0%bb%d0%b0-%d0%b8-%d1%83%d1%81%d0%bb%d0%be%d0%b2%d0%b8%d1%8f\/","og_locale":"bg_BG","og_type":"article","og_title":"30","og_description":"false","og_url":"https:\/\/www.margiotel.com\/bg\/%d0%bf%d1%80%d0%b0%d0%b2%d0%b8%d0%bb%d0%b0-%d0%b8-%d1%83%d1%81%d0%bb%d0%be%d0%b2%d0%b8%d1%8f\/","og_site_name":"Margi Hotel, Edirne, Turkey | Edirnede En iyi otel en iyi fiyatl\u0131 rezervasyon","article_publisher":"https:\/\/www.facebook.com\/MargiHotel\/","article_modified_time":"2023-10-09T14:33:30+00:00","twitter_card":"summary_large_image","schema":{"@context":"https:\/\/schema.org","@graph":[{"@type":"WebPage","@id":"https:\/\/www.margiotel.com\/bg\/%d0%bf%d1%80%d0%b0%d0%b2%d0%b8%d0%bb%d0%b0-%d0%b8-%d1%83%d1%81%d0%bb%d0%be%d0%b2%d0%b8%d1%8f\/","url":"https:\/\/www.margiotel.com\/bg\/%d0%bf%d1%80%d0%b0%d0%b2%d0%b8%d0%bb%d0%b0-%d0%b8-%d1%83%d1%81%d0%bb%d0%be%d0%b2%d0%b8%d1%8f\/","name":"\u041f\u0440\u0430\u0432\u0438\u043b\u0430 \u0438 \u0443\u0441\u043b\u043e\u0432\u0438\u044f - \u0425\u043e\u0442\u0435\u043b \u041c\u0430\u0440\u0433\u0438, \u041e\u0434\u0440\u0438\u043d, \u0422\u0443\u0440\u0446\u0438\u044f","isPartOf":{"@id":"https:\/\/www.margiotel.com\/bg\/#website"},"datePublished":"2021-01-04T21:38:19+00:00","dateModified":"2023-10-09T14:33:30+00:00","description":"\u041f\u0440\u0430\u0432\u0438\u043b\u0430 \u0438 \u0443\u0441\u043b\u043e\u0432\u0438\u044f - Margi Hotel, Edirne, Turkey | Edirnede En iyi otel en iyi fiyatl\u0131 rezervasyon | Find your room and reserve now!","breadcrumb":{"@id":"https:\/\/www.margiotel.com\/bg\/%d0%bf%d1%80%d0%b0%d0%b2%d0%b8%d0%bb%d0%b0-%d0%b8-%d1%83%d1%81%d0%bb%d0%be%d0%b2%d0%b8%d1%8f\/#breadcrumb"},"inLanguage":"bg-BG","potentialAction":[{"@type":"ReadAction","target":["https:\/\/www.margiotel.com\/bg\/%d0%bf%d1%80%d0%b0%d0%b2%d0%b8%d0%bb%d0%b0-%d0%b8-%d1%83%d1%81%d0%bb%d0%be%d0%b2%d0%b8%d1%8f\/"]}]},{"@type":"BreadcrumbList","@id":"https:\/\/www.margiotel.com\/bg\/%d0%bf%d1%80%d0%b0%d0%b2%d0%b8%d0%bb%d0%b0-%d0%b8-%d1%83%d1%81%d0%bb%d0%be%d0%b2%d0%b8%d1%8f\/#breadcrumb","itemListElement":[{"@type":"ListItem","position":1,"name":"Anasayfa","item":"https:\/\/www.margiotel.com\/bg\/"},{"@type":"ListItem","position":2,"name":"\u041f\u0440\u0430\u0432\u0438\u043b\u0430 \u0438 \u0443\u0441\u043b\u043e\u0432\u0438\u044f"}]},{"@type":"WebSite","@id":"https:\/\/www.margiotel.com\/bg\/#website","url":"https:\/\/www.margiotel.com\/bg\/","name":"Margi Hotel, Edirne, Turkey | Edirnede En iyi otel en iyi fiyatl\u0131 rezervasyon","description":"Edirne&#039;nin \u0130lk ve Tek 5 Y\u0131ld\u0131zl\u0131 Hoteli","publisher":{"@id":"https:\/\/www.margiotel.com\/bg\/#organization"},"potentialAction":[{"@type":"SearchAction","target":{"@type":"EntryPoint","urlTemplate":"https:\/\/www.margiotel.com\/bg\/?s={search_term_string}"},"query-input":{"@type":"PropertyValueSpecification","valueRequired":true,"valueName":"search_term_string"}}],"inLanguage":"bg-BG"},{"@type":"Organization","@id":"https:\/\/www.margiotel.com\/bg\/#organization","name":"Margi Hotel Edirne","url":"https:\/\/www.margiotel.com\/bg\/","logo":{"@type":"ImageObject","inLanguage":"bg-BG","@id":"https:\/\/www.margiotel.com\/bg\/#\/schema\/logo\/image\/","url":"https:\/\/www.margiotel.com\/wp-content\/uploads\/2021\/09\/margi-logo-yildizli-2-1.png","contentUrl":"https:\/\/www.margiotel.com\/wp-content\/uploads\/2021\/09\/margi-logo-yildizli-2-1.png","width":266,"height":149,"caption":"Margi Hotel Edirne"},"image":{"@id":"https:\/\/www.margiotel.com\/bg\/#\/schema\/logo\/image\/"},"sameAs":["https:\/\/www.facebook.com\/MargiHotel\/","https:\/\/www.instagram.com\/margihotel\/"]}]}},"_links":{"self":[{"href":"https:\/\/www.margiotel.com\/bg\/wp-json\/wp\/v2\/pages\/5054","targetHints":{"allow":["GET"]}}],"collection":[{"href":"https:\/\/www.margiotel.com\/bg\/wp-json\/wp\/v2\/pages"}],"about":[{"href":"https:\/\/www.margiotel.com\/bg\/wp-json\/wp\/v2\/types\/page"}],"author":[{"embeddable":true,"href":"https:\/\/www.margiotel.com\/bg\/wp-json\/wp\/v2\/users\/1"}],"replies":[{"embeddable":true,"href":"https:\/\/www.margiotel.com\/bg\/wp-json\/wp\/v2\/comments?post=5054"}],"version-history":[{"count":2,"href":"https:\/\/www.margiotel.com\/bg\/wp-json\/wp\/v2\/pages\/5054\/revisions"}],"predecessor-version":[{"id":6467,"href":"https:\/\/www.margiotel.com\/bg\/wp-json\/wp\/v2\/pages\/5054\/revisions\/6467"}],"wp:attachment":[{"href":"https:\/\/www.margiotel.com\/bg\/wp-json\/wp\/v2\/media?parent=5054"}],"curies":[{"name":"wp","href":"https:\/\/api.w.org\/{rel}","templated":true}]}}