{"id":5052,"date":"2021-01-05T00:41:39","date_gmt":"2021-01-04T21:41:39","guid":{"rendered":"https:\/\/margiotel.com\/?page_id=5052"},"modified":"2022-01-23T19:00:33","modified_gmt":"2022-01-23T16:00:33","slug":"%d1%80%d0%b5%d0%b7%d0%b5%d1%80%d0%b2%d0%b0%d1%86%d0%b8%d1%8f","status":"publish","type":"page","link":"https:\/\/www.margiotel.com\/bg\/%d1%80%d0%b5%d0%b7%d0%b5%d1%80%d0%b2%d0%b0%d1%86%d0%b8%d1%8f\/","title":{"rendered":"\u0420\u0435\u0437\u0435\u0440\u0432\u0430\u0446\u0438\u044f"},"content":{"rendered":"\r\n<div class=\"eb-stepline\">\r\n    <div class=\"eb-stepline-steps\">\r\n        <div class=\"eb-stepline-step completed active \">\r\n            <div class=\"eb-stepline-progress\">\r\n                <div class=\"eb-stepline-progress-bar\"><\/div>\r\n            <\/div>\r\n            <div class=\"eb-stepline-dot\"><\/div>\r\n            <div class=\"text-center bs-wizard-stepnum\">\u0422\u044a\u0440\u0441\u0435\u043d\u0435<\/div>\r\n            <div class=\"bs-wizard-info text-center\">\u0418\u0437\u0431\u0435\u0440\u0435\u0442\u0435 \u043b\u044e\u0431\u0438\u043c\u0430\u0442\u0430 \u0441\u0438 \u0441\u0442\u0430\u044f<\/div>\r\n        <\/div>\r\n        <div class=\"eb-stepline-step disabled\">\r\n            <div class=\"eb-stepline-progress\">\r\n                <div class=\"eb-stepline-progress-bar\"><\/div>\r\n            <\/div>\r\n            <div class=\"eb-stepline-dot\"><\/div>\r\n            <div class=\"text-center bs-wizard-stepnum\">\u0420\u0435\u0437\u0435\u0440\u0432\u0430\u0446\u0438\u044f<\/div>\r\n            <div class=\"bs-wizard-info text-center\">\u0412\u044a\u0432\u0435\u0434\u0435\u0442\u0435 \u0434\u0430\u043d\u043d\u0438\u0442\u0435 \u0437\u0430 \u0432\u0430\u0448\u0430\u0442\u0430 \u0440\u0435\u0437\u0435\u0440\u0432\u0430\u0446\u0438\u044f<\/div>\r\n        <\/div>\r\n        <div class=\"eb-stepline-step disabled\">\r\n            <div class=\"eb-stepline-progress\">\r\n                <div class=\"eb-stepline-progress-bar\"><\/div>\r\n            <\/div>\r\n            <div class=\"eb-stepline-dot\"><\/div>\r\n            <div class=\"text-center bs-wizard-stepnum\">\u0420\u0430\u0437\u0433\u043b\u0435\u0434\u0430\u0439\u0442\u0435<\/div>\r\n            <div class=\"bs-wizard-info text-center\">\u0418\u0437\u043f\u043e\u043b\u0437\u0432\u0430\u0439\u0442\u0435 \u043f\u0440\u0435\u0434\u043f\u043e\u0447\u0438\u0442\u0430\u043d\u0438\u044f \u043e\u0442 \u0432\u0430\u0441 \u043d\u0430\u0447\u0438\u043d \u043d\u0430 \u043f\u043b\u0430\u0449\u0430\u043d\u0435<\/div>\r\n        <\/div>\r\n        <div class=\"eb-stepline-step disabled\">\r\n            <div class=\"eb-stepline-progress\">\r\n                <div class=\"eb-stepline-progress-bar\"><\/div>\r\n            <\/div>\r\n            <div class=\"eb-stepline-dot\"><\/div>\r\n            <div class=\"text-center bs-wizard-stepnum\">\u041f\u043e\u0442\u0432\u044a\u0440\u0436\u0434\u0435\u043d\u0438\u0435<\/div>\r\n            <div class=\"bs-wizard-info text-center\">\u041f\u043e\u043b\u0443\u0447\u0430\u0432\u0430\u0439\u0442\u0435 \u0438\u043c\u0435\u0439\u043b \u0437\u0430 \u043f\u043e\u0442\u0432\u044a\u0440\u0436\u0434\u0435\u043d\u0438\u0435<\/div>\r\n        <\/div>\r\n    <\/div>\r\n<\/div><div class=\"eb-alert eb-alert-error eb-alert-icon\" role=\"alert\">\u041c\u043e\u043b\u044f, \u0438\u0437\u0431\u0435\u0440\u0435\u0442\u0435 \u0441\u0442\u0430\u044f, \u0437\u0430 \u0434\u0430 \u043d\u0430\u043f\u0440\u0430\u0432\u0438\u0442\u0435 \u0440\u0435\u0437\u0435\u0440\u0432\u0430\u0446\u0438\u044f. <a href=\"https:\/\/www.margiotel.com\/bg\/%d1%80%d0%b5%d0%b7%d0%b5%d1%80%d0%b2%d0%b0%d1%86%d0%b8%d1%8f\/\">\u0412\u044a\u0440\u043d\u0435\u0442\u0435 \u0441\u0435 \u043d\u0430 \u0441\u0442\u0440\u0430\u043d\u0438\u0446\u0430\u0442\u0430 \u0437\u0430 \u0442\u044a\u0440\u0441\u0435\u043d\u0435<\/a><\/div>\n","protected":false},"excerpt":{"rendered":"\u0422\u044a\u0440\u0441\u0435\u043d\u0435 \u0418\u0437\u0431\u0435\u0440\u0435\u0442\u0435 \u043b\u044e\u0431\u0438\u043c\u0430\u0442\u0430 \u0441\u0438 \u0441\u0442\u0430\u044f \u0420\u0435\u0437\u0435\u0440\u0432\u0430\u0446\u0438\u044f \u0412\u044a\u0432\u0435\u0434\u0435\u0442\u0435 \u0434\u0430\u043d\u043d\u0438\u0442\u0435 \u0437\u0430 \u0432\u0430\u0448\u0430\u0442\u0430 \u0440\u0435\u0437\u0435\u0440\u0432\u0430\u0446\u0438\u044f \u0420\u0430\u0437\u0433\u043b\u0435\u0434\u0430\u0439\u0442\u0435 \u0418\u0437\u043f\u043e\u043b\u0437\u0432\u0430\u0439\u0442\u0435 \u043f\u0440\u0435\u0434\u043f\u043e\u0447\u0438\u0442\u0430\u043d\u0438\u044f \u043e\u0442 \u0432\u0430\u0441 \u043d\u0430\u0447\u0438\u043d \u043d\u0430 \u043f\u043b\u0430\u0449\u0430\u043d\u0435 \u041f\u043e\u0442\u0432\u044a\u0440\u0436\u0434\u0435\u043d\u0438\u0435 \u041f\u043e\u043b\u0443\u0447\u0430\u0432\u0430\u0439\u0442\u0435 \u0438\u043c\u0435\u0439\u043b \u0437\u0430 \u043f\u043e\u0442\u0432\u044a\u0440\u0436\u0434\u0435\u043d\u0438\u0435 \u041c\u043e\u043b\u044f, \u0438\u0437\u0431\u0435\u0440\u0435\u0442\u0435 \u0441\u0442\u0430\u044f, \u0437\u0430 \u0434\u0430 \u043d\u0430\u043f\u0440\u0430\u0432\u0438\u0442\u0435 \u0440\u0435\u0437\u0435\u0440\u0432\u0430\u0446\u0438\u044f. \u0412\u044a\u0440\u043d\u0435\u0442\u0435 \u0441\u0435 \u043d\u0430 \u0441\u0442\u0440\u0430\u043d\u0438\u0446\u0430\u0442\u0430 \u0437\u0430 \u0442\u044a\u0440\u0441\u0435\u043d\u0435","protected":false},"author":1,"featured_media":0,"parent":0,"menu_order":0,"comment_status":"closed","ping_status":"closed","template":"","meta":{"_joinchat":[],"footnotes":""},"class_list":["post-5052","page","type-page","status-publish","hentry"],"yoast_head":"<!-- This site is optimized with the Yoast SEO plugin v27.3 - https:\/\/yoast.com\/product\/yoast-seo-wordpress\/ -->\n<title>\u0420\u0435\u0437\u0435\u0440\u0432\u0430\u0446\u0438\u044f - \u0425\u043e\u0442\u0435\u043b \u041c\u0430\u0440\u0433\u0438, \u041e\u0434\u0440\u0438\u043d, \u0422\u0443\u0440\u0446\u0438\u044f | \u0420\u0435\u0437\u0435\u0440\u0432\u0438\u0440\u0430\u0439\u0442\u0435 \u0441\u0435\u0433\u0430<\/title>\n<meta name=\"description\" content=\"\u0420\u0435\u0437\u0435\u0440\u0432\u0430\u0446\u0438\u044f \u0425\u043e\u0442\u0435\u043b \u041c\u0430\u0440\u0433\u0438, \u041e\u0434\u0440\u0438\u043d, \u0422\u0443\u0440\u0446\u0438\u044f | \u0420\u0435\u0437\u0435\u0440\u0432\u0438\u0440\u0430\u0439\u0442\u0435 \u0441\u0435\u0433\u0430| \u041d\u0430\u043c\u0435\u0440\u0435\u0442\u0435 \u0441\u0442\u0430\u044f\u0442\u0430 \u0441\u0438 \u0438 \u0440\u0435\u0437\u0435\u0440\u0432\u0438\u0440\u0430\u0439\u0442\u0435 \u0441\u0435\u0433\u0430!\" \/>\n<meta name=\"robots\" content=\"index, follow, max-snippet:-1, max-image-preview:large, max-video-preview:-1\" \/>\n<link rel=\"canonical\" href=\"https:\/\/www.margiotel.com\/bg\/%d1%80%d0%b5%d0%b7%d0%b5%d1%80%d0%b2%d0%b0%d1%86%d0%b8%d1%8f\/\" \/>\n<meta property=\"og:locale\" content=\"bg_BG\" \/>\n<meta property=\"og:type\" content=\"article\" \/>\n<meta property=\"og:title\" content=\"90\" \/>\n<meta property=\"og:description\" content=\"false\" \/>\n<meta property=\"og:url\" content=\"https:\/\/www.margiotel.com\/bg\/%d1%80%d0%b5%d0%b7%d0%b5%d1%80%d0%b2%d0%b0%d1%86%d0%b8%d1%8f\/\" \/>\n<meta property=\"og:site_name\" content=\"Margi Hotel, Edirne, Turkey | Edirnede En iyi otel en iyi fiyatl\u0131 rezervasyon\" \/>\n<meta property=\"article:publisher\" content=\"https:\/\/www.facebook.com\/MargiHotel\/\" \/>\n<meta property=\"article:modified_time\" content=\"2022-01-23T16:00:33+00:00\" \/>\n<meta name=\"twitter:card\" content=\"summary_large_image\" \/>\n<script type=\"application\/ld+json\" class=\"yoast-schema-graph\">{\"@context\":\"https:\\\/\\\/schema.org\",\"@graph\":[{\"@type\":\"WebPage\",\"@id\":\"https:\\\/\\\/www.margiotel.com\\\/bg\\\/%d1%80%d0%b5%d0%b7%d0%b5%d1%80%d0%b2%d0%b0%d1%86%d0%b8%d1%8f\\\/\",\"url\":\"https:\\\/\\\/www.margiotel.com\\\/bg\\\/%d1%80%d0%b5%d0%b7%d0%b5%d1%80%d0%b2%d0%b0%d1%86%d0%b8%d1%8f\\\/\",\"name\":\"\u0420\u0435\u0437\u0435\u0440\u0432\u0430\u0446\u0438\u044f - \u0425\u043e\u0442\u0435\u043b \u041c\u0430\u0440\u0433\u0438, \u041e\u0434\u0440\u0438\u043d, \u0422\u0443\u0440\u0446\u0438\u044f | \u0420\u0435\u0437\u0435\u0440\u0432\u0438\u0440\u0430\u0439\u0442\u0435 \u0441\u0435\u0433\u0430\",\"isPartOf\":{\"@id\":\"https:\\\/\\\/www.margiotel.com\\\/bg\\\/#website\"},\"datePublished\":\"2021-01-04T21:41:39+00:00\",\"dateModified\":\"2022-01-23T16:00:33+00:00\",\"description\":\"\u0420\u0435\u0437\u0435\u0440\u0432\u0430\u0446\u0438\u044f \u0425\u043e\u0442\u0435\u043b \u041c\u0430\u0440\u0433\u0438, \u041e\u0434\u0440\u0438\u043d, \u0422\u0443\u0440\u0446\u0438\u044f | \u0420\u0435\u0437\u0435\u0440\u0432\u0438\u0440\u0430\u0439\u0442\u0435 \u0441\u0435\u0433\u0430| \u041d\u0430\u043c\u0435\u0440\u0435\u0442\u0435 \u0441\u0442\u0430\u044f\u0442\u0430 \u0441\u0438 \u0438 \u0440\u0435\u0437\u0435\u0440\u0432\u0438\u0440\u0430\u0439\u0442\u0435 \u0441\u0435\u0433\u0430!\",\"breadcrumb\":{\"@id\":\"https:\\\/\\\/www.margiotel.com\\\/bg\\\/%d1%80%d0%b5%d0%b7%d0%b5%d1%80%d0%b2%d0%b0%d1%86%d0%b8%d1%8f\\\/#breadcrumb\"},\"inLanguage\":\"bg-BG\",\"potentialAction\":[{\"@type\":\"ReadAction\",\"target\":[\"https:\\\/\\\/www.margiotel.com\\\/bg\\\/%d1%80%d0%b5%d0%b7%d0%b5%d1%80%d0%b2%d0%b0%d1%86%d0%b8%d1%8f\\\/\"]}]},{\"@type\":\"BreadcrumbList\",\"@id\":\"https:\\\/\\\/www.margiotel.com\\\/bg\\\/%d1%80%d0%b5%d0%b7%d0%b5%d1%80%d0%b2%d0%b0%d1%86%d0%b8%d1%8f\\\/#breadcrumb\",\"itemListElement\":[{\"@type\":\"ListItem\",\"position\":1,\"name\":\"Anasayfa\",\"item\":\"https:\\\/\\\/www.margiotel.com\\\/bg\\\/\"},{\"@type\":\"ListItem\",\"position\":2,\"name\":\"\u0420\u0435\u0437\u0435\u0440\u0432\u0430\u0446\u0438\u044f\"}]},{\"@type\":\"WebSite\",\"@id\":\"https:\\\/\\\/www.margiotel.com\\\/bg\\\/#website\",\"url\":\"https:\\\/\\\/www.margiotel.com\\\/bg\\\/\",\"name\":\"Margi Hotel, Edirne, Turkey | Edirnede En iyi otel en iyi fiyatl\u0131 rezervasyon\",\"description\":\"Edirne&#039;nin \u0130lk ve Tek 5 Y\u0131ld\u0131zl\u0131 Hoteli\",\"publisher\":{\"@id\":\"https:\\\/\\\/www.margiotel.com\\\/bg\\\/#organization\"},\"potentialAction\":[{\"@type\":\"SearchAction\",\"target\":{\"@type\":\"EntryPoint\",\"urlTemplate\":\"https:\\\/\\\/www.margiotel.com\\\/bg\\\/?s={search_term_string}\"},\"query-input\":{\"@type\":\"PropertyValueSpecification\",\"valueRequired\":true,\"valueName\":\"search_term_string\"}}],\"inLanguage\":\"bg-BG\"},{\"@type\":\"Organization\",\"@id\":\"https:\\\/\\\/www.margiotel.com\\\/bg\\\/#organization\",\"name\":\"Margi Hotel Edirne\",\"url\":\"https:\\\/\\\/www.margiotel.com\\\/bg\\\/\",\"logo\":{\"@type\":\"ImageObject\",\"inLanguage\":\"bg-BG\",\"@id\":\"https:\\\/\\\/www.margiotel.com\\\/bg\\\/#\\\/schema\\\/logo\\\/image\\\/\",\"url\":\"https:\\\/\\\/www.margiotel.com\\\/wp-content\\\/uploads\\\/2021\\\/09\\\/margi-logo-yildizli-2-1.png\",\"contentUrl\":\"https:\\\/\\\/www.margiotel.com\\\/wp-content\\\/uploads\\\/2021\\\/09\\\/margi-logo-yildizli-2-1.png\",\"width\":266,\"height\":149,\"caption\":\"Margi Hotel Edirne\"},\"image\":{\"@id\":\"https:\\\/\\\/www.margiotel.com\\\/bg\\\/#\\\/schema\\\/logo\\\/image\\\/\"},\"sameAs\":[\"https:\\\/\\\/www.facebook.com\\\/MargiHotel\\\/\",\"https:\\\/\\\/www.instagram.com\\\/margihotel\\\/\"]}]}<\/script>\n<!-- \/ Yoast SEO plugin. -->","yoast_head_json":{"title":"\u0420\u0435\u0437\u0435\u0440\u0432\u0430\u0446\u0438\u044f - \u0425\u043e\u0442\u0435\u043b \u041c\u0430\u0440\u0433\u0438, \u041e\u0434\u0440\u0438\u043d, \u0422\u0443\u0440\u0446\u0438\u044f | \u0420\u0435\u0437\u0435\u0440\u0432\u0438\u0440\u0430\u0439\u0442\u0435 \u0441\u0435\u0433\u0430","description":"\u0420\u0435\u0437\u0435\u0440\u0432\u0430\u0446\u0438\u044f \u0425\u043e\u0442\u0435\u043b \u041c\u0430\u0440\u0433\u0438, \u041e\u0434\u0440\u0438\u043d, \u0422\u0443\u0440\u0446\u0438\u044f | \u0420\u0435\u0437\u0435\u0440\u0432\u0438\u0440\u0430\u0439\u0442\u0435 \u0441\u0435\u0433\u0430| \u041d\u0430\u043c\u0435\u0440\u0435\u0442\u0435 \u0441\u0442\u0430\u044f\u0442\u0430 \u0441\u0438 \u0438 \u0440\u0435\u0437\u0435\u0440\u0432\u0438\u0440\u0430\u0439\u0442\u0435 \u0441\u0435\u0433\u0430!","robots":{"index":"index","follow":"follow","max-snippet":"max-snippet:-1","max-image-preview":"max-image-preview:large","max-video-preview":"max-video-preview:-1"},"canonical":"https:\/\/www.margiotel.com\/bg\/%d1%80%d0%b5%d0%b7%d0%b5%d1%80%d0%b2%d0%b0%d1%86%d0%b8%d1%8f\/","og_locale":"bg_BG","og_type":"article","og_title":"90","og_description":"false","og_url":"https:\/\/www.margiotel.com\/bg\/%d1%80%d0%b5%d0%b7%d0%b5%d1%80%d0%b2%d0%b0%d1%86%d0%b8%d1%8f\/","og_site_name":"Margi Hotel, Edirne, Turkey | Edirnede En iyi otel en iyi fiyatl\u0131 rezervasyon","article_publisher":"https:\/\/www.facebook.com\/MargiHotel\/","article_modified_time":"2022-01-23T16:00:33+00:00","twitter_card":"summary_large_image","schema":{"@context":"https:\/\/schema.org","@graph":[{"@type":"WebPage","@id":"https:\/\/www.margiotel.com\/bg\/%d1%80%d0%b5%d0%b7%d0%b5%d1%80%d0%b2%d0%b0%d1%86%d0%b8%d1%8f\/","url":"https:\/\/www.margiotel.com\/bg\/%d1%80%d0%b5%d0%b7%d0%b5%d1%80%d0%b2%d0%b0%d1%86%d0%b8%d1%8f\/","name":"\u0420\u0435\u0437\u0435\u0440\u0432\u0430\u0446\u0438\u044f - \u0425\u043e\u0442\u0435\u043b \u041c\u0430\u0440\u0433\u0438, \u041e\u0434\u0440\u0438\u043d, \u0422\u0443\u0440\u0446\u0438\u044f | \u0420\u0435\u0437\u0435\u0440\u0432\u0438\u0440\u0430\u0439\u0442\u0435 \u0441\u0435\u0433\u0430","isPartOf":{"@id":"https:\/\/www.margiotel.com\/bg\/#website"},"datePublished":"2021-01-04T21:41:39+00:00","dateModified":"2022-01-23T16:00:33+00:00","description":"\u0420\u0435\u0437\u0435\u0440\u0432\u0430\u0446\u0438\u044f \u0425\u043e\u0442\u0435\u043b \u041c\u0430\u0440\u0433\u0438, \u041e\u0434\u0440\u0438\u043d, \u0422\u0443\u0440\u0446\u0438\u044f | \u0420\u0435\u0437\u0435\u0440\u0432\u0438\u0440\u0430\u0439\u0442\u0435 \u0441\u0435\u0433\u0430| \u041d\u0430\u043c\u0435\u0440\u0435\u0442\u0435 \u0441\u0442\u0430\u044f\u0442\u0430 \u0441\u0438 \u0438 \u0440\u0435\u0437\u0435\u0440\u0432\u0438\u0440\u0430\u0439\u0442\u0435 \u0441\u0435\u0433\u0430!","breadcrumb":{"@id":"https:\/\/www.margiotel.com\/bg\/%d1%80%d0%b5%d0%b7%d0%b5%d1%80%d0%b2%d0%b0%d1%86%d0%b8%d1%8f\/#breadcrumb"},"inLanguage":"bg-BG","potentialAction":[{"@type":"ReadAction","target":["https:\/\/www.margiotel.com\/bg\/%d1%80%d0%b5%d0%b7%d0%b5%d1%80%d0%b2%d0%b0%d1%86%d0%b8%d1%8f\/"]}]},{"@type":"BreadcrumbList","@id":"https:\/\/www.margiotel.com\/bg\/%d1%80%d0%b5%d0%b7%d0%b5%d1%80%d0%b2%d0%b0%d1%86%d0%b8%d1%8f\/#breadcrumb","itemListElement":[{"@type":"ListItem","position":1,"name":"Anasayfa","item":"https:\/\/www.margiotel.com\/bg\/"},{"@type":"ListItem","position":2,"name":"\u0420\u0435\u0437\u0435\u0440\u0432\u0430\u0446\u0438\u044f"}]},{"@type":"WebSite","@id":"https:\/\/www.margiotel.com\/bg\/#website","url":"https:\/\/www.margiotel.com\/bg\/","name":"Margi Hotel, Edirne, Turkey | Edirnede En iyi otel en iyi fiyatl\u0131 rezervasyon","description":"Edirne&#039;nin \u0130lk ve Tek 5 Y\u0131ld\u0131zl\u0131 Hoteli","publisher":{"@id":"https:\/\/www.margiotel.com\/bg\/#organization"},"potentialAction":[{"@type":"SearchAction","target":{"@type":"EntryPoint","urlTemplate":"https:\/\/www.margiotel.com\/bg\/?s={search_term_string}"},"query-input":{"@type":"PropertyValueSpecification","valueRequired":true,"valueName":"search_term_string"}}],"inLanguage":"bg-BG"},{"@type":"Organization","@id":"https:\/\/www.margiotel.com\/bg\/#organization","name":"Margi Hotel Edirne","url":"https:\/\/www.margiotel.com\/bg\/","logo":{"@type":"ImageObject","inLanguage":"bg-BG","@id":"https:\/\/www.margiotel.com\/bg\/#\/schema\/logo\/image\/","url":"https:\/\/www.margiotel.com\/wp-content\/uploads\/2021\/09\/margi-logo-yildizli-2-1.png","contentUrl":"https:\/\/www.margiotel.com\/wp-content\/uploads\/2021\/09\/margi-logo-yildizli-2-1.png","width":266,"height":149,"caption":"Margi Hotel Edirne"},"image":{"@id":"https:\/\/www.margiotel.com\/bg\/#\/schema\/logo\/image\/"},"sameAs":["https:\/\/www.facebook.com\/MargiHotel\/","https:\/\/www.instagram.com\/margihotel\/"]}]}},"_links":{"self":[{"href":"https:\/\/www.margiotel.com\/bg\/wp-json\/wp\/v2\/pages\/5052","targetHints":{"allow":["GET"]}}],"collection":[{"href":"https:\/\/www.margiotel.com\/bg\/wp-json\/wp\/v2\/pages"}],"about":[{"href":"https:\/\/www.margiotel.com\/bg\/wp-json\/wp\/v2\/types\/page"}],"author":[{"embeddable":true,"href":"https:\/\/www.margiotel.com\/bg\/wp-json\/wp\/v2\/users\/1"}],"replies":[{"embeddable":true,"href":"https:\/\/www.margiotel.com\/bg\/wp-json\/wp\/v2\/comments?post=5052"}],"version-history":[{"count":0,"href":"https:\/\/www.margiotel.com\/bg\/wp-json\/wp\/v2\/pages\/5052\/revisions"}],"wp:attachment":[{"href":"https:\/\/www.margiotel.com\/bg\/wp-json\/wp\/v2\/media?parent=5052"}],"curies":[{"name":"wp","href":"https:\/\/api.w.org\/{rel}","templated":true}]}}