{"id":5047,"date":"2021-01-05T00:44:54","date_gmt":"2021-01-04T21:44:54","guid":{"rendered":"https:\/\/margiotel.com\/?page_id=5047"},"modified":"2024-06-09T04:03:43","modified_gmt":"2024-06-09T01:03:43","slug":"%d0%b7%d0%b0%d0%bb%d0%b8-%d0%b7%d0%b0-%d1%81%d1%80%d0%b5%d1%89%d0%b8","status":"publish","type":"page","link":"https:\/\/www.margiotel.com\/bg\/%d0%b7%d0%b0%d0%bb%d0%b8-%d0%b7%d0%b0-%d1%81%d1%80%d0%b5%d1%89%d0%b8\/","title":{"rendered":"\u0417\u0430\u043b\u0438 \u0437\u0430 \u0441\u0440\u0435\u0449\u0438"},"content":{"rendered":"<div class=\"wpb-content-wrapper\"><p>[vc_row][vc_column width=&#8221;1\/2&#8243;]\t\t\t<div\r\n\t\t\t\tclass=\"main_title  text-center  mt_wave\">\r\n\t\t\t\t<h2 class=\"title\">\u0417\u0430\u043b\u0438 \u0437\u0430 \u0441\u0440\u0435\u0449\u0438<\/h2>\r\n\t\t\t\t\t\t\t<\/div>\r\n\t\t[vc_column_text css=&#8221;.vc_custom_1633396173035{padding-bottom: -10px !important;}&#8221;]\u0420\u0430\u0437\u043f\u043e\u043b\u0430\u0433\u0430\u043c\u0435 \u0441 6 \u043c\u043d\u043e\u0433\u043e\u0444\u0443\u043d\u043a\u0446\u0438\u043e\u043d\u0430\u043b\u043d\u0438 \u0437\u0430\u0441\u0435\u0434\u0430\u0442\u0435\u043b\u043d\u0438 \u0437\u0430\u043b\u0438 \u0432 \u0445\u043e\u0442\u0435\u043b Margi. \u041d\u044f\u043a\u043e\u0438 \u043e\u0442 \u0443\u0441\u043b\u0443\u0433\u0438\u0442\u0435, \u043f\u0440\u0435\u0434\u043b\u0430\u0433\u0430\u043d\u0438 \u0432 \u043d\u0430\u0448\u0438\u0442\u0435 \u0437\u0430\u0441\u0435\u0434\u0430\u0442\u0435\u043b\u043d\u0438 \u0437\u0430\u043b\u0438 \u0441 \u0432\u0438\u0441\u043e\u043a\u0438 \u0442\u0430\u0432\u0430\u043d\u0438 \u0438 \u043e\u0431\u043e\u0440\u0443\u0434\u0432\u0430\u043d\u0438 \u0441 \u043d\u0430\u0439 -\u043d\u043e\u0432\u0438\u0442\u0435 \u0442\u0435\u0445\u043d\u043e\u043b\u043e\u0433\u0438\u0438, \u0441\u0430;[\/vc_column_text][vc_row_inner][vc_column_inner width=&#8221;1\/2&#8243;][vc_column_text]<\/p>\n<ul>\n<li>\u0411\u0435\u0437\u0436\u0438\u0447\u0435\u043d \u0434\u043e\u0441\u0442\u044a\u043f \u0434\u043e \u0438\u043d\u0442\u0435\u0440\u043d\u0435\u0442<\/li>\n<li>\u0431\u0430\u0440\u043a\u043e\u0432\u0438\u0437\u0438\u044f<\/li>\n<li>\u0417\u0430\u0432\u0435\u0441\u0430<\/li>\n<li>\u0417\u0432\u0443\u043a\u043e\u0432\u0430 \u0441\u0438\u0441\u0442\u0435\u043c\u0430 Barcovision<\/li>\n<li>\u041a\u0430\u0431\u0435\u043b\u0435\u043d \u043c\u0438\u043a\u0440\u043e\u0444\u043e\u043d<\/li>\n<li>\u0431\u0435\u0437\u0436\u0438\u0447\u0435\u043d \u043c\u0438\u043a\u0440\u043e\u0444\u043e\u043d<\/li>\n<li>\u043f\u0440\u0435\u043d\u043e\u0441\u0438\u043c \u043c\u0438\u043a\u0440\u043e\u0444\u043e\u043d<\/li>\n<\/ul>\n<p>[\/vc_column_text][\/vc_column_inner][vc_column_inner width=&#8221;1\/2&#8243;][vc_column_text]<\/p>\n<ul>\n<li>\u043c\u0438\u043a\u0440\u043e\u0444\u043e\u043d \u0441 \u0440\u0435\u0432\u0435\u0440<\/li>\n<li>\u0433\u0440\u0430\u0444\u043e\u043f\u0440\u043e\u0435\u043a\u0442\u043e\u0440<\/li>\n<li>\u0444\u043b\u0438\u043f\u0447\u0430\u0440\u0442<\/li>\n<li>\u0424\u0430\u0439\u043b \u0438 \u043f\u0438\u0441\u0430\u043b\u043a\u0430<\/li>\n<li>DVD &#8211; CD \u043f\u043b\u0435\u0439\u044a\u0440<\/li>\n<li>\u041c\u0430\u0440\u0448\u0440\u0443\u0442\u043d\u0438 \u0442\u0430\u0431\u043b\u0430<\/li>\n<li>\u041f\u0440\u0435\u0434\u0441\u0435\u0434\u0430\u0442\u0435\u043b\u0441\u043a\u0438 \u0441\u0442\u043e\u043b<\/li>\n<li>\u041f\u0438\u0441\u0430\u043b\u043a\u0430 \u0437\u0430 \u0434\u044a\u0441\u043a\u0430<\/li>\n<\/ul>\n<p>[\/vc_column_text][\/vc_column_inner][\/vc_row_inner][\/vc_column][vc_column width=&#8221;1\/2&#8243;][vc_masonry_media_grid element_width=&#8221;6&#8243; item=&#8221;mediaGrid_Default&#8221; css=&#8221;&#8221; grid_id=&#8221;vc_gid:1717894994733-7cc0a26fbfca74517652a618c2098e5d-9&#8243; include=&#8221;2956,2955,2954,2953,2952,2951&#8243;][\/vc_column][\/vc_row][vc_row][vc_column][vc_column_text]<\/p>\n<h1>\u041a\u0430\u043f\u0430\u0446\u0438\u0442\u0435\u0442 \u043d\u0430 \u0437\u0430\u043b\u0430\u0442\u0430<\/h1>\n<table border=\"0\" width=\"641\" cellspacing=\"0\" cellpadding=\"0\">\n<colgroup>\n<col \/>\n<col \/>\n<col \/>\n<col \/>\n<col \/>\n<col \/>\n<col \/>\n<col \/>\n<col \/>\n<col \/>\n<col \/> <\/colgroup>\n<tbody>\n<tr>\n<td height=\"29\"><strong> \u0417\u0430\u043b\u0438 <\/strong><\/td>\n<td><strong> \u0412\u0438\u0441\u043e\u0447\u0438\u043d\u0430 (m) <\/strong><\/td>\n<td><strong> \u041d\u0430\u0439 -\u043c\u043d\u043e\u0433\u043e (m) <\/strong><\/td>\n<td><strong> \u0412\u0438\u0441\u043e\u0447\u0438\u043d\u0430 (m) <\/strong><\/td>\n<td><strong> \u041f\u043b\u043e\u0449 \u043c2 <\/strong><\/td>\n<td><strong> \u041e\u0444\u043e\u0440\u043c\u043b\u0435\u043d\u0438\u0435 \u043d\u0430 \u043a\u043b\u0430\u0441\u0430 <\/strong><\/td>\n<td><strong> \u0422\u0435\u0430\u0442\u044a\u0440 <\/strong><\/td>\n<td><strong> U &#8211; \u041e\u0444\u043e\u0440\u043c\u043b\u0435\u043d\u0438\u0435 <\/strong><\/td>\n<td><strong> \u041a\u0432\u0430\u0434\u0440\u0430\u0442\u043d\u043e \u043e\u0444\u043e\u0440\u043c\u043b\u0435\u043d\u0438\u0435 <\/strong><\/td>\n<td><strong> \u041a\u0440\u044a\u0433\u043b\u0430 \u043c\u0430\u0441\u0430 <\/strong><\/td>\n<td><strong> \u041a\u043e\u043a\u0442\u0435\u0439\u043b <\/strong><\/td>\n<\/tr>\n<tr>\n<td height=\"21\"><strong> \u0420\u0438\u0431\u0430 \u0442\u043e\u043d <\/strong><\/td>\n<td>4.6<\/td>\n<td>23,6<\/td>\n<td>31.65<\/td>\n<td>745<\/td>\n<td>250<\/td>\n<td>700<\/td>\n<td>&#8212;-<\/td>\n<td>&#8212;-<\/td>\n<td>650<\/td>\n<td>700<\/td>\n<\/tr>\n<tr>\n<td height=\"21\"><strong> Istranca <\/strong><\/td>\n<td>3,25<\/td>\n<td>7,95<\/td>\n<td>5.75<\/td>\n<td>45<\/td>\n<td>25<\/td>\n<td>40<\/td>\n<td>15<\/td>\n<td>20<\/td>\n<td>&#8212;-<\/td>\n<td>45<\/td>\n<\/tr>\n<tr>\n<td height=\"21\"><strong> Trakya <\/strong><\/td>\n<td>3,25<\/td>\n<td>7,9<\/td>\n<td>5.75<\/td>\n<td>45<\/td>\n<td>&#8212;-<\/td>\n<td>&#8212;-<\/td>\n<td>&#8212;-<\/td>\n<td>16<\/td>\n<td>&#8212;-<\/td>\n<td>&#8212;-<\/td>\n<\/tr>\n<tr>\n<td height=\"21\"><strong> Arda <\/strong><\/td>\n<td>3.15<\/td>\n<td>5.8<\/td>\n<td>7,9<\/td>\n<td>45<\/td>\n<td>25<\/td>\n<td>40<\/td>\n<td>15<\/td>\n<td>20<\/td>\n<td>&#8212;-<\/td>\n<td>45<\/td>\n<\/tr>\n<tr>\n<td height=\"21\"><strong> Tunca <\/strong><\/td>\n<td>3,25<\/td>\n<td>8.25<\/td>\n<td>7,9<\/td>\n<td>65<\/td>\n<td>35<\/td>\n<td>65<\/td>\n<td>25<\/td>\n<td>25<\/td>\n<td>&#8212;-<\/td>\n<td>50<\/td>\n<\/tr>\n<tr>\n<td height=\"21\"><strong> Meric <\/strong><\/td>\n<td>3,25<\/td>\n<td>16,75<\/td>\n<td>7,55<\/td>\n<td>125<\/td>\n<td>75<\/td>\n<td>100<\/td>\n<td>45<\/td>\n<td>40<\/td>\n<td>100<\/td>\n<td>120<\/td>\n<\/tr>\n<tr>\n<td colspan=\"11\" height=\"21\"><strong>* \u0426\u0438\u0444\u0440\u0438\u0442\u0435 \u043f\u043e -\u0433\u043e\u0440\u0435 \u0441\u0430 \u043c\u0430\u043a\u0441\u0438\u043c\u0430\u043b\u043d\u0438\u044f\u0442 \u0431\u0440\u043e\u0439 \u0445\u043e\u0440\u0430 \u0432 \u0437\u0430\u043b\u0438\u0442\u0435. <\/strong><\/td>\n<\/tr>\n<\/tbody>\n<\/table>\n<p>[\/vc_column_text][\/vc_column][\/vc_row]<\/p>\n<\/div>","protected":false},"excerpt":{"rendered":"<p>[vc_row][vc_column width=&#8221;1\/2&#8243;][vc_column_text css=&#8221;.vc_custom_1633396173035{padding-bottom: -10px !important;}&#8221;]\u0420\u0430\u0437\u043f\u043e\u043b\u0430\u0433\u0430\u043c\u0435 \u0441 6 \u043c\u043d\u043e\u0433\u043e\u0444\u0443\u043d\u043a\u0446\u0438\u043e\u043d\u0430\u043b\u043d\u0438 \u0437\u0430\u0441\u0435\u0434\u0430\u0442\u0435\u043b\u043d\u0438 \u0437\u0430\u043b\u0438 \u0432 \u0445\u043e\u0442\u0435\u043b Margi. \u041d\u044f\u043a\u043e\u0438 \u043e\u0442 \u0443\u0441\u043b\u0443\u0433\u0438\u0442\u0435, \u043f\u0440\u0435\u0434\u043b\u0430\u0433\u0430\u043d\u0438 \u0432 \u043d\u0430\u0448\u0438\u0442\u0435 \u0437\u0430\u0441\u0435\u0434\u0430\u0442\u0435\u043b\u043d\u0438 \u0437\u0430\u043b\u0438 \u0441 \u0432\u0438\u0441\u043e\u043a\u0438 \u0442\u0430\u0432\u0430\u043d\u0438 \u0438 \u043e\u0431\u043e\u0440\u0443\u0434\u0432\u0430\u043d\u0438 \u0441 \u043d\u0430\u0439 -\u043d\u043e\u0432\u0438\u0442\u0435 \u0442\u0435\u0445\u043d\u043e\u043b\u043e\u0433\u0438\u0438, \u0441\u0430;[\/vc_column_text][vc_row_inner][vc_column_inner width=&#8221;1\/2&#8243;][vc_column_text] \u0411\u0435\u0437\u0436\u0438\u0447\u0435\u043d \u0434\u043e\u0441\u0442\u044a\u043f \u0434\u043e \u0438\u043d\u0442\u0435\u0440\u043d\u0435\u0442 \u0431\u0430\u0440\u043a\u043e\u0432\u0438\u0437\u0438\u044f \u0417\u0430\u0432\u0435\u0441\u0430 \u0417\u0432\u0443\u043a\u043e\u0432\u0430 \u0441\u0438\u0441\u0442\u0435\u043c\u0430 Barcovision \u041a\u0430\u0431\u0435\u043b\u0435\u043d \u043c\u0438\u043a\u0440\u043e\u0444\u043e\u043d \u0431\u0435\u0437\u0436\u0438\u0447\u0435\u043d \u043c\u0438\u043a\u0440\u043e\u0444\u043e\u043d \u043f\u0440\u0435\u043d\u043e\u0441\u0438\u043c \u043c\u0438\u043a\u0440\u043e\u0444\u043e\u043d [\/vc_column_text][\/vc_column_inner][vc_column_inner width=&#8221;1\/2&#8243;][vc_column_text] \u043c\u0438\u043a\u0440\u043e\u0444\u043e\u043d \u0441 \u0440\u0435\u0432\u0435\u0440 \u0433\u0440\u0430\u0444\u043e\u043f\u0440\u043e\u0435\u043a\u0442\u043e\u0440 \u0444\u043b\u0438\u043f\u0447\u0430\u0440\u0442 \u0424\u0430\u0439\u043b [&hellip;]<\/p>\n","protected":false},"author":1,"featured_media":0,"parent":0,"menu_order":0,"comment_status":"closed","ping_status":"closed","template":"","meta":{"_joinchat":[],"footnotes":""},"class_list":["post-5047","page","type-page","status-publish","hentry"],"yoast_head":"<!-- This site is optimized with the Yoast SEO plugin v27.3 - https:\/\/yoast.com\/product\/yoast-seo-wordpress\/ -->\n<title>\u0417\u0430\u043b\u0438 \u0437\u0430 \u0441\u0440\u0435\u0449\u0438 - \u0425\u043e\u0442\u0435\u043b \u041c\u0430\u0440\u0433\u0438, \u041e\u0434\u0440\u0438\u043d, \u0422\u0443\u0440\u0446\u0438\u044f | \u0420\u0435\u0437\u0435\u0440\u0432\u0438\u0440\u0430\u0439\u0442\u0435 \u0441\u0435\u0433\u0430<\/title>\n<meta name=\"description\" content=\"\u041c\u043e\u0436\u0435\u0442\u0435 \u0434\u0430 \u043e\u0440\u0433\u0430\u043d\u0438\u0437\u0438\u0440\u0430\u0442\u0435 \u0432\u0441\u044f\u043a\u0430\u043a\u0432\u0438 \u043f\u043e\u043a\u0430\u043d\u0438 \u0438 \u0441\u044a\u0431\u0438\u0442\u0438\u044f \u0437\u0430 \u043f\u0440\u043e\u043c\u043e\u0446\u0438\u044f \u043d\u0430 \u0441\u0440\u0435\u0449\u0438 \u0432 6 \u0440\u0430\u0437\u043b\u0438\u0447\u043d\u0438 \u0437\u0430\u043b\u0438 \u0437\u0430 \u0441\u0440\u0435\u0449\u0438 \u0441 \u0440\u0430\u0437\u043b\u0438\u0447\u043d\u0438 \u0440\u0430\u0437\u043c\u0435\u0440\u0438, \u043a\u0430\u043a\u0442\u043e \u043f\u0440\u0435\u0434\u043b\u043e\u0436\u0438\u0445\u0442\u0435.\" \/>\n<meta name=\"robots\" content=\"index, follow, max-snippet:-1, max-image-preview:large, max-video-preview:-1\" \/>\n<link rel=\"canonical\" href=\"https:\/\/www.margiotel.com\/bg\/%d0%b7%d0%b0%d0%bb%d0%b8-%d0%b7%d0%b0-%d1%81%d1%80%d0%b5%d1%89%d0%b8\/\" \/>\n<meta property=\"og:locale\" content=\"bg_BG\" \/>\n<meta property=\"og:type\" content=\"article\" \/>\n<meta property=\"og:title\" content=\"90\" \/>\n<meta property=\"og:description\" content=\"false\" \/>\n<meta property=\"og:url\" content=\"https:\/\/www.margiotel.com\/bg\/%d0%b7%d0%b0%d0%bb%d0%b8-%d0%b7%d0%b0-%d1%81%d1%80%d0%b5%d1%89%d0%b8\/\" \/>\n<meta property=\"og:site_name\" content=\"Margi Hotel, Edirne, Turkey | Edirnede En iyi otel en iyi fiyatl\u0131 rezervasyon\" \/>\n<meta property=\"article:publisher\" content=\"https:\/\/www.facebook.com\/MargiHotel\/\" \/>\n<meta property=\"article:modified_time\" content=\"2024-06-09T01:03:43+00:00\" \/>\n<meta name=\"twitter:card\" content=\"summary_large_image\" \/>\n<meta name=\"twitter:label1\" content=\"Est. reading time\" \/>\n\t<meta name=\"twitter:data1\" content=\"1 \u043c\u0438\u043d\u0443\u0442\u0430\" \/>\n<script type=\"application\/ld+json\" class=\"yoast-schema-graph\">{\"@context\":\"https:\\\/\\\/schema.org\",\"@graph\":[{\"@type\":\"WebPage\",\"@id\":\"https:\\\/\\\/www.margiotel.com\\\/bg\\\/%d0%b7%d0%b0%d0%bb%d0%b8-%d0%b7%d0%b0-%d1%81%d1%80%d0%b5%d1%89%d0%b8\\\/\",\"url\":\"https:\\\/\\\/www.margiotel.com\\\/bg\\\/%d0%b7%d0%b0%d0%bb%d0%b8-%d0%b7%d0%b0-%d1%81%d1%80%d0%b5%d1%89%d0%b8\\\/\",\"name\":\"\u0417\u0430\u043b\u0438 \u0437\u0430 \u0441\u0440\u0435\u0449\u0438 - \u0425\u043e\u0442\u0435\u043b \u041c\u0430\u0440\u0433\u0438, \u041e\u0434\u0440\u0438\u043d, \u0422\u0443\u0440\u0446\u0438\u044f | \u0420\u0435\u0437\u0435\u0440\u0432\u0438\u0440\u0430\u0439\u0442\u0435 \u0441\u0435\u0433\u0430\",\"isPartOf\":{\"@id\":\"https:\\\/\\\/www.margiotel.com\\\/bg\\\/#website\"},\"datePublished\":\"2021-01-04T21:44:54+00:00\",\"dateModified\":\"2024-06-09T01:03:43+00:00\",\"description\":\"\u041c\u043e\u0436\u0435\u0442\u0435 \u0434\u0430 \u043e\u0440\u0433\u0430\u043d\u0438\u0437\u0438\u0440\u0430\u0442\u0435 \u0432\u0441\u044f\u043a\u0430\u043a\u0432\u0438 \u043f\u043e\u043a\u0430\u043d\u0438 \u0438 \u0441\u044a\u0431\u0438\u0442\u0438\u044f \u0437\u0430 \u043f\u0440\u043e\u043c\u043e\u0446\u0438\u044f \u043d\u0430 \u0441\u0440\u0435\u0449\u0438 \u0432 6 \u0440\u0430\u0437\u043b\u0438\u0447\u043d\u0438 \u0437\u0430\u043b\u0438 \u0437\u0430 \u0441\u0440\u0435\u0449\u0438 \u0441 \u0440\u0430\u0437\u043b\u0438\u0447\u043d\u0438 \u0440\u0430\u0437\u043c\u0435\u0440\u0438, \u043a\u0430\u043a\u0442\u043e \u043f\u0440\u0435\u0434\u043b\u043e\u0436\u0438\u0445\u0442\u0435.\",\"breadcrumb\":{\"@id\":\"https:\\\/\\\/www.margiotel.com\\\/bg\\\/%d0%b7%d0%b0%d0%bb%d0%b8-%d0%b7%d0%b0-%d1%81%d1%80%d0%b5%d1%89%d0%b8\\\/#breadcrumb\"},\"inLanguage\":\"bg-BG\",\"potentialAction\":[{\"@type\":\"ReadAction\",\"target\":[\"https:\\\/\\\/www.margiotel.com\\\/bg\\\/%d0%b7%d0%b0%d0%bb%d0%b8-%d0%b7%d0%b0-%d1%81%d1%80%d0%b5%d1%89%d0%b8\\\/\"]}]},{\"@type\":\"BreadcrumbList\",\"@id\":\"https:\\\/\\\/www.margiotel.com\\\/bg\\\/%d0%b7%d0%b0%d0%bb%d0%b8-%d0%b7%d0%b0-%d1%81%d1%80%d0%b5%d1%89%d0%b8\\\/#breadcrumb\",\"itemListElement\":[{\"@type\":\"ListItem\",\"position\":1,\"name\":\"Anasayfa\",\"item\":\"https:\\\/\\\/www.margiotel.com\\\/bg\\\/\"},{\"@type\":\"ListItem\",\"position\":2,\"name\":\"%%title%% %%sep%% %%sitename%%\"}]},{\"@type\":\"WebSite\",\"@id\":\"https:\\\/\\\/www.margiotel.com\\\/bg\\\/#website\",\"url\":\"https:\\\/\\\/www.margiotel.com\\\/bg\\\/\",\"name\":\"Margi Hotel, Edirne, Turkey | Edirnede En iyi otel en iyi fiyatl\u0131 rezervasyon\",\"description\":\"Edirne&#039;nin \u0130lk ve Tek 5 Y\u0131ld\u0131zl\u0131 Hoteli\",\"publisher\":{\"@id\":\"https:\\\/\\\/www.margiotel.com\\\/bg\\\/#organization\"},\"potentialAction\":[{\"@type\":\"SearchAction\",\"target\":{\"@type\":\"EntryPoint\",\"urlTemplate\":\"https:\\\/\\\/www.margiotel.com\\\/bg\\\/?s={search_term_string}\"},\"query-input\":{\"@type\":\"PropertyValueSpecification\",\"valueRequired\":true,\"valueName\":\"search_term_string\"}}],\"inLanguage\":\"bg-BG\"},{\"@type\":\"Organization\",\"@id\":\"https:\\\/\\\/www.margiotel.com\\\/bg\\\/#organization\",\"name\":\"Margi Hotel Edirne\",\"url\":\"https:\\\/\\\/www.margiotel.com\\\/bg\\\/\",\"logo\":{\"@type\":\"ImageObject\",\"inLanguage\":\"bg-BG\",\"@id\":\"https:\\\/\\\/www.margiotel.com\\\/bg\\\/#\\\/schema\\\/logo\\\/image\\\/\",\"url\":\"https:\\\/\\\/www.margiotel.com\\\/wp-content\\\/uploads\\\/2021\\\/09\\\/margi-logo-yildizli-2-1.png\",\"contentUrl\":\"https:\\\/\\\/www.margiotel.com\\\/wp-content\\\/uploads\\\/2021\\\/09\\\/margi-logo-yildizli-2-1.png\",\"width\":266,\"height\":149,\"caption\":\"Margi Hotel Edirne\"},\"image\":{\"@id\":\"https:\\\/\\\/www.margiotel.com\\\/bg\\\/#\\\/schema\\\/logo\\\/image\\\/\"},\"sameAs\":[\"https:\\\/\\\/www.facebook.com\\\/MargiHotel\\\/\",\"https:\\\/\\\/www.instagram.com\\\/margihotel\\\/\"]}]}<\/script>\n<!-- \/ Yoast SEO plugin. -->","yoast_head_json":{"title":"\u0417\u0430\u043b\u0438 \u0437\u0430 \u0441\u0440\u0435\u0449\u0438 - \u0425\u043e\u0442\u0435\u043b \u041c\u0430\u0440\u0433\u0438, \u041e\u0434\u0440\u0438\u043d, \u0422\u0443\u0440\u0446\u0438\u044f | \u0420\u0435\u0437\u0435\u0440\u0432\u0438\u0440\u0430\u0439\u0442\u0435 \u0441\u0435\u0433\u0430","description":"\u041c\u043e\u0436\u0435\u0442\u0435 \u0434\u0430 \u043e\u0440\u0433\u0430\u043d\u0438\u0437\u0438\u0440\u0430\u0442\u0435 \u0432\u0441\u044f\u043a\u0430\u043a\u0432\u0438 \u043f\u043e\u043a\u0430\u043d\u0438 \u0438 \u0441\u044a\u0431\u0438\u0442\u0438\u044f \u0437\u0430 \u043f\u0440\u043e\u043c\u043e\u0446\u0438\u044f \u043d\u0430 \u0441\u0440\u0435\u0449\u0438 \u0432 6 \u0440\u0430\u0437\u043b\u0438\u0447\u043d\u0438 \u0437\u0430\u043b\u0438 \u0437\u0430 \u0441\u0440\u0435\u0449\u0438 \u0441 \u0440\u0430\u0437\u043b\u0438\u0447\u043d\u0438 \u0440\u0430\u0437\u043c\u0435\u0440\u0438, \u043a\u0430\u043a\u0442\u043e \u043f\u0440\u0435\u0434\u043b\u043e\u0436\u0438\u0445\u0442\u0435.","robots":{"index":"index","follow":"follow","max-snippet":"max-snippet:-1","max-image-preview":"max-image-preview:large","max-video-preview":"max-video-preview:-1"},"canonical":"https:\/\/www.margiotel.com\/bg\/%d0%b7%d0%b0%d0%bb%d0%b8-%d0%b7%d0%b0-%d1%81%d1%80%d0%b5%d1%89%d0%b8\/","og_locale":"bg_BG","og_type":"article","og_title":"90","og_description":"false","og_url":"https:\/\/www.margiotel.com\/bg\/%d0%b7%d0%b0%d0%bb%d0%b8-%d0%b7%d0%b0-%d1%81%d1%80%d0%b5%d1%89%d0%b8\/","og_site_name":"Margi Hotel, Edirne, Turkey | Edirnede En iyi otel en iyi fiyatl\u0131 rezervasyon","article_publisher":"https:\/\/www.facebook.com\/MargiHotel\/","article_modified_time":"2024-06-09T01:03:43+00:00","twitter_card":"summary_large_image","twitter_misc":{"Est. reading time":"1 \u043c\u0438\u043d\u0443\u0442\u0430"},"schema":{"@context":"https:\/\/schema.org","@graph":[{"@type":"WebPage","@id":"https:\/\/www.margiotel.com\/bg\/%d0%b7%d0%b0%d0%bb%d0%b8-%d0%b7%d0%b0-%d1%81%d1%80%d0%b5%d1%89%d0%b8\/","url":"https:\/\/www.margiotel.com\/bg\/%d0%b7%d0%b0%d0%bb%d0%b8-%d0%b7%d0%b0-%d1%81%d1%80%d0%b5%d1%89%d0%b8\/","name":"\u0417\u0430\u043b\u0438 \u0437\u0430 \u0441\u0440\u0435\u0449\u0438 - \u0425\u043e\u0442\u0435\u043b \u041c\u0430\u0440\u0433\u0438, \u041e\u0434\u0440\u0438\u043d, \u0422\u0443\u0440\u0446\u0438\u044f | \u0420\u0435\u0437\u0435\u0440\u0432\u0438\u0440\u0430\u0439\u0442\u0435 \u0441\u0435\u0433\u0430","isPartOf":{"@id":"https:\/\/www.margiotel.com\/bg\/#website"},"datePublished":"2021-01-04T21:44:54+00:00","dateModified":"2024-06-09T01:03:43+00:00","description":"\u041c\u043e\u0436\u0435\u0442\u0435 \u0434\u0430 \u043e\u0440\u0433\u0430\u043d\u0438\u0437\u0438\u0440\u0430\u0442\u0435 \u0432\u0441\u044f\u043a\u0430\u043a\u0432\u0438 \u043f\u043e\u043a\u0430\u043d\u0438 \u0438 \u0441\u044a\u0431\u0438\u0442\u0438\u044f \u0437\u0430 \u043f\u0440\u043e\u043c\u043e\u0446\u0438\u044f \u043d\u0430 \u0441\u0440\u0435\u0449\u0438 \u0432 6 \u0440\u0430\u0437\u043b\u0438\u0447\u043d\u0438 \u0437\u0430\u043b\u0438 \u0437\u0430 \u0441\u0440\u0435\u0449\u0438 \u0441 \u0440\u0430\u0437\u043b\u0438\u0447\u043d\u0438 \u0440\u0430\u0437\u043c\u0435\u0440\u0438, \u043a\u0430\u043a\u0442\u043e \u043f\u0440\u0435\u0434\u043b\u043e\u0436\u0438\u0445\u0442\u0435.","breadcrumb":{"@id":"https:\/\/www.margiotel.com\/bg\/%d0%b7%d0%b0%d0%bb%d0%b8-%d0%b7%d0%b0-%d1%81%d1%80%d0%b5%d1%89%d0%b8\/#breadcrumb"},"inLanguage":"bg-BG","potentialAction":[{"@type":"ReadAction","target":["https:\/\/www.margiotel.com\/bg\/%d0%b7%d0%b0%d0%bb%d0%b8-%d0%b7%d0%b0-%d1%81%d1%80%d0%b5%d1%89%d0%b8\/"]}]},{"@type":"BreadcrumbList","@id":"https:\/\/www.margiotel.com\/bg\/%d0%b7%d0%b0%d0%bb%d0%b8-%d0%b7%d0%b0-%d1%81%d1%80%d0%b5%d1%89%d0%b8\/#breadcrumb","itemListElement":[{"@type":"ListItem","position":1,"name":"Anasayfa","item":"https:\/\/www.margiotel.com\/bg\/"},{"@type":"ListItem","position":2,"name":"%%title%% %%sep%% %%sitename%%"}]},{"@type":"WebSite","@id":"https:\/\/www.margiotel.com\/bg\/#website","url":"https:\/\/www.margiotel.com\/bg\/","name":"Margi Hotel, Edirne, Turkey | Edirnede En iyi otel en iyi fiyatl\u0131 rezervasyon","description":"Edirne&#039;nin \u0130lk ve Tek 5 Y\u0131ld\u0131zl\u0131 Hoteli","publisher":{"@id":"https:\/\/www.margiotel.com\/bg\/#organization"},"potentialAction":[{"@type":"SearchAction","target":{"@type":"EntryPoint","urlTemplate":"https:\/\/www.margiotel.com\/bg\/?s={search_term_string}"},"query-input":{"@type":"PropertyValueSpecification","valueRequired":true,"valueName":"search_term_string"}}],"inLanguage":"bg-BG"},{"@type":"Organization","@id":"https:\/\/www.margiotel.com\/bg\/#organization","name":"Margi Hotel Edirne","url":"https:\/\/www.margiotel.com\/bg\/","logo":{"@type":"ImageObject","inLanguage":"bg-BG","@id":"https:\/\/www.margiotel.com\/bg\/#\/schema\/logo\/image\/","url":"https:\/\/www.margiotel.com\/wp-content\/uploads\/2021\/09\/margi-logo-yildizli-2-1.png","contentUrl":"https:\/\/www.margiotel.com\/wp-content\/uploads\/2021\/09\/margi-logo-yildizli-2-1.png","width":266,"height":149,"caption":"Margi Hotel Edirne"},"image":{"@id":"https:\/\/www.margiotel.com\/bg\/#\/schema\/logo\/image\/"},"sameAs":["https:\/\/www.facebook.com\/MargiHotel\/","https:\/\/www.instagram.com\/margihotel\/"]}]}},"_links":{"self":[{"href":"https:\/\/www.margiotel.com\/bg\/wp-json\/wp\/v2\/pages\/5047","targetHints":{"allow":["GET"]}}],"collection":[{"href":"https:\/\/www.margiotel.com\/bg\/wp-json\/wp\/v2\/pages"}],"about":[{"href":"https:\/\/www.margiotel.com\/bg\/wp-json\/wp\/v2\/types\/page"}],"author":[{"embeddable":true,"href":"https:\/\/www.margiotel.com\/bg\/wp-json\/wp\/v2\/users\/1"}],"replies":[{"embeddable":true,"href":"https:\/\/www.margiotel.com\/bg\/wp-json\/wp\/v2\/comments?post=5047"}],"version-history":[{"count":1,"href":"https:\/\/www.margiotel.com\/bg\/wp-json\/wp\/v2\/pages\/5047\/revisions"}],"predecessor-version":[{"id":6776,"href":"https:\/\/www.margiotel.com\/bg\/wp-json\/wp\/v2\/pages\/5047\/revisions\/6776"}],"wp:attachment":[{"href":"https:\/\/www.margiotel.com\/bg\/wp-json\/wp\/v2\/media?parent=5047"}],"curies":[{"name":"wp","href":"https:\/\/api.w.org\/{rel}","templated":true}]}}