{"id":5043,"date":"2021-01-05T00:51:28","date_gmt":"2021-01-04T21:51:28","guid":{"rendered":"https:\/\/margiotel.com\/?page_id=5043"},"modified":"2024-06-09T04:13:15","modified_gmt":"2024-06-09T01:13:15","slug":"%d0%b7%d0%b5%d0%bb%d0%b5%d0%bd-%d1%80%d0%b5%d1%81%d1%82%d0%be%d1%80%d0%b0%d0%bd%d1%82","status":"publish","type":"page","link":"https:\/\/www.margiotel.com\/bg\/%d0%b7%d0%b5%d0%bb%d0%b5%d0%bd-%d1%80%d0%b5%d1%81%d1%82%d0%be%d1%80%d0%b0%d0%bd%d1%82\/","title":{"rendered":"\u0417\u0435\u043b\u0435\u043d \u0440\u0435\u0441\u0442\u043e\u0440\u0430\u043d\u0442"},"content":{"rendered":"<div class=\"wpb-content-wrapper\"><p>[vc_row css=&#8221;.vc_custom_1632181203610{margin-top: 0px !important;border-top-width: 0px !important;padding-top: 0px !important;}&#8221;][vc_column]\n\t\t\t<!-- START Green Restaurant Margi Hotel Edirne REVOLUTION SLIDER 6.7.41 --><p class=\"rs-p-wp-fix\"><\/p>\n\t\t\t<rs-module-wrap id=\"rev_slider_16_1_wrapper\" data-source=\"gallery\" style=\"visibility:hidden;background:transparent;padding:0;margin:0px auto;margin-top:0;margin-bottom:0;\">\n\t\t\t\t<rs-module id=\"rev_slider_16_1\" style=\"\" data-version=\"6.7.41\">\n\t\t\t\t\t<rs-slides style=\"overflow: hidden; position: absolute;\">\n\t\t\t\t\t\t<rs-slide style=\"position: absolute;\" data-key=\"rs-41\" data-title=\"Slide\" data-thumb=\"\/\/www.margiotel.com\/wp-content\/uploads\/2021\/09\/MG_4389-1536x1024-50x100.jpg\" data-duration=\"4000ms\" data-anim=\"adpr:false;\" data-in=\"o:0;\" data-out=\"a:false;\">\n\t\t\t\t\t\t\t<img decoding=\"async\" src=\"\/\/www.margiotel.com\/wp-content\/plugins\/revslider\/sr6\/assets\/assets\/dummy.png\" alt=\"\" title=\"Kahvalt\u0131 Green Restauran Margi Hotel Edirnet\" width=\"1536\" height=\"1024\" class=\"rev-slidebg tp-rs-img rs-lazyload\" data-lazyload=\"\/\/www.margiotel.com\/wp-content\/uploads\/2021\/09\/MG_4389-1536x1024.jpg\" data-no-retina>\n<!---->\t\t\t\t\t<\/rs-slide>\n\t\t\t\t\t\t<rs-slide style=\"position: absolute;\" data-key=\"rs-35\" data-title=\"Slide\" data-thumb=\"\/\/margiotel.com\/wp-content\/uploads\/2021\/09\/264201318528281.jpg\" data-duration=\"4000ms\" data-anim=\"adpr:false;\" data-in=\"o:0;\" data-out=\"a:false;\">\n\t\t\t\t\t\t\t<img decoding=\"async\" src=\"\/\/www.margiotel.com\/wp-content\/plugins\/revslider\/sr6\/assets\/assets\/dummy.png\" alt=\"\" title=\"264201318528281\" width=\"858\" height=\"570\" class=\"rev-slidebg tp-rs-img rs-lazyload\" data-lazyload=\"\/\/margiotel.com\/wp-content\/uploads\/2021\/09\/264201318528281.jpg\" data-no-retina>\n<!---->\t\t\t\t\t<\/rs-slide>\n\t\t\t\t\t\t<rs-slide style=\"position: absolute;\" data-key=\"rs-36\" data-title=\"Slide\" data-thumb=\"\/\/margiotel.com\/wp-content\/uploads\/2019\/12\/restoran-masa.jpg\" data-duration=\"4000ms\" data-anim=\"adpr:false;\" data-in=\"o:0;\" data-out=\"a:false;\">\n\t\t\t\t\t\t\t<img decoding=\"async\" src=\"\/\/www.margiotel.com\/wp-content\/plugins\/revslider\/sr6\/assets\/assets\/dummy.png\" alt=\"\" title=\"Green Restoran Margi Hotel Edirne\" width=\"960\" height=\"637\" class=\"rev-slidebg tp-rs-img rs-lazyload\" data-lazyload=\"\/\/margiotel.com\/wp-content\/uploads\/2019\/12\/restoran-masa.jpg\" data-bg=\"p:center bottom;\" data-no-retina>\n<!---->\t\t\t\t\t<\/rs-slide>\n\t\t\t\t\t\t<rs-slide style=\"position: absolute;\" data-key=\"rs-37\" data-title=\"Slide\" data-thumb=\"\/\/margiotel.com\/wp-content\/uploads\/2021\/09\/242013155953528.jpg\" data-duration=\"4000ms\" data-anim=\"adpr:false;\" data-in=\"o:0;\" data-out=\"a:false;\">\n\t\t\t\t\t\t\t<img decoding=\"async\" src=\"\/\/www.margiotel.com\/wp-content\/plugins\/revslider\/sr6\/assets\/assets\/dummy.png\" alt=\"\" title=\"Green Restaurant Margi Hotel Edirne\" width=\"1024\" height=\"680\" class=\"rev-slidebg tp-rs-img rs-lazyload\" data-lazyload=\"\/\/margiotel.com\/wp-content\/uploads\/2021\/09\/242013155953528.jpg\" data-bg=\"p:center bottom;\" data-no-retina>\n<!---->\t\t\t\t\t<\/rs-slide>\n\t\t\t\t\t<\/rs-slides>\n\t\t\t\t\t<rs-static-layers><!--\n\n\t\t\t\t\t\t\t--><rs-layer\n\t\t\t\t\t\t\t\tid=\"slider-16-slide-20-layer-1\" \n\t\t\t\t\t\t\t\tclass=\"rs-layer-static\"\n\t\t\t\t\t\t\t\tdata-type=\"text\"\n\t\t\t\t\t\t\t\tdata-color=\"#d2ff59\"\n\t\t\t\t\t\t\t\tdata-tsh=\"c:rgba(0,0,0,0.5);h:5px;v:5px;\"\n\t\t\t\t\t\t\t\tdata-xy=\"x:c;yo:82px,82px,82px,63px;\"\n\t\t\t\t\t\t\t\tdata-text=\"w:normal;s:90,90,76,41;l:25,25,21,12;a:center;\"\n\t\t\t\t\t\t\t\tdata-dim=\"w:auto,auto,auto,466px;h:auto,auto,auto,105px;\"\n\t\t\t\t\t\t\t\tdata-rsp_o=\"off\"\n\t\t\t\t\t\t\t\tdata-rsp_bd=\"off\"\n\t\t\t\t\t\t\t\tdata-onslides=\"s:1;\"\n\t\t\t\t\t\t\t\tdata-frame_0=\"x:0,0,0px,0px;y:top;\"\n\t\t\t\t\t\t\t\tdata-frame_1=\"x:0,0,0px,0px;y:0,0,0px,0px;st:940;sp:2120;sR:940;\"\n\t\t\t\t\t\t\t\tdata-frame_999=\"o:0;st:5000;sR:1940;\"\n\t\t\t\t\t\t\t\tstyle=\"z-index:5;font-family:'Poppins';\"\n\t\t\t\t\t\t\t>Green Restaurant \n\t\t\t\t\t\t\t<\/rs-layer><!--\n\t\t\t\t\t--><\/rs-static-layers>\n\t\t\t\t<\/rs-module>\n\t\t\t\t<script>\n\t\t\t\t\tsetREVStartSize({c: 'rev_slider_16_1',rl:[1240,1024,778,480],el:[900,768,960,720],gw:[1240,1024,778,480],gh:[900,768,960,720],type:'standard',justify:'',layout:'fullwidth',mh:\"0\"});if (window.RS_MODULES!==undefined && window.RS_MODULES.modules!==undefined && window.RS_MODULES.modules[\"revslider161\"]!==undefined) {window.RS_MODULES.modules[\"revslider161\"].once = false;window.revapi16 = undefined;if (window.RS_MODULES.checkMinimal!==undefined) window.RS_MODULES.checkMinimal()}\n\t\t\t\t<\/script>\n\t\t\t<\/rs-module-wrap>\n\t\t\t<!-- END REVOLUTION SLIDER -->\n[vc_zigzag css=&#8221;.vc_custom_1632181390151{padding-top: 50px !important;padding-bottom: 50px !important;}&#8221;][\/vc_column][\/vc_row][vc_row][vc_column width=&#8221;1\/2&#8243;]\t\t\t<div\r\n\t\t\t\tclass=\"main_title  text-left  mt_wave\">\r\n\t\t\t\t<h2 class=\"title\">\u0417\u0415\u041b\u0415\u041d \u0420\u0415\u0421\u0422\u041e\u0420\u0410\u041d\u0422<\/h2>\r\n\t\t\t\t\t\t\t\t\t<p class=\"main_description\">\u041e\u0441\u043d\u043e\u0432\u0435\u043d \u0440\u0435\u0441\u0442\u043e\u0440\u0430\u043d\u0442 \u043d\u0430 \u0445\u043e\u0442\u0435\u043b Margi<\/p>\r\n\t\t\t\t\t\t\t<\/div>\r\n\t\t[vc_column_text]\u0422\u043e\u0439 \u043e\u0431\u0441\u043b\u0443\u0436\u0432\u0430 24 \u0447\u0430\u0441\u0430 \u043d\u0430 \u0434\u0435\u043d \u043a\u0430\u0442\u043e \u0437\u0430\u043b\u0430 \u0437\u0430 \u0437\u0430\u043a\u0443\u0441\u043a\u0430 \u0438 A La Carte \u0441 \u043a\u0430\u043f\u0430\u0446\u0438\u0442\u0435\u0442 \u043e\u0442 240 \u0434\u0443\u0448\u0438.<\/p>\n<p>\u041c\u043e\u0436\u0435\u0442\u0435 \u0434\u0430 \u0441\u0435 \u043d\u0430\u0441\u043b\u0430\u0434\u0438\u0442\u0435 \u043d\u0430 \u043e\u0442\u0432\u043e\u0440\u0435\u043d\u0430 \u0437\u0430\u043a\u0443\u0441\u043a\u0430 \u043d\u0430 \u0448\u0432\u0435\u0434\u0441\u043a\u0430 \u043c\u0430\u0441\u0430 \u0432\u0441\u0435\u043a\u0438 \u0434\u0435\u043d \u043e\u0442 \u0441\u0435\u0434\u043c\u0438\u0446\u0430\u0442\u0430.[\/vc_column_text][vc_message message_box_style=&#8221;3d&#8221; message_box_color=&#8221;success&#8221; icon_fontawesome=&#8221;&#8221;]\u041c\u043e\u043b\u044f, \u043e\u0431\u0430\u0434\u0435\u0442\u0435 \u0441\u0435 \u0437\u0430 \u0432\u0430\u0448\u0438\u0442\u0435 \u0441\u043f\u0435\u0446\u0438\u0430\u043b\u043d\u0438 \u0434\u043d\u0438, \u043f\u043e\u043a\u0430\u043d\u0438, \u044f\u0441\u0442\u0438\u044f, \u0441\u044a\u0431\u0438\u0442\u0438\u044f \u0437\u0430 \u0441\u0440\u0435\u0449\u0438.<\/p>\n<p>\u0422\u0435\u043b\u0435\u0444\u043e\u043d: <a href=\"tel:00902842366236\"> +90 284 236 6 236 <\/a>[\/vc_message][\/vc_column][vc_column width=&#8221;1\/2&#8243;][vc_gallery interval=&#8221;3&#8243; images=&#8221;2189,2191,2192,2193,2194,2195,3082&#8243; img_size=&#8221;large&#8221; onclick=&#8221;&#8221;][\/vc_column][\/vc_row]<\/p>\n<\/div>","protected":false},"excerpt":{"rendered":"<p>[vc_row css=&#8221;.vc_custom_1632181203610{margin-top: 0px !important;border-top-width: 0px !important;padding-top: 0px !important;}&#8221;][vc_column][vc_zigzag css=&#8221;.vc_custom_1632181390151{padding-top: 50px !important;padding-bottom: 50px !important;}&#8221;][\/vc_column][\/vc_row][vc_row][vc_column width=&#8221;1\/2&#8243;][vc_column_text]\u0422\u043e\u0439 \u043e\u0431\u0441\u043b\u0443\u0436\u0432\u0430 24 \u0447\u0430\u0441\u0430 \u043d\u0430 \u0434\u0435\u043d \u043a\u0430\u0442\u043e \u0437\u0430\u043b\u0430 \u0437\u0430 \u0437\u0430\u043a\u0443\u0441\u043a\u0430 \u0438 A La Carte \u0441 \u043a\u0430\u043f\u0430\u0446\u0438\u0442\u0435\u0442 \u043e\u0442 240 \u0434\u0443\u0448\u0438. \u041c\u043e\u0436\u0435\u0442\u0435 \u0434\u0430 \u0441\u0435 \u043d\u0430\u0441\u043b\u0430\u0434\u0438\u0442\u0435 \u043d\u0430 \u043e\u0442\u0432\u043e\u0440\u0435\u043d\u0430 \u0437\u0430\u043a\u0443\u0441\u043a\u0430 \u043d\u0430 \u0448\u0432\u0435\u0434\u0441\u043a\u0430 \u043c\u0430\u0441\u0430 \u0432\u0441\u0435\u043a\u0438 \u0434\u0435\u043d \u043e\u0442 \u0441\u0435\u0434\u043c\u0438\u0446\u0430\u0442\u0430.[\/vc_column_text][vc_message message_box_style=&#8221;3d&#8221; message_box_color=&#8221;success&#8221; icon_fontawesome=&#8221;&#8221;]\u041c\u043e\u043b\u044f, \u043e\u0431\u0430\u0434\u0435\u0442\u0435 \u0441\u0435 \u0437\u0430 \u0432\u0430\u0448\u0438\u0442\u0435 \u0441\u043f\u0435\u0446\u0438\u0430\u043b\u043d\u0438 \u0434\u043d\u0438, [&hellip;]<\/p>\n","protected":false},"author":1,"featured_media":0,"parent":0,"menu_order":0,"comment_status":"closed","ping_status":"closed","template":"","meta":{"_joinchat":[],"footnotes":""},"class_list":["post-5043","page","type-page","status-publish","hentry"],"yoast_head":"<!-- This site is optimized with the Yoast SEO plugin v27.3 - https:\/\/yoast.com\/product\/yoast-seo-wordpress\/ -->\n<title>\u0417\u0435\u043b\u0435\u043d \u0440\u0435\u0441\u0442\u043e\u0440\u0430\u043d\u0442 - \u0425\u043e\u0442\u0435\u043b \u041c\u0430\u0440\u0433\u0438, \u041e\u0434\u0440\u0438\u043d, \u0422\u0443\u0440\u0446\u0438\u044f | \u0420\u0435\u0437\u0435\u0440\u0432\u0438\u0440\u0430\u0439\u0442\u0435 \u0441\u0435\u0433\u0430<\/title>\n<meta name=\"description\" content=\"\u041d\u0430\u043c\u0435\u0440\u0435\u0442\u0435 \u043d\u0430\u0439 -\u0434\u043e\u0431\u0440\u0438\u0442\u0435 \u0445\u0440\u0430\u043d\u0438 \u0432 \u0433\u0440\u0430\u0434\u0430 \u0432 \u0433\u043b\u0430\u0432\u043d\u0438\u044f \u0440\u0435\u0441\u0442\u043e\u0440\u0430\u043d\u0442 \u043d\u0430 \u0445\u043e\u0442\u0435\u043b Margi. \u041f\u043e\u0432\u0435\u0447\u0435 \u0438\u043d\u0444\u043e\u0440\u043c\u0430\u0446\u0438\u044f \u0438 \u043c\u0435\u043d\u044e\u0442\u043e \u043d\u0430 \u0440\u0435\u0441\u0442\u043e\u0440\u0430\u043d\u0442\u0430 \u043d\u0438 \u0441\u0430 \u0434\u043e\u0441\u0442\u044a\u043f\u043d\u0438 \u043e\u043d\u043b\u0430\u0439\u043d\" \/>\n<meta name=\"robots\" content=\"index, follow, max-snippet:-1, max-image-preview:large, max-video-preview:-1\" \/>\n<link rel=\"canonical\" href=\"https:\/\/www.margiotel.com\/bg\/%d0%b7%d0%b5%d0%bb%d0%b5%d0%bd-%d1%80%d0%b5%d1%81%d1%82%d0%be%d1%80%d0%b0%d0%bd%d1%82\/\" \/>\n<meta property=\"og:locale\" content=\"bg_BG\" \/>\n<meta property=\"og:type\" content=\"article\" \/>\n<meta property=\"og:title\" content=\"60\" \/>\n<meta property=\"og:description\" content=\"false\" \/>\n<meta property=\"og:url\" content=\"https:\/\/www.margiotel.com\/bg\/%d0%b7%d0%b5%d0%bb%d0%b5%d0%bd-%d1%80%d0%b5%d1%81%d1%82%d0%be%d1%80%d0%b0%d0%bd%d1%82\/\" \/>\n<meta property=\"og:site_name\" content=\"Margi Hotel, Edirne, Turkey | Edirnede En iyi otel en iyi fiyatl\u0131 rezervasyon\" \/>\n<meta property=\"article:publisher\" content=\"https:\/\/www.facebook.com\/MargiHotel\/\" \/>\n<meta property=\"article:modified_time\" content=\"2024-06-09T01:13:15+00:00\" \/>\n<meta name=\"twitter:card\" content=\"summary_large_image\" \/>\n<meta name=\"twitter:label1\" content=\"Est. reading time\" \/>\n\t<meta name=\"twitter:data1\" content=\"1 \u043c\u0438\u043d\u0443\u0442\u0430\" \/>\n<script type=\"application\/ld+json\" class=\"yoast-schema-graph\">{\"@context\":\"https:\\\/\\\/schema.org\",\"@graph\":[{\"@type\":\"WebPage\",\"@id\":\"https:\\\/\\\/www.margiotel.com\\\/bg\\\/%d0%b7%d0%b5%d0%bb%d0%b5%d0%bd-%d1%80%d0%b5%d1%81%d1%82%d0%be%d1%80%d0%b0%d0%bd%d1%82\\\/\",\"url\":\"https:\\\/\\\/www.margiotel.com\\\/bg\\\/%d0%b7%d0%b5%d0%bb%d0%b5%d0%bd-%d1%80%d0%b5%d1%81%d1%82%d0%be%d1%80%d0%b0%d0%bd%d1%82\\\/\",\"name\":\"\u0417\u0435\u043b\u0435\u043d \u0440\u0435\u0441\u0442\u043e\u0440\u0430\u043d\u0442 - \u0425\u043e\u0442\u0435\u043b \u041c\u0430\u0440\u0433\u0438, \u041e\u0434\u0440\u0438\u043d, \u0422\u0443\u0440\u0446\u0438\u044f | \u0420\u0435\u0437\u0435\u0440\u0432\u0438\u0440\u0430\u0439\u0442\u0435 \u0441\u0435\u0433\u0430\",\"isPartOf\":{\"@id\":\"https:\\\/\\\/www.margiotel.com\\\/bg\\\/#website\"},\"datePublished\":\"2021-01-04T21:51:28+00:00\",\"dateModified\":\"2024-06-09T01:13:15+00:00\",\"description\":\"\u041d\u0430\u043c\u0435\u0440\u0435\u0442\u0435 \u043d\u0430\u0439 -\u0434\u043e\u0431\u0440\u0438\u0442\u0435 \u0445\u0440\u0430\u043d\u0438 \u0432 \u0433\u0440\u0430\u0434\u0430 \u0432 \u0433\u043b\u0430\u0432\u043d\u0438\u044f \u0440\u0435\u0441\u0442\u043e\u0440\u0430\u043d\u0442 \u043d\u0430 \u0445\u043e\u0442\u0435\u043b Margi. \u041f\u043e\u0432\u0435\u0447\u0435 \u0438\u043d\u0444\u043e\u0440\u043c\u0430\u0446\u0438\u044f \u0438 \u043c\u0435\u043d\u044e\u0442\u043e \u043d\u0430 \u0440\u0435\u0441\u0442\u043e\u0440\u0430\u043d\u0442\u0430 \u043d\u0438 \u0441\u0430 \u0434\u043e\u0441\u0442\u044a\u043f\u043d\u0438 \u043e\u043d\u043b\u0430\u0439\u043d\",\"breadcrumb\":{\"@id\":\"https:\\\/\\\/www.margiotel.com\\\/bg\\\/%d0%b7%d0%b5%d0%bb%d0%b5%d0%bd-%d1%80%d0%b5%d1%81%d1%82%d0%be%d1%80%d0%b0%d0%bd%d1%82\\\/#breadcrumb\"},\"inLanguage\":\"bg-BG\",\"potentialAction\":[{\"@type\":\"ReadAction\",\"target\":[\"https:\\\/\\\/www.margiotel.com\\\/bg\\\/%d0%b7%d0%b5%d0%bb%d0%b5%d0%bd-%d1%80%d0%b5%d1%81%d1%82%d0%be%d1%80%d0%b0%d0%bd%d1%82\\\/\"]}]},{\"@type\":\"BreadcrumbList\",\"@id\":\"https:\\\/\\\/www.margiotel.com\\\/bg\\\/%d0%b7%d0%b5%d0%bb%d0%b5%d0%bd-%d1%80%d0%b5%d1%81%d1%82%d0%be%d1%80%d0%b0%d0%bd%d1%82\\\/#breadcrumb\",\"itemListElement\":[{\"@type\":\"ListItem\",\"position\":1,\"name\":\"Anasayfa\",\"item\":\"https:\\\/\\\/www.margiotel.com\\\/bg\\\/\"},{\"@type\":\"ListItem\",\"position\":2,\"name\":\"\u0417\u0435\u043b\u0435\u043d \u0440\u0435\u0441\u0442\u043e\u0440\u0430\u043d\u0442\"}]},{\"@type\":\"WebSite\",\"@id\":\"https:\\\/\\\/www.margiotel.com\\\/bg\\\/#website\",\"url\":\"https:\\\/\\\/www.margiotel.com\\\/bg\\\/\",\"name\":\"Margi Hotel, Edirne, Turkey | Edirnede En iyi otel en iyi fiyatl\u0131 rezervasyon\",\"description\":\"Edirne&#039;nin \u0130lk ve Tek 5 Y\u0131ld\u0131zl\u0131 Hoteli\",\"publisher\":{\"@id\":\"https:\\\/\\\/www.margiotel.com\\\/bg\\\/#organization\"},\"potentialAction\":[{\"@type\":\"SearchAction\",\"target\":{\"@type\":\"EntryPoint\",\"urlTemplate\":\"https:\\\/\\\/www.margiotel.com\\\/bg\\\/?s={search_term_string}\"},\"query-input\":{\"@type\":\"PropertyValueSpecification\",\"valueRequired\":true,\"valueName\":\"search_term_string\"}}],\"inLanguage\":\"bg-BG\"},{\"@type\":\"Organization\",\"@id\":\"https:\\\/\\\/www.margiotel.com\\\/bg\\\/#organization\",\"name\":\"Margi Hotel Edirne\",\"url\":\"https:\\\/\\\/www.margiotel.com\\\/bg\\\/\",\"logo\":{\"@type\":\"ImageObject\",\"inLanguage\":\"bg-BG\",\"@id\":\"https:\\\/\\\/www.margiotel.com\\\/bg\\\/#\\\/schema\\\/logo\\\/image\\\/\",\"url\":\"https:\\\/\\\/www.margiotel.com\\\/wp-content\\\/uploads\\\/2021\\\/09\\\/margi-logo-yildizli-2-1.png\",\"contentUrl\":\"https:\\\/\\\/www.margiotel.com\\\/wp-content\\\/uploads\\\/2021\\\/09\\\/margi-logo-yildizli-2-1.png\",\"width\":266,\"height\":149,\"caption\":\"Margi Hotel Edirne\"},\"image\":{\"@id\":\"https:\\\/\\\/www.margiotel.com\\\/bg\\\/#\\\/schema\\\/logo\\\/image\\\/\"},\"sameAs\":[\"https:\\\/\\\/www.facebook.com\\\/MargiHotel\\\/\",\"https:\\\/\\\/www.instagram.com\\\/margihotel\\\/\"]}]}<\/script>\n<!-- \/ Yoast SEO plugin. -->","yoast_head_json":{"title":"\u0417\u0435\u043b\u0435\u043d \u0440\u0435\u0441\u0442\u043e\u0440\u0430\u043d\u0442 - \u0425\u043e\u0442\u0435\u043b \u041c\u0430\u0440\u0433\u0438, \u041e\u0434\u0440\u0438\u043d, \u0422\u0443\u0440\u0446\u0438\u044f | \u0420\u0435\u0437\u0435\u0440\u0432\u0438\u0440\u0430\u0439\u0442\u0435 \u0441\u0435\u0433\u0430","description":"\u041d\u0430\u043c\u0435\u0440\u0435\u0442\u0435 \u043d\u0430\u0439 -\u0434\u043e\u0431\u0440\u0438\u0442\u0435 \u0445\u0440\u0430\u043d\u0438 \u0432 \u0433\u0440\u0430\u0434\u0430 \u0432 \u0433\u043b\u0430\u0432\u043d\u0438\u044f \u0440\u0435\u0441\u0442\u043e\u0440\u0430\u043d\u0442 \u043d\u0430 \u0445\u043e\u0442\u0435\u043b Margi. \u041f\u043e\u0432\u0435\u0447\u0435 \u0438\u043d\u0444\u043e\u0440\u043c\u0430\u0446\u0438\u044f \u0438 \u043c\u0435\u043d\u044e\u0442\u043e \u043d\u0430 \u0440\u0435\u0441\u0442\u043e\u0440\u0430\u043d\u0442\u0430 \u043d\u0438 \u0441\u0430 \u0434\u043e\u0441\u0442\u044a\u043f\u043d\u0438 \u043e\u043d\u043b\u0430\u0439\u043d","robots":{"index":"index","follow":"follow","max-snippet":"max-snippet:-1","max-image-preview":"max-image-preview:large","max-video-preview":"max-video-preview:-1"},"canonical":"https:\/\/www.margiotel.com\/bg\/%d0%b7%d0%b5%d0%bb%d0%b5%d0%bd-%d1%80%d0%b5%d1%81%d1%82%d0%be%d1%80%d0%b0%d0%bd%d1%82\/","og_locale":"bg_BG","og_type":"article","og_title":"60","og_description":"false","og_url":"https:\/\/www.margiotel.com\/bg\/%d0%b7%d0%b5%d0%bb%d0%b5%d0%bd-%d1%80%d0%b5%d1%81%d1%82%d0%be%d1%80%d0%b0%d0%bd%d1%82\/","og_site_name":"Margi Hotel, Edirne, Turkey | Edirnede En iyi otel en iyi fiyatl\u0131 rezervasyon","article_publisher":"https:\/\/www.facebook.com\/MargiHotel\/","article_modified_time":"2024-06-09T01:13:15+00:00","twitter_card":"summary_large_image","twitter_misc":{"Est. reading time":"1 \u043c\u0438\u043d\u0443\u0442\u0430"},"schema":{"@context":"https:\/\/schema.org","@graph":[{"@type":"WebPage","@id":"https:\/\/www.margiotel.com\/bg\/%d0%b7%d0%b5%d0%bb%d0%b5%d0%bd-%d1%80%d0%b5%d1%81%d1%82%d0%be%d1%80%d0%b0%d0%bd%d1%82\/","url":"https:\/\/www.margiotel.com\/bg\/%d0%b7%d0%b5%d0%bb%d0%b5%d0%bd-%d1%80%d0%b5%d1%81%d1%82%d0%be%d1%80%d0%b0%d0%bd%d1%82\/","name":"\u0417\u0435\u043b\u0435\u043d \u0440\u0435\u0441\u0442\u043e\u0440\u0430\u043d\u0442 - \u0425\u043e\u0442\u0435\u043b \u041c\u0430\u0440\u0433\u0438, \u041e\u0434\u0440\u0438\u043d, \u0422\u0443\u0440\u0446\u0438\u044f | \u0420\u0435\u0437\u0435\u0440\u0432\u0438\u0440\u0430\u0439\u0442\u0435 \u0441\u0435\u0433\u0430","isPartOf":{"@id":"https:\/\/www.margiotel.com\/bg\/#website"},"datePublished":"2021-01-04T21:51:28+00:00","dateModified":"2024-06-09T01:13:15+00:00","description":"\u041d\u0430\u043c\u0435\u0440\u0435\u0442\u0435 \u043d\u0430\u0439 -\u0434\u043e\u0431\u0440\u0438\u0442\u0435 \u0445\u0440\u0430\u043d\u0438 \u0432 \u0433\u0440\u0430\u0434\u0430 \u0432 \u0433\u043b\u0430\u0432\u043d\u0438\u044f \u0440\u0435\u0441\u0442\u043e\u0440\u0430\u043d\u0442 \u043d\u0430 \u0445\u043e\u0442\u0435\u043b Margi. \u041f\u043e\u0432\u0435\u0447\u0435 \u0438\u043d\u0444\u043e\u0440\u043c\u0430\u0446\u0438\u044f \u0438 \u043c\u0435\u043d\u044e\u0442\u043e \u043d\u0430 \u0440\u0435\u0441\u0442\u043e\u0440\u0430\u043d\u0442\u0430 \u043d\u0438 \u0441\u0430 \u0434\u043e\u0441\u0442\u044a\u043f\u043d\u0438 \u043e\u043d\u043b\u0430\u0439\u043d","breadcrumb":{"@id":"https:\/\/www.margiotel.com\/bg\/%d0%b7%d0%b5%d0%bb%d0%b5%d0%bd-%d1%80%d0%b5%d1%81%d1%82%d0%be%d1%80%d0%b0%d0%bd%d1%82\/#breadcrumb"},"inLanguage":"bg-BG","potentialAction":[{"@type":"ReadAction","target":["https:\/\/www.margiotel.com\/bg\/%d0%b7%d0%b5%d0%bb%d0%b5%d0%bd-%d1%80%d0%b5%d1%81%d1%82%d0%be%d1%80%d0%b0%d0%bd%d1%82\/"]}]},{"@type":"BreadcrumbList","@id":"https:\/\/www.margiotel.com\/bg\/%d0%b7%d0%b5%d0%bb%d0%b5%d0%bd-%d1%80%d0%b5%d1%81%d1%82%d0%be%d1%80%d0%b0%d0%bd%d1%82\/#breadcrumb","itemListElement":[{"@type":"ListItem","position":1,"name":"Anasayfa","item":"https:\/\/www.margiotel.com\/bg\/"},{"@type":"ListItem","position":2,"name":"\u0417\u0435\u043b\u0435\u043d \u0440\u0435\u0441\u0442\u043e\u0440\u0430\u043d\u0442"}]},{"@type":"WebSite","@id":"https:\/\/www.margiotel.com\/bg\/#website","url":"https:\/\/www.margiotel.com\/bg\/","name":"Margi Hotel, Edirne, Turkey | Edirnede En iyi otel en iyi fiyatl\u0131 rezervasyon","description":"Edirne&#039;nin \u0130lk ve Tek 5 Y\u0131ld\u0131zl\u0131 Hoteli","publisher":{"@id":"https:\/\/www.margiotel.com\/bg\/#organization"},"potentialAction":[{"@type":"SearchAction","target":{"@type":"EntryPoint","urlTemplate":"https:\/\/www.margiotel.com\/bg\/?s={search_term_string}"},"query-input":{"@type":"PropertyValueSpecification","valueRequired":true,"valueName":"search_term_string"}}],"inLanguage":"bg-BG"},{"@type":"Organization","@id":"https:\/\/www.margiotel.com\/bg\/#organization","name":"Margi Hotel Edirne","url":"https:\/\/www.margiotel.com\/bg\/","logo":{"@type":"ImageObject","inLanguage":"bg-BG","@id":"https:\/\/www.margiotel.com\/bg\/#\/schema\/logo\/image\/","url":"https:\/\/www.margiotel.com\/wp-content\/uploads\/2021\/09\/margi-logo-yildizli-2-1.png","contentUrl":"https:\/\/www.margiotel.com\/wp-content\/uploads\/2021\/09\/margi-logo-yildizli-2-1.png","width":266,"height":149,"caption":"Margi Hotel Edirne"},"image":{"@id":"https:\/\/www.margiotel.com\/bg\/#\/schema\/logo\/image\/"},"sameAs":["https:\/\/www.facebook.com\/MargiHotel\/","https:\/\/www.instagram.com\/margihotel\/"]}]}},"_links":{"self":[{"href":"https:\/\/www.margiotel.com\/bg\/wp-json\/wp\/v2\/pages\/5043","targetHints":{"allow":["GET"]}}],"collection":[{"href":"https:\/\/www.margiotel.com\/bg\/wp-json\/wp\/v2\/pages"}],"about":[{"href":"https:\/\/www.margiotel.com\/bg\/wp-json\/wp\/v2\/types\/page"}],"author":[{"embeddable":true,"href":"https:\/\/www.margiotel.com\/bg\/wp-json\/wp\/v2\/users\/1"}],"replies":[{"embeddable":true,"href":"https:\/\/www.margiotel.com\/bg\/wp-json\/wp\/v2\/comments?post=5043"}],"version-history":[{"count":1,"href":"https:\/\/www.margiotel.com\/bg\/wp-json\/wp\/v2\/pages\/5043\/revisions"}],"predecessor-version":[{"id":6780,"href":"https:\/\/www.margiotel.com\/bg\/wp-json\/wp\/v2\/pages\/5043\/revisions\/6780"}],"wp:attachment":[{"href":"https:\/\/www.margiotel.com\/bg\/wp-json\/wp\/v2\/media?parent=5043"}],"curies":[{"name":"wp","href":"https:\/\/api.w.org\/{rel}","templated":true}]}}