{"id":5042,"date":"2021-01-05T00:52:34","date_gmt":"2021-01-04T21:52:34","guid":{"rendered":"https:\/\/margiotel.com\/?page_id=5042"},"modified":"2024-11-18T17:45:03","modified_gmt":"2024-11-18T14:45:03","slug":"%d0%ba%d0%be%d0%bd%d1%82%d0%b0%d0%ba%d1%82","status":"publish","type":"page","link":"https:\/\/www.margiotel.com\/bg\/%d0%ba%d0%be%d0%bd%d1%82%d0%b0%d0%ba%d1%82\/","title":{"rendered":"\u041a\u043e\u043d\u0442\u0430\u043a\u0442"},"content":{"rendered":"<div class=\"wpb-content-wrapper\"><p>[vc_row][vc_column][vc_empty_space height=&#8221;100&#8243;]\t\t\t<div\r\n\t\t\t\tclass=\"main_title  text-center  mt_wave\">\r\n\t\t\t\t<h2 class=\"title\">\u0421\u0432\u044a\u0440\u0436\u0435\u0442\u0435 \u0441\u0435 \u0441 \u043d\u0430\u0441<\/h2>\r\n\t\t\t\t\t\t\t<\/div>\r\n\t\t[vc_column_text]<\/p>\n<div class=\"elementor-element elementor-element-fb46b47 elementor-widget elementor-widget-text-editor\" data-id=\"fb46b47\" data-element_type=\"widget\" data-widget_type=\"text-editor.default\">\n<div class=\"elementor-widget-container\">\n<p style=\"text-align: center;\"><a href=\"https:\/\/www.google.com\/maps\/dir\/\/%C4%B0stasyon,+Margi+Hotel,+Atat%C3%BCrk+ Blv+No: 60,+22030+Edirne+Merkez%2FEdirne\/@41.6614574,26.5811571,18z\/data =! 4m9! 4m8! 1m0! 1m5! 1m1! 1s0x14b32fa017071439: 0x2bb268cf88557e6! 2d2\" target=\" _ blank \" rel=\"noopener\"> 1. Murat Mah. Atat\u00fcrk Bulvar\u0131 No: 60 Edirne\/Merkez \u0422\u0423\u0420\u0426\u0418\u042f <\/a><\/p>\n<p style=\"text-align: center;\"><a href=\"tel:00902842366236\">\u0422\u0435\u043b\u0435\u0444\u043e\u043d: +90 284 236 6 236<\/a><\/p>\n<p style=\"text-align: center;\"><a href=\"tel:00905309556488\">\u0422\u0435\u043b\u0435\u0444\u043e\u043d: +90 530 955 64 88<\/a><\/p>\n<p style=\"text-align: center;\"><i class=\"las la-fax\"> <\/i> \u0424\u0430\u043a\u0441: + 90 284 236 2 600<\/p>\n<p style=\"text-align: center;\"><a href=\"mailto:info@margiotel.com\" target=\"_blank\" rel=\"noopener\"><i class=\"las la-envelope\">\u0415\u043b\u0435\u043a\u0442\u0440\u043e\u043d\u043d\u0430 \u043f\u043e\u0449\u0430: info@margiotel.com <\/i><\/a><\/p>\n<p style=\"text-align: center;\"><a href=\"https:\/\/margiotel.com\/\" target=\"_blank\" rel=\"noopener\"> www.margiotel.com <\/a><\/p>\n<\/div>\n<\/div>\n<p>[\/vc_column_text][\/vc_column][\/vc_row][vc_row full_width=&#8221;stretch_row_content_no_spaces&#8221;][vc_column]\t\t\t<div\r\n\t\t\t\tclass=\"main_title  text-center  mt_wave\">\r\n\t\t\t\t<h2 class=\"title\">\u043d\u0430\u0448\u0435\u0442\u043e \u043c\u0435\u0441\u0442\u043e\u043f\u043e\u043b\u043e\u0436\u0435\u043d\u0438\u0435<\/h2>\r\n\t\t\t\t\t\t\t\t\t<p class=\"main_description\">\u041d\u0430\u043c\u0435\u0440\u0435\u0442\u0435 \u043d\u0438 \u0432 Google Maps<\/p>\r\n\t\t\t\t\t\t\t<\/div>\r\n\t\t[vc_gmaps link=&#8221;#E-8_JTNDaWZyYW1lJTIwc3JjJTNEJTIyaHR0cHMlM0ElMkYlMkZ3d3cuZ29vZ2xlLmNvbSUyRm1hcHMlMkZlbWJlZCUzRnBiJTNEJTIxMW0xOCUyMTFtMTIlMjExbTMlMjExZDEwNTMuODQ5MTI3ODM5Njg2JTIxMmQyNi41ODExNTcwNjUzOTAzNDMlMjEzZDQxLjY2MTQ1NzM3MDAwNDgwNCUyMTJtMyUyMTFmMCUyMTJmMCUyMTNmMCUyMTNtMiUyMTFpMTAyNCUyMTJpNzY4JTIxNGYxMy4xJTIxM20zJTIxMW0yJTIxMXMweDAlMjUzQTB4MmJiMjY4Y2Y4ODU1N2ZhNSUyMTJzTWFyZ2klMjUyMEhvdGVsJTIxNWUwJTIxM20yJTIxMXN0ciUyMTJzdHIlMjE0djE1NzY4MDg4Mjk0MTklMjE1bTIlMjExc3RyJTIxMnN0ciUyMiUyMHdpZHRoJTNEJTIyNDAwJTIyJTIwaGVpZ2h0JTNEJTIyNjAwJTIyJTIwZnJhbWVib3JkZXIlM0QlMjIwJTIyJTIwc3R5bGUlM0QlMjJib3JkZXIlM0EwJTNCJTIyJTIwYWxsb3dmdWxsc2NyZWVuJTNEJTIyJTIyJTNFJTNDJTJGaWZyYW1lJTNF&#8221; size=&#8221;400&#8243; css=&#8221;.vc_custom_1632497033304{padding-bottom: 0px !important;}&#8221;][vc_btn title=&#8221;\u0412\u0437\u0435\u043c\u0435\u0442\u0435 \u0443\u043f\u044a\u0442\u0432\u0430\u043d\u0438\u044f&#8221; style=&#8221;gradient&#8221; align=&#8221;center&#8221; i_icon_fontawesome=&#8221;fas fa-location-arrow&#8221; add_icon=&#8221;true&#8221; link=&#8221;url:https%3A%2F%2Fwww.google.com%2Fmaps%2Fdir%2F%2F%25C4%25B0stasyon%2C%2BMargi%2BHotel%2C%2BAtat%25C3%25BCrk%2BBlv%2BNo%3A60%2C%2B22030%2BEdirne%2BMerkez%252FEdirne%2F%4041.6614574%2C26.5811571%2C18.5z%2Fdata%3D!4m9!4m8!1m0!1m5!1m1!1s0x14b32fa017071439%3A0x2bb268cf88557fa5!2m2!1d26.581276!2d41.661181!3e0|||&#8221; css=&#8221;.vc_custom_1643312819482{padding-top: 0px !important;}&#8221;][\/vc_column][\/vc_row][vc_row][vc_column width=&#8221;1\/2&#8243;]\t\t\t<div\r\n\t\t\t\tclass=\"main_title  text-left  \">\r\n\t\t\t\t<h2 class=\"title\">\u0422\u0440\u0430\u043d\u0441\u043f\u043e\u0440\u0442 \u0438 \u0440\u0435\u0433\u0438\u043e\u043d<\/h2>\r\n\t\t\t\t\t\t\t<\/div>\r\n\t\t[vc_column_text css=&#8221;.vc_custom_1633395711218{padding-right: 5px !important;}&#8221;]<\/p>\n<h6>\u0411\u043b\u0430\u0433\u043e\u0434\u0430\u0440\u0435\u043d\u0438\u0435 \u043d\u0430 \u043d\u0430\u0448\u0438\u044f \u0445\u043e\u0442\u0435\u043b, \u043a\u043e\u0439\u0442\u043e \u0441\u0435 \u043d\u0430\u043c\u0438\u0440\u0430 \u0432 \u0446\u0435\u043d\u0442\u044a\u0440\u0430 \u043d\u0430 \u041e\u0434\u0440\u0438\u043d, \u0432\u0438\u0435 \u0441\u0442\u0435 \u043c\u043d\u043e\u0433\u043e \u0431\u043b\u0438\u0437\u043e \u0434\u043e \u043d\u0430\u0448\u0435\u0442\u043e \u043a\u0443\u043b\u0442\u0443\u0440\u043d\u043e \u043d\u0430\u0441\u043b\u0435\u0434\u0441\u0442\u0432\u043e \u0438 \u043c\u0435\u0441\u0442\u0430 \u0437\u0430 \u043f\u043e\u0441\u0435\u0449\u0435\u043d\u0438\u0435.<\/h6>\n<h6>\u0412\u0438\u0435 \u0441\u0442\u0435 \u043d\u0430 \u0435\u0434\u043d\u0430 \u043a\u0440\u0430\u0447\u043a\u0430 \u043e\u0442 \u0432\u0441\u0438\u0447\u043a\u0438\u0442\u0435 \u0441\u0438 \u043d\u0443\u0436\u0434\u0438 \u0441\u044a\u0441 Starbuck&#8217;s \u0432 \u043d\u0430\u0448\u0438\u044f \u0445\u043e\u0442\u0435\u043b \u0438 Margi Outlet AVM, \u0440\u0430\u0437\u043f\u043e\u043b\u043e\u0436\u0435\u043d \u0434\u043e \u043d\u0435\u0433\u043e.<\/h6>\n<p>&nbsp;<\/p>\n<h3><strong> \u0422\u0440\u0430\u043d\u0441\u043f\u043e\u0440\u0442 <\/strong><\/h3>\n<p>\u041f\u0440\u0435\u0434 \u0445\u043e\u0442\u0435\u043b\u0430 \u0438\u043c\u0430 \u0441\u0442\u043e\u044f\u043d\u043a\u0430 \u0437\u0430 \u0442\u0430\u043a\u0441\u0438\u0442\u0430, \u043e\u0431\u0441\u043b\u0443\u0436\u0432\u0430\u0449\u0430 24 \u0447\u0430\u0441\u0430 \u0438 \u0430\u0432\u0442\u043e\u0431\u0443\u0441\u0438 \u0434\u043e \u0446\u0435\u043d\u0442\u044a\u0440\u0430 \u043d\u0430 \u0433\u0440\u0430\u0434\u0430.<\/p>\n<p>\u0410\u0432\u0442\u043e\u0433\u0430\u0440\u0430 \u041e\u0434\u0440\u0438\u043d (4,5 \u043a\u043c)<\/p>\n<p>\u0416\u043f \u0433\u0430\u0440\u0430 \u041e\u0434\u0440\u0438\u043d (700 \u043c)<\/p>\n<h3><strong> \u041b\u0435\u0442\u0438\u0449\u0430<br \/>\n<\/strong><\/h3>\n<p>\u041b\u0435\u0442\u0438\u0449\u0435 Sabiha Gokcen \u0432 \u0418\u0441\u0442\u0430\u043d\u0431\u0443\u043b (279 km)<\/p>\n<p>\u041b\u0435\u0442\u0438\u0449\u0435 \u0418\u0441\u0442\u0430\u043d\u0431\u0443\u043b (215 \u043a\u043c)<\/p>\n<p>\u041b\u0435\u0442\u0438\u0449\u0435 Corlu (152 km)<\/p>\n<h3><strong> \u0413\u0440\u0430\u043d\u0438\u0447\u043d\u0438 \u0432\u0440\u0430\u0442\u0438 <\/strong><\/h3>\n<p>\u041a\u0430\u043f\u0438\u043a\u0443\u043b\u0435 &#8211; \u0411\u044a\u043b\u0433\u0430\u0440\u0438\u044f (20 \u043a\u043c)<\/p>\n<p>\u041f\u0430\u0437\u0430\u0440\u043a\u0443\u043b\u0435 &#8211; \u0413\u044a\u0440\u0446\u0438\u044f (9,5 \u043a\u043c)<\/p>\n<p>\u0418\u043f\u0441\u0430\u043b\u0430 &#8211; \u0413\u044a\u0440\u0446\u0438\u044f (137 \u043a\u043c)<\/p>\n<h3><strong> \u041f\u0430\u0437\u0430\u0440\u0443\u0432\u0430\u043d\u0435 <\/strong><\/h3>\n<p>Margi Outlet AVM (\u0434\u043e)<\/p>\n<p>\u0418\u0441\u0442\u043e\u0440\u0438\u0447\u0435\u0441\u043a\u0438 \u0431\u0430\u0437\u0430\u0440 \u0411\u0435\u0434\u0435\u0441\u0442\u0435\u043d (2,5 \u043a\u043c)<\/p>\n<p>\u0418\u0441\u0442\u043e\u0440\u0438\u0447\u0435\u0441\u043a\u0430 \u0447\u0430\u0440\u0448\u0438\u044f Alipasa (2,7 \u043a\u043c)<\/p>\n<p>\u0418\u0441\u0442\u043e\u0440\u0438\u0447\u0435\u0441\u043a\u0430 \u0447\u0430\u0440\u0448\u0438\u044f \u0410\u0440\u0430\u0441\u0442\u0430 (2,6 \u043a\u043c)[\/vc_column_text][\/vc_column][vc_column width=&#8221;1\/2&#8243;]\t\t\t<div\r\n\t\t\t\tclass=\"main_title  text-center  \">\r\n\t\t\t\t<h2 class=\"title\">\u041f\u0438\u0448\u0435\u0442\u0435 \u043d\u0438<\/h2>\r\n\t\t\t\t\t\t\t\t\t<p class=\"main_description\">\u041c\u043e\u0436\u0435\u0442\u0435 \u0434\u0430 \u043d\u0438 \u0438\u0437\u043f\u0440\u0430\u0442\u0438\u0442\u0435 \u0441\u044a\u043e\u0431\u0449\u0435\u043d\u0438\u0435 \u043e\u0442 \u0442\u0430\u0437\u0438 \u0444\u043e\u0440\u043c\u0430<\/p>\r\n\t\t\t\t\t\t\t<\/div>\r\n\t\t\n<div class=\"wpcf7 no-js\" id=\"wpcf7-f3765-o1\" lang=\"bg-BG\" dir=\"ltr\" data-wpcf7-id=\"3765\">\n<div class=\"screen-reader-response\"><p role=\"status\" aria-live=\"polite\" aria-atomic=\"true\"><\/p> <ul><\/ul><\/div>\n<form action=\"\/bg\/wp-json\/wp\/v2\/pages\/5042#wpcf7-f3765-o1\" method=\"post\" class=\"wpcf7-form init\" aria-label=\"\u0424\u043e\u0440\u043c\u0443\u043b\u044f\u0440 \u0437\u0430 \u043a\u043e\u043d\u0442\u0430\u043a\u0442\" novalidate=\"novalidate\" data-status=\"init\">\n<fieldset class=\"hidden-fields-container\"><input type=\"hidden\" name=\"_wpcf7\" value=\"3765\" \/><input type=\"hidden\" name=\"_wpcf7_version\" value=\"6.1.5\" \/><input type=\"hidden\" name=\"_wpcf7_locale\" value=\"bg_BG\" \/><input type=\"hidden\" name=\"_wpcf7_unit_tag\" value=\"wpcf7-f3765-o1\" \/><input type=\"hidden\" name=\"_wpcf7_container_post\" value=\"0\" \/><input type=\"hidden\" name=\"_wpcf7_posted_data_hash\" value=\"\" \/>\n<\/fieldset>\n<div class=\"contact-page-form\">\n<div class=\"wpcf7-response-output\" aria-hidden=\"true\"><\/div>\n\t<div class=\"row\">\n\t\t<div class=\"form-group col-md-6\">\n\t\t\t<p><span class=\"wpcf7-form-control-wrap\" data-name=\"your-name\"><input size=\"40\" maxlength=\"400\" class=\"wpcf7-form-control wpcf7-text wpcf7-validates-as-required form-control\" aria-required=\"true\" aria-invalid=\"false\" placeholder=\"\u0418\u043c\u0435\" value=\"\" type=\"text\" name=\"your-name\" \/><\/span>\n\t\t\t<\/p>\n\t\t<\/div>\n\t\t<div class=\"form-group col-md-6\">\n\t\t\t<p><span class=\"wpcf7-form-control-wrap\" data-name=\"your-phone\"><input size=\"40\" maxlength=\"400\" class=\"wpcf7-form-control wpcf7-text wpcf7-validates-as-required form-control\" aria-required=\"true\" aria-invalid=\"false\" placeholder=\"\u0422\u0435\u043b\u0435\u0444\u043e\u043d\u0435\u043d \u043d\u043e\u043c\u0435\u0440\" value=\"\" type=\"text\" name=\"your-phone\" \/><\/span>\n\t\t\t<\/p>\n\t\t<\/div>\n\t\t<div class=\"form-group col-md-6\">\n\t\t\t<p><span class=\"wpcf7-form-control-wrap\" data-name=\"your-email\"><input size=\"40\" maxlength=\"400\" class=\"wpcf7-form-control wpcf7-email wpcf7-validates-as-required wpcf7-text wpcf7-validates-as-email form-control\" aria-required=\"true\" aria-invalid=\"false\" placeholder=\"\u0415\u043b\u0435\u043a\u0442\u0440\u043e\u043d\u043d\u0430 \u043f\u043e\u0449\u0430\" value=\"\" type=\"email\" name=\"your-email\" \/><\/span>\n\t\t\t<\/p>\n\t\t<\/div>\n\t\t<div class=\"form-group col-md-6\">\n\t\t\t<p><span class=\"wpcf7-form-control-wrap\" data-name=\"your-subject\"><input size=\"40\" maxlength=\"400\" class=\"wpcf7-form-control wpcf7-text form-control\" aria-invalid=\"false\" placeholder=\"\u041f\u0440\u0435\u0434\u043c\u0435\u0442\" value=\"\" type=\"text\" name=\"your-subject\" \/><\/span>\n\t\t\t<\/p>\n\t\t<\/div>\n\t<\/div>\n\t<div class=\"form-group\">\n\t\t<p><span class=\"wpcf7-form-control-wrap\" data-name=\"your-message\"><textarea cols=\"40\" rows=\"10\" maxlength=\"2000\" class=\"wpcf7-form-control wpcf7-textarea wpcf7-validates-as-required form-control\" aria-required=\"true\" aria-invalid=\"false\" placeholder=\"\u0422\u0432\u043e\u0435\u0442\u043e \u0441\u044a\u043e\u0431\u0449\u0435\u043d\u0438\u0435\" name=\"your-message\"><\/textarea><\/span>\n\t\t<\/p>\n\t<\/div>\n\t<p><input class=\"wpcf7-form-control wpcf7-submit has-spinner button btn-lg mt10 mt30\" type=\"submit\" value=\"\u0418\u0437\u043f\u0440\u0430\u0442\u0438\" \/>\n\t<\/p>\n<\/div><input\n                    class=\"apbct_special_field apbct_email_id__wp_contact_form_7\"\n                    name=\"apbct__email_id__wp_contact_form_7\"\n                    aria-label=\"apbct__label_id__wp_contact_form_7\"\n                    type=\"text\" size=\"30\" maxlength=\"200\" autocomplete=\"off\"\n                    value=\"\"\n                \/><input type='hidden' class='wpcf7-pum' value='{\"closepopup\":false,\"closedelay\":0,\"openpopup\":false,\"openpopup_id\":0}' \/>\n<\/form>\n<\/div>\n[\/vc_column][\/vc_row]<\/p>\n<\/div>","protected":false},"excerpt":{"rendered":"<p>[vc_row][vc_column][vc_empty_space height=&#8221;100&#8243;][vc_column_text] 1. Murat Mah. Atat\u00fcrk Bulvar\u0131 No: 60 Edirne\/Merkez \u0422\u0423\u0420\u0426\u0418\u042f \u0422\u0435\u043b\u0435\u0444\u043e\u043d: +90 284 236 6 236 \u0422\u0435\u043b\u0435\u0444\u043e\u043d: +90 530 955 64 88 \u0424\u0430\u043a\u0441: + 90 284 236 2 600 \u0415\u043b\u0435\u043a\u0442\u0440\u043e\u043d\u043d\u0430 \u043f\u043e\u0449\u0430: info@margiotel.com www.margiotel.com [\/vc_column_text][\/vc_column][\/vc_row][vc_row full_width=&#8221;stretch_row_content_no_spaces&#8221;][vc_column][vc_gmaps link=&#8221;#E-8_JTNDaWZyYW1lJTIwc3JjJTNEJTIyaHR0cHMlM0ElMkYlMkZ3d3cuZ29vZ2xlLmNvbSUyRm1hcHMlMkZlbWJlZCUzRnBiJTNEJTIxMW0xOCUyMTFtMTIlMjExbTMlMjExZDEwNTMuODQ5MTI3ODM5Njg2JTIxMmQyNi41ODExNTcwNjUzOTAzNDMlMjEzZDQxLjY2MTQ1NzM3MDAwNDgwNCUyMTJtMyUyMTFmMCUyMTJmMCUyMTNmMCUyMTNtMiUyMTFpMTAyNCUyMTJpNzY4JTIxNGYxMy4xJTIxM20zJTIxMW0yJTIxMXMweDAlMjUzQTB4MmJiMjY4Y2Y4ODU1N2ZhNSUyMTJzTWFyZ2klMjUyMEhvdGVsJTIxNWUwJTIxM20yJTIxMXN0ciUyMTJzdHIlMjE0djE1NzY4MDg4Mjk0MTklMjE1bTIlMjExc3RyJTIxMnN0ciUyMiUyMHdpZHRoJTNEJTIyNDAwJTIyJTIwaGVpZ2h0JTNEJTIyNjAwJTIyJTIwZnJhbWVib3JkZXIlM0QlMjIwJTIyJTIwc3R5bGUlM0QlMjJib3JkZXIlM0EwJTNCJTIyJTIwYWxsb3dmdWxsc2NyZWVuJTNEJTIyJTIyJTNFJTNDJTJGaWZyYW1lJTNF&#8221; size=&#8221;400&#8243; css=&#8221;.vc_custom_1632497033304{padding-bottom: 0px !important;}&#8221;][vc_btn title=&#8221;\u0412\u0437\u0435\u043c\u0435\u0442\u0435 \u0443\u043f\u044a\u0442\u0432\u0430\u043d\u0438\u044f&#8221; style=&#8221;gradient&#8221; align=&#8221;center&#8221; i_icon_fontawesome=&#8221;fas fa-location-arrow&#8221; add_icon=&#8221;true&#8221; link=&#8221;url:https%3A%2F%2Fwww.google.com%2Fmaps%2Fdir%2F%2F%25C4%25B0stasyon%2C%2BMargi%2BHotel%2C%2BAtat%25C3%25BCrk%2BBlv%2BNo%3A60%2C%2B22030%2BEdirne%2BMerkez%252FEdirne%2F%4041.6614574%2C26.5811571%2C18.5z%2Fdata%3D!4m9!4m8!1m0!1m5!1m1!1s0x14b32fa017071439%3A0x2bb268cf88557fa5!2m2!1d26.581276!2d41.661181!3e0|||&#8221; css=&#8221;.vc_custom_1643312819482{padding-top: 0px !important;}&#8221;][\/vc_column][\/vc_row][vc_row][vc_column width=&#8221;1\/2&#8243;][vc_column_text css=&#8221;.vc_custom_1633395711218{padding-right: 5px [&hellip;]<\/p>\n","protected":false},"author":1,"featured_media":0,"parent":0,"menu_order":0,"comment_status":"closed","ping_status":"closed","template":"","meta":{"_joinchat":[],"footnotes":""},"class_list":["post-5042","page","type-page","status-publish","hentry"],"yoast_head":"<!-- This site is optimized with the Yoast SEO plugin v27.3 - https:\/\/yoast.com\/product\/yoast-seo-wordpress\/ -->\n<title>\u041a\u043e\u043d\u0442\u0430\u043a\u0442 - \u0425\u043e\u0442\u0435\u043b \u041c\u0430\u0440\u0433\u0438, \u041e\u0434\u0440\u0438\u043d, \u0422\u0443\u0440\u0446\u0438\u044f | \u0420\u0435\u0437\u0435\u0440\u0432\u0438\u0440\u0430\u0439\u0442\u0435 \u0441\u0435\u0433\u0430<\/title>\n<meta name=\"description\" content=\"\u041c\u043e\u0436\u0435\u0442\u0435 \u0434\u0430 \u043d\u0430\u043c\u0435\u0440\u0438\u0442\u0435 \u043d\u043e\u043c\u0435\u0440\u0430 \u0437\u0430 \u043a\u043e\u043d\u0442\u0430\u043a\u0442 \u043d\u0430 \u0445\u043e\u0442\u0435\u043b Margi, \u043d\u0430\u0448\u0438\u044f \u0430\u0434\u0440\u0435\u0441, \u043d\u0430\u0448\u0435\u0442\u043e \u043c\u0435\u0441\u0442\u043e\u043f\u043e\u043b\u043e\u0436\u0435\u043d\u0438\u0435 \u0432 \u043a\u0430\u0440\u0442\u0438\u0442\u0435. \u041d\u0430 \u043a\u0440\u0430\u0447\u043a\u0430 \u043e\u0442 \u043a\u0430\u0447\u0435\u0441\u0442\u0432\u043e\u0442\u043e \u043d\u0430 \u043d\u0430\u0439 -\u0434\u043e\u0431\u0440\u0438\u0442\u0435 \u0446\u0435\u043d\u0438\" \/>\n<meta name=\"robots\" content=\"index, follow, max-snippet:-1, max-image-preview:large, max-video-preview:-1\" \/>\n<link rel=\"canonical\" href=\"https:\/\/www.margiotel.com\/bg\/%d0%ba%d0%be%d0%bd%d1%82%d0%b0%d0%ba%d1%82\/\" \/>\n<meta property=\"og:locale\" content=\"bg_BG\" \/>\n<meta property=\"og:type\" content=\"article\" \/>\n<meta property=\"og:title\" content=\"60\" \/>\n<meta property=\"og:description\" content=\"false\" \/>\n<meta property=\"og:url\" content=\"https:\/\/www.margiotel.com\/bg\/%d0%ba%d0%be%d0%bd%d1%82%d0%b0%d0%ba%d1%82\/\" \/>\n<meta property=\"og:site_name\" content=\"Margi Hotel, Edirne, Turkey | Edirnede En iyi otel en iyi fiyatl\u0131 rezervasyon\" \/>\n<meta property=\"article:publisher\" content=\"https:\/\/www.facebook.com\/MargiHotel\/\" \/>\n<meta property=\"article:modified_time\" content=\"2024-11-18T14:45:03+00:00\" \/>\n<meta name=\"twitter:card\" content=\"summary_large_image\" \/>\n<meta name=\"twitter:label1\" content=\"Est. reading time\" \/>\n\t<meta name=\"twitter:data1\" content=\"2 \u043c\u0438\u043d\u0443\u0442\u0438\" \/>\n<script type=\"application\/ld+json\" class=\"yoast-schema-graph\">{\"@context\":\"https:\\\/\\\/schema.org\",\"@graph\":[{\"@type\":\"WebPage\",\"@id\":\"https:\\\/\\\/www.margiotel.com\\\/bg\\\/%d0%ba%d0%be%d0%bd%d1%82%d0%b0%d0%ba%d1%82\\\/\",\"url\":\"https:\\\/\\\/www.margiotel.com\\\/bg\\\/%d0%ba%d0%be%d0%bd%d1%82%d0%b0%d0%ba%d1%82\\\/\",\"name\":\"\u041a\u043e\u043d\u0442\u0430\u043a\u0442 - \u0425\u043e\u0442\u0435\u043b \u041c\u0430\u0440\u0433\u0438, \u041e\u0434\u0440\u0438\u043d, \u0422\u0443\u0440\u0446\u0438\u044f | \u0420\u0435\u0437\u0435\u0440\u0432\u0438\u0440\u0430\u0439\u0442\u0435 \u0441\u0435\u0433\u0430\",\"isPartOf\":{\"@id\":\"https:\\\/\\\/www.margiotel.com\\\/bg\\\/#website\"},\"datePublished\":\"2021-01-04T21:52:34+00:00\",\"dateModified\":\"2024-11-18T14:45:03+00:00\",\"description\":\"\u041c\u043e\u0436\u0435\u0442\u0435 \u0434\u0430 \u043d\u0430\u043c\u0435\u0440\u0438\u0442\u0435 \u043d\u043e\u043c\u0435\u0440\u0430 \u0437\u0430 \u043a\u043e\u043d\u0442\u0430\u043a\u0442 \u043d\u0430 \u0445\u043e\u0442\u0435\u043b Margi, \u043d\u0430\u0448\u0438\u044f \u0430\u0434\u0440\u0435\u0441, \u043d\u0430\u0448\u0435\u0442\u043e \u043c\u0435\u0441\u0442\u043e\u043f\u043e\u043b\u043e\u0436\u0435\u043d\u0438\u0435 \u0432 \u043a\u0430\u0440\u0442\u0438\u0442\u0435. \u041d\u0430 \u043a\u0440\u0430\u0447\u043a\u0430 \u043e\u0442 \u043a\u0430\u0447\u0435\u0441\u0442\u0432\u043e\u0442\u043e \u043d\u0430 \u043d\u0430\u0439 -\u0434\u043e\u0431\u0440\u0438\u0442\u0435 \u0446\u0435\u043d\u0438\",\"breadcrumb\":{\"@id\":\"https:\\\/\\\/www.margiotel.com\\\/bg\\\/%d0%ba%d0%be%d0%bd%d1%82%d0%b0%d0%ba%d1%82\\\/#breadcrumb\"},\"inLanguage\":\"bg-BG\",\"potentialAction\":[{\"@type\":\"ReadAction\",\"target\":[\"https:\\\/\\\/www.margiotel.com\\\/bg\\\/%d0%ba%d0%be%d0%bd%d1%82%d0%b0%d0%ba%d1%82\\\/\"]}]},{\"@type\":\"BreadcrumbList\",\"@id\":\"https:\\\/\\\/www.margiotel.com\\\/bg\\\/%d0%ba%d0%be%d0%bd%d1%82%d0%b0%d0%ba%d1%82\\\/#breadcrumb\",\"itemListElement\":[{\"@type\":\"ListItem\",\"position\":1,\"name\":\"Anasayfa\",\"item\":\"https:\\\/\\\/www.margiotel.com\\\/bg\\\/\"},{\"@type\":\"ListItem\",\"position\":2,\"name\":\"\u041a\u043e\u043d\u0442\u0430\u043a\u0442\"}]},{\"@type\":\"WebSite\",\"@id\":\"https:\\\/\\\/www.margiotel.com\\\/bg\\\/#website\",\"url\":\"https:\\\/\\\/www.margiotel.com\\\/bg\\\/\",\"name\":\"Margi Hotel, Edirne, Turkey | Edirnede En iyi otel en iyi fiyatl\u0131 rezervasyon\",\"description\":\"Edirne&#039;nin \u0130lk ve Tek 5 Y\u0131ld\u0131zl\u0131 Hoteli\",\"publisher\":{\"@id\":\"https:\\\/\\\/www.margiotel.com\\\/bg\\\/#organization\"},\"potentialAction\":[{\"@type\":\"SearchAction\",\"target\":{\"@type\":\"EntryPoint\",\"urlTemplate\":\"https:\\\/\\\/www.margiotel.com\\\/bg\\\/?s={search_term_string}\"},\"query-input\":{\"@type\":\"PropertyValueSpecification\",\"valueRequired\":true,\"valueName\":\"search_term_string\"}}],\"inLanguage\":\"bg-BG\"},{\"@type\":\"Organization\",\"@id\":\"https:\\\/\\\/www.margiotel.com\\\/bg\\\/#organization\",\"name\":\"Margi Hotel Edirne\",\"url\":\"https:\\\/\\\/www.margiotel.com\\\/bg\\\/\",\"logo\":{\"@type\":\"ImageObject\",\"inLanguage\":\"bg-BG\",\"@id\":\"https:\\\/\\\/www.margiotel.com\\\/bg\\\/#\\\/schema\\\/logo\\\/image\\\/\",\"url\":\"https:\\\/\\\/www.margiotel.com\\\/wp-content\\\/uploads\\\/2021\\\/09\\\/margi-logo-yildizli-2-1.png\",\"contentUrl\":\"https:\\\/\\\/www.margiotel.com\\\/wp-content\\\/uploads\\\/2021\\\/09\\\/margi-logo-yildizli-2-1.png\",\"width\":266,\"height\":149,\"caption\":\"Margi Hotel Edirne\"},\"image\":{\"@id\":\"https:\\\/\\\/www.margiotel.com\\\/bg\\\/#\\\/schema\\\/logo\\\/image\\\/\"},\"sameAs\":[\"https:\\\/\\\/www.facebook.com\\\/MargiHotel\\\/\",\"https:\\\/\\\/www.instagram.com\\\/margihotel\\\/\"]}]}<\/script>\n<!-- \/ Yoast SEO plugin. -->","yoast_head_json":{"title":"\u041a\u043e\u043d\u0442\u0430\u043a\u0442 - \u0425\u043e\u0442\u0435\u043b \u041c\u0430\u0440\u0433\u0438, \u041e\u0434\u0440\u0438\u043d, \u0422\u0443\u0440\u0446\u0438\u044f | \u0420\u0435\u0437\u0435\u0440\u0432\u0438\u0440\u0430\u0439\u0442\u0435 \u0441\u0435\u0433\u0430","description":"\u041c\u043e\u0436\u0435\u0442\u0435 \u0434\u0430 \u043d\u0430\u043c\u0435\u0440\u0438\u0442\u0435 \u043d\u043e\u043c\u0435\u0440\u0430 \u0437\u0430 \u043a\u043e\u043d\u0442\u0430\u043a\u0442 \u043d\u0430 \u0445\u043e\u0442\u0435\u043b Margi, \u043d\u0430\u0448\u0438\u044f \u0430\u0434\u0440\u0435\u0441, \u043d\u0430\u0448\u0435\u0442\u043e \u043c\u0435\u0441\u0442\u043e\u043f\u043e\u043b\u043e\u0436\u0435\u043d\u0438\u0435 \u0432 \u043a\u0430\u0440\u0442\u0438\u0442\u0435. \u041d\u0430 \u043a\u0440\u0430\u0447\u043a\u0430 \u043e\u0442 \u043a\u0430\u0447\u0435\u0441\u0442\u0432\u043e\u0442\u043e \u043d\u0430 \u043d\u0430\u0439 -\u0434\u043e\u0431\u0440\u0438\u0442\u0435 \u0446\u0435\u043d\u0438","robots":{"index":"index","follow":"follow","max-snippet":"max-snippet:-1","max-image-preview":"max-image-preview:large","max-video-preview":"max-video-preview:-1"},"canonical":"https:\/\/www.margiotel.com\/bg\/%d0%ba%d0%be%d0%bd%d1%82%d0%b0%d0%ba%d1%82\/","og_locale":"bg_BG","og_type":"article","og_title":"60","og_description":"false","og_url":"https:\/\/www.margiotel.com\/bg\/%d0%ba%d0%be%d0%bd%d1%82%d0%b0%d0%ba%d1%82\/","og_site_name":"Margi Hotel, Edirne, Turkey | Edirnede En iyi otel en iyi fiyatl\u0131 rezervasyon","article_publisher":"https:\/\/www.facebook.com\/MargiHotel\/","article_modified_time":"2024-11-18T14:45:03+00:00","twitter_card":"summary_large_image","twitter_misc":{"Est. reading time":"2 \u043c\u0438\u043d\u0443\u0442\u0438"},"schema":{"@context":"https:\/\/schema.org","@graph":[{"@type":"WebPage","@id":"https:\/\/www.margiotel.com\/bg\/%d0%ba%d0%be%d0%bd%d1%82%d0%b0%d0%ba%d1%82\/","url":"https:\/\/www.margiotel.com\/bg\/%d0%ba%d0%be%d0%bd%d1%82%d0%b0%d0%ba%d1%82\/","name":"\u041a\u043e\u043d\u0442\u0430\u043a\u0442 - \u0425\u043e\u0442\u0435\u043b \u041c\u0430\u0440\u0433\u0438, \u041e\u0434\u0440\u0438\u043d, \u0422\u0443\u0440\u0446\u0438\u044f | \u0420\u0435\u0437\u0435\u0440\u0432\u0438\u0440\u0430\u0439\u0442\u0435 \u0441\u0435\u0433\u0430","isPartOf":{"@id":"https:\/\/www.margiotel.com\/bg\/#website"},"datePublished":"2021-01-04T21:52:34+00:00","dateModified":"2024-11-18T14:45:03+00:00","description":"\u041c\u043e\u0436\u0435\u0442\u0435 \u0434\u0430 \u043d\u0430\u043c\u0435\u0440\u0438\u0442\u0435 \u043d\u043e\u043c\u0435\u0440\u0430 \u0437\u0430 \u043a\u043e\u043d\u0442\u0430\u043a\u0442 \u043d\u0430 \u0445\u043e\u0442\u0435\u043b Margi, \u043d\u0430\u0448\u0438\u044f \u0430\u0434\u0440\u0435\u0441, \u043d\u0430\u0448\u0435\u0442\u043e \u043c\u0435\u0441\u0442\u043e\u043f\u043e\u043b\u043e\u0436\u0435\u043d\u0438\u0435 \u0432 \u043a\u0430\u0440\u0442\u0438\u0442\u0435. \u041d\u0430 \u043a\u0440\u0430\u0447\u043a\u0430 \u043e\u0442 \u043a\u0430\u0447\u0435\u0441\u0442\u0432\u043e\u0442\u043e \u043d\u0430 \u043d\u0430\u0439 -\u0434\u043e\u0431\u0440\u0438\u0442\u0435 \u0446\u0435\u043d\u0438","breadcrumb":{"@id":"https:\/\/www.margiotel.com\/bg\/%d0%ba%d0%be%d0%bd%d1%82%d0%b0%d0%ba%d1%82\/#breadcrumb"},"inLanguage":"bg-BG","potentialAction":[{"@type":"ReadAction","target":["https:\/\/www.margiotel.com\/bg\/%d0%ba%d0%be%d0%bd%d1%82%d0%b0%d0%ba%d1%82\/"]}]},{"@type":"BreadcrumbList","@id":"https:\/\/www.margiotel.com\/bg\/%d0%ba%d0%be%d0%bd%d1%82%d0%b0%d0%ba%d1%82\/#breadcrumb","itemListElement":[{"@type":"ListItem","position":1,"name":"Anasayfa","item":"https:\/\/www.margiotel.com\/bg\/"},{"@type":"ListItem","position":2,"name":"\u041a\u043e\u043d\u0442\u0430\u043a\u0442"}]},{"@type":"WebSite","@id":"https:\/\/www.margiotel.com\/bg\/#website","url":"https:\/\/www.margiotel.com\/bg\/","name":"Margi Hotel, Edirne, Turkey | Edirnede En iyi otel en iyi fiyatl\u0131 rezervasyon","description":"Edirne&#039;nin \u0130lk ve Tek 5 Y\u0131ld\u0131zl\u0131 Hoteli","publisher":{"@id":"https:\/\/www.margiotel.com\/bg\/#organization"},"potentialAction":[{"@type":"SearchAction","target":{"@type":"EntryPoint","urlTemplate":"https:\/\/www.margiotel.com\/bg\/?s={search_term_string}"},"query-input":{"@type":"PropertyValueSpecification","valueRequired":true,"valueName":"search_term_string"}}],"inLanguage":"bg-BG"},{"@type":"Organization","@id":"https:\/\/www.margiotel.com\/bg\/#organization","name":"Margi Hotel Edirne","url":"https:\/\/www.margiotel.com\/bg\/","logo":{"@type":"ImageObject","inLanguage":"bg-BG","@id":"https:\/\/www.margiotel.com\/bg\/#\/schema\/logo\/image\/","url":"https:\/\/www.margiotel.com\/wp-content\/uploads\/2021\/09\/margi-logo-yildizli-2-1.png","contentUrl":"https:\/\/www.margiotel.com\/wp-content\/uploads\/2021\/09\/margi-logo-yildizli-2-1.png","width":266,"height":149,"caption":"Margi Hotel Edirne"},"image":{"@id":"https:\/\/www.margiotel.com\/bg\/#\/schema\/logo\/image\/"},"sameAs":["https:\/\/www.facebook.com\/MargiHotel\/","https:\/\/www.instagram.com\/margihotel\/"]}]}},"_links":{"self":[{"href":"https:\/\/www.margiotel.com\/bg\/wp-json\/wp\/v2\/pages\/5042","targetHints":{"allow":["GET"]}}],"collection":[{"href":"https:\/\/www.margiotel.com\/bg\/wp-json\/wp\/v2\/pages"}],"about":[{"href":"https:\/\/www.margiotel.com\/bg\/wp-json\/wp\/v2\/types\/page"}],"author":[{"embeddable":true,"href":"https:\/\/www.margiotel.com\/bg\/wp-json\/wp\/v2\/users\/1"}],"replies":[{"embeddable":true,"href":"https:\/\/www.margiotel.com\/bg\/wp-json\/wp\/v2\/comments?post=5042"}],"version-history":[{"count":5,"href":"https:\/\/www.margiotel.com\/bg\/wp-json\/wp\/v2\/pages\/5042\/revisions"}],"predecessor-version":[{"id":6990,"href":"https:\/\/www.margiotel.com\/bg\/wp-json\/wp\/v2\/pages\/5042\/revisions\/6990"}],"wp:attachment":[{"href":"https:\/\/www.margiotel.com\/bg\/wp-json\/wp\/v2\/media?parent=5042"}],"curies":[{"name":"wp","href":"https:\/\/api.w.org\/{rel}","templated":true}]}}