{"id":5040,"date":"2021-01-05T00:53:50","date_gmt":"2021-01-04T21:53:50","guid":{"rendered":"https:\/\/margiotel.com\/?page_id=5040"},"modified":"2021-10-16T04:47:33","modified_gmt":"2021-10-16T01:47:33","slug":"%d0%b1%d0%b0%d0%bb%d0%bd%d0%b0-%d0%b7%d0%b0%d0%bb%d0%b0","status":"publish","type":"page","link":"https:\/\/www.margiotel.com\/bg\/%d0%b1%d0%b0%d0%bb%d0%bd%d0%b0-%d0%b7%d0%b0%d0%bb%d0%b0\/","title":{"rendered":"\u0411\u0430\u043b\u043d\u0430 \u0437\u0430\u043b\u0430"},"content":{"rendered":"<div class=\"wpb-content-wrapper\"><p>[vc_row][vc_column]\n\t\t\t<!-- START Margi Hotel Ballroom BG REVOLUTION SLIDER 6.7.41 --><p class=\"rs-p-wp-fix\"><\/p>\n\t\t\t<rs-module-wrap id=\"rev_slider_24_1_wrapper\" data-source=\"gallery\" style=\"visibility:hidden;background:transparent;padding:0;margin:0px auto;margin-top:0;margin-bottom:0;\">\n\t\t\t\t<rs-module id=\"rev_slider_24_1\" style=\"\" data-version=\"6.7.41\">\n\t\t\t\t\t<rs-slides style=\"overflow: hidden; position: absolute;\">\n\t\t\t\t\t\t<rs-slide style=\"position: absolute;\" data-key=\"rs-64\" data-title=\"Slide\" data-thumb=\"\/\/margiotel.com\/wp-content\/uploads\/2019\/12\/balo-3.jpg\" data-duration=\"6000ms\" data-anim=\"adpr:false;\" data-in=\"o:0;\" data-out=\"a:false;\">\n\t\t\t\t\t\t\t<img decoding=\"async\" src=\"\/\/www.margiotel.com\/wp-content\/plugins\/revslider\/sr6\/assets\/assets\/dummy.png\" alt=\"\" title=\"balo (3)\" width=\"1024\" height=\"480\" class=\"rev-slidebg tp-rs-img rs-lazyload\" data-lazyload=\"\/\/margiotel.com\/wp-content\/uploads\/2019\/12\/balo-3.jpg\" data-parallax=\"off\" data-no-retina>\n<!--\n\t\t\t\t\t\t\t--><rs-layer\n\t\t\t\t\t\t\t\tid=\"slider-24-slide-64-layer-0\" \n\t\t\t\t\t\t\t\tdata-type=\"text\"\n\t\t\t\t\t\t\t\tdata-tsh=\"h:3px,3px,1px,0px;v:3px,3px,1px,0px;\"\n\t\t\t\t\t\t\t\tdata-rsp_ch=\"on\"\n\t\t\t\t\t\t\t\tdata-xy=\"x:c;yo:160px,160px,125px,63px;\"\n\t\t\t\t\t\t\t\tdata-text=\"w:normal;s:71,71,51,32;l:89,89,64,39;a:left,left,center,center;\"\n\t\t\t\t\t\t\t\tdata-dim=\"minh:0,0,none,none;\"\n\t\t\t\t\t\t\t\tdata-frame_0=\"x:0,0,0px,0px;y:0,0,0px,0px;\"\n\t\t\t\t\t\t\t\tdata-frame_1=\"x:0,0,0px,0px;y:0,0,0px,0px;e:power4.inOut;sp:1500;\"\n\t\t\t\t\t\t\t\tdata-frame_999=\"o:0;st:5810;sR:4310;\"\n\t\t\t\t\t\t\t\tstyle=\"z-index:9;font-family:'Josefin Sans';text-transform:uppercase;\"\n\t\t\t\t\t\t\t>\u0411\u0430\u043b\u043d\u0430 \u0437\u0430\u043b\u0430 \u043d\u0430 \u0445\u043e\u0442\u0435\u043b Margi \n\t\t\t\t\t\t\t<\/rs-layer><!--\n\n\t\t\t\t\t\t\t--><rs-layer\n\t\t\t\t\t\t\t\tid=\"slider-24-slide-64-layer-1\" \n\t\t\t\t\t\t\t\tdata-type=\"text\"\n\t\t\t\t\t\t\t\tdata-tsh=\"h:7px,7px,3px,1px;v:7px,7px,3px,1px;\"\n\t\t\t\t\t\t\t\tdata-rsp_ch=\"on\"\n\t\t\t\t\t\t\t\tdata-xy=\"x:c;y:b;yo:571px,571px,534px,362px;\"\n\t\t\t\t\t\t\t\tdata-text=\"w:normal;s:55,55,71,43;l:68,68,88,54;a:left,left,center,center;\"\n\t\t\t\t\t\t\t\tdata-dim=\"w:auto,auto,738.2px,auto;\"\n\t\t\t\t\t\t\t\tdata-frame_0=\"x:0,0,0px,0px;y:0,0,0px,0px;o:1;\"\n\t\t\t\t\t\t\t\tdata-frame_0_chars=\"d:5;x:0,0,0px,0px;y:100%;o:0;rZ:-35deg;\"\n\t\t\t\t\t\t\t\tdata-frame_0_mask=\"u:t;x:0,0,0px,0px;y:0,0,0px,0px;\"\n\t\t\t\t\t\t\t\tdata-frame_1=\"x:0,0,0px,0px;y:0,0,0px,0px;st:910;sp:1200;sR:910;\"\n\t\t\t\t\t\t\t\tdata-frame_1_chars=\"e:power4.inOut;d:10;x:0,0,0px,0px;y:0,0,0px,0px;rZ:0deg;\"\n\t\t\t\t\t\t\t\tdata-frame_1_mask=\"u:t;x:0,0,0px,0px;y:0,0,0px,0px;\"\n\t\t\t\t\t\t\t\tdata-frame_999=\"o:0;st:5820;sR:1210;\"\n\t\t\t\t\t\t\t\tstyle=\"z-index:8;font-family:'Grand Hotel';\"\n\t\t\t\t\t\t\t>\u041f\u0440\u0435\u0434\u0441\u0442\u0430\u0432\u0435\u0442\u0435 \u0441\u0438 \u043c\u0435\u0447\u0442\u0430\u043d\u0430 \u0441\u0432\u0430\u0442\u0431\u0430 \n\t\t\t\t\t\t\t<\/rs-layer><!--\n-->\t\t\t\t\t<\/rs-slide>\n\t\t\t\t\t\t<rs-slide style=\"position: absolute;\" data-key=\"rs-65\" data-title=\"Slide\" data-thumb=\"\/\/margiotel.com\/wp-content\/uploads\/2021\/09\/842014203449826.jpg\" data-duration=\"4500ms\" data-anim=\"adpr:false;\" data-in=\"o:0;\" data-out=\"a:false;\">\n\t\t\t\t\t\t\t<img decoding=\"async\" src=\"\/\/www.margiotel.com\/wp-content\/plugins\/revslider\/sr6\/assets\/assets\/dummy.png\" alt=\"\" title=\"Bal Salonu Margi Hotel Edirne\" width=\"1000\" height=\"667\" class=\"rev-slidebg tp-rs-img rs-lazyload\" data-lazyload=\"\/\/margiotel.com\/wp-content\/uploads\/2021\/09\/842014203449826.jpg\" data-parallax=\"off\" data-no-retina>\n<!--\n\t\t\t\t\t\t\t--><rs-layer\n\t\t\t\t\t\t\t\tid=\"slider-24-slide-65-layer-3\" \n\t\t\t\t\t\t\t\tdata-type=\"text\"\n\t\t\t\t\t\t\t\tdata-tsh=\"h:7px,7px,3px,1px;v:7px,7px,3px,1px;b:1px,1px,0px,0px;\"\n\t\t\t\t\t\t\t\tdata-rsp_ch=\"on\"\n\t\t\t\t\t\t\t\tdata-xy=\"x:c;y:m;yo:-175px,-175px,-343px,-84px;\"\n\t\t\t\t\t\t\t\tdata-text=\"w:normal;s:139,139,100,65;l:179,179,129,69;ls:8,8,5,1;a:center;\"\n\t\t\t\t\t\t\t\tdata-dim=\"w:1191,1191,866,464;h:auto,auto,143px,76px;minh:0,0,none,none;\"\n\t\t\t\t\t\t\t\tdata-frame_0=\"o:1;\"\n\t\t\t\t\t\t\t\tdata-frame_0_chars=\"d:5;y:100%;o:0;rZ:-35deg;\"\n\t\t\t\t\t\t\t\tdata-frame_0_mask=\"u:t;\"\n\t\t\t\t\t\t\t\tdata-frame_1=\"st:910;sp:1200;sR:910;\"\n\t\t\t\t\t\t\t\tdata-frame_1_chars=\"e:power4.inOut;d:10;rZ:0deg;\"\n\t\t\t\t\t\t\t\tdata-frame_1_mask=\"u:t;\"\n\t\t\t\t\t\t\t\tdata-frame_999=\"o:0;st:w;sR:890;\"\n\t\t\t\t\t\t\t\tstyle=\"z-index:8;font-family:'Grand Hotel';font-style:italic;\"\n\t\t\t\t\t\t\t>\u041d\u0430\u043f\u044a\u043b\u043d\u043e \u0438\u0437\u043a\u043b\u044e\u0447\u0438\u0442\u0435\u043b\u0435\u043d \u0437\u0430 \u0432\u0430\u0441 \n\t\t\t\t\t\t\t<\/rs-layer><!--\n-->\t\t\t\t\t<\/rs-slide>\n\t\t\t\t\t\t<rs-slide style=\"position: absolute;\" data-key=\"rs-66\" data-title=\"Slide\" data-thumb=\"\/\/margiotel.com\/wp-content\/uploads\/2021\/09\/24201316118541.jpg\" data-duration=\"8000ms\" data-anim=\"adpr:false;\" data-in=\"o:0;\" data-out=\"a:false;\">\n\t\t\t\t\t\t\t<img decoding=\"async\" src=\"\/\/www.margiotel.com\/wp-content\/plugins\/revslider\/sr6\/assets\/assets\/dummy.png\" alt=\"\" title=\"Green Restaurant Margi Hotel Edirne\" width=\"1024\" height=\"680\" class=\"rev-slidebg tp-rs-img rs-lazyload\" data-lazyload=\"\/\/margiotel.com\/wp-content\/uploads\/2021\/09\/24201316118541.jpg\" data-parallax=\"off\" data-no-retina>\n<!--\n\t\t\t\t\t\t\t--><rs-layer\n\t\t\t\t\t\t\t\tid=\"slider-24-slide-66-layer-4\" \n\t\t\t\t\t\t\t\tdata-type=\"text\"\n\t\t\t\t\t\t\t\tdata-tsh=\"h:7px,7px,3px,1px;v:7px,7px,3px,1px;b:1px,1px,0px,0px;\"\n\t\t\t\t\t\t\t\tdata-rsp_ch=\"on\"\n\t\t\t\t\t\t\t\tdata-xy=\"x:c;y:m;yo:-209px,-209px,-254px,-192px;\"\n\t\t\t\t\t\t\t\tdata-text=\"w:normal;s:98,98,68,56;l:186,186,121,75;ls:9,9,5,2;a:center;\"\n\t\t\t\t\t\t\t\tdata-dim=\"w:1266,1266,824px,499px;minh:0,0,none,none;\"\n\t\t\t\t\t\t\t\tdata-frame_0=\"sX:0.9;sY:0.9;\"\n\t\t\t\t\t\t\t\tdata-frame_1=\"e:power2.inOut;st:910;sp:2030;sR:910;\"\n\t\t\t\t\t\t\t\tdata-frame_999=\"o:0;st:7840;sR:4900;\"\n\t\t\t\t\t\t\t\tstyle=\"z-index:8;font-family:'Grand Hotel';font-style:italic;\"\n\t\t\t\t\t\t\t>\u041d\u0430\u043a\u0430\u0440\u0430\u0439\u0442\u0435 \u0433\u043e \u0434\u0430 \u0441\u0435 \u0447\u0443\u0432\u0441\u0442\u0432\u0430 \u043a\u0430\u0442\u043e \u043b\u0443\u043a\u0441\u043e\u0437\u0435\u043d \u0440\u0435\u0441\u0442\u043e\u0440\u0430\u043d\u0442 \u043d\u0430 \u0432\u0430\u0448\u0438\u0442\u0435 \u0441\u044a\u0431\u0438\u0442\u0438\u044f \n\t\t\t\t\t\t\t<\/rs-layer><!--\n-->\t\t\t\t\t<\/rs-slide>\n\t\t\t\t\t<\/rs-slides>\n\t\t\t\t\t<rs-static-layers><!--\n\n\t\t\t\t\t\t\t--><a\n\t\t\t\t\t\t\t\tid=\"slider-24-slide-28-layer-5\" \n\t\t\t\t\t\t\t\tclass=\"rs-layer rev-btn rs-layer-static\"\n\t\t\t\t\t\t\t\thref=\"https:\/\/margiotel.com\/bg\/%d0%ba%d0%be%d0%bd%d1%82%d0%b0%d0%ba%d1%82\/\" target=\"_self\"\n\t\t\t\t\t\t\t\tdata-type=\"button\"\n\t\t\t\t\t\t\t\tdata-bsh=\"c:#461d7d;v:4px,4px,3px,2px;b:15px,15px,16px,12px;\"\n\t\t\t\t\t\t\t\tdata-rsp_ch=\"on\"\n\t\t\t\t\t\t\t\tdata-xy=\"x:c;y:b;yo:181px,181px,113px,69px;\"\n\t\t\t\t\t\t\t\tdata-text=\"w:normal;s:26,26,26,20;l:44,44,47,36;fw:500;a:left,left,left,center;\"\n\t\t\t\t\t\t\t\tdata-dim=\"minh:0,0,none,none;\"\n\t\t\t\t\t\t\t\tdata-onslides=\"s:1;\"\n\t\t\t\t\t\t\t\tdata-padding=\"r:32,32,35,27;l:32,32,35,27;\"\n\t\t\t\t\t\t\t\tdata-border=\"bor:5px,5px,5px,5px;\"\n\t\t\t\t\t\t\t\tdata-frame_999=\"o:0;st:w;\"\n\t\t\t\t\t\t\t\tdata-frame_hover=\"bgc:linear-gradient(181deg, rgba(110,74,185,1) 0%, rgba(110,74,185,1) 6.67%, rgba(109,73,185,1) 13.34%, rgba(108,72,184,1) 20.01%, rgba(107,70,184,1) 26.68%, rgba(106,69,183,1) 33.35%, rgba(104,67,182,1) 40.02%, rgba(103,65,181,1) 46.69%, rgba(101,62,181,1) 53.36%, rgba(100,60,180,1) 60.03%, rgba(98,58,179,1) 66.70%, rgba(97,57,178,1) 73.37%, rgba(96,55,178,1) 80.04%, rgba(95,54,177,1) 86.71%, rgba(94,53,177,1) 93.38%, rgba(94,53,177,1) 100%);bor:5px,5px,5px,5px;e:power1.inOut;bri:120%;\"\n\t\t\t\t\t\t\t\tstyle=\"z-index:5;background:linear-gradient(rgba(92,206,232,1) 0%, rgba(91,204,231,1) 6.67%, rgba(88,200,227,1) 13.34%, rgba(83,191,220,1) 20.01%, rgba(76,180,212,1) 26.68%, rgba(69,168,203,1) 33.35%, rgba(60,153,191,1) 40.02%, rgba(51,138,179,1) 46.69%, rgba(41,123,167,1) 53.36%, rgba(32,108,155,1) 60.03%, rgba(23,93,144,1) 66.70%, rgba(16,81,134,1) 73.37%, rgba(9,70,126,1) 80.04%, rgba(4,61,119,1) 86.71%, rgba(1,57,115,1) 93.38%, rgba(0,55,114,1) 100%);font-family:'Roboto';\"\n\t\t\t\t\t\t\t><i class=\"fa-phone-square\"><\/i> \u0421\u0412\u042a\u0420\u0416\u0415\u0422\u0415 \u0421\u0415 \u0421 \u041d\u0410\u0421 \u0421\u0415\u0413\u0410 \n\t\t\t\t\t\t\t<\/a><!--\n\t\t\t\t\t--><\/rs-static-layers>\n\t\t\t\t<\/rs-module>\n\t\t\t\t<script>\n\t\t\t\t\tsetREVStartSize({c: 'rev_slider_24_1',rl:[1240,1240,778,480],el:[900,900,960,720],gw:[1240,1240,778,480],gh:[900,900,960,720],type:'standard',justify:'',layout:'fullwidth',mh:\"0\"});if (window.RS_MODULES!==undefined && window.RS_MODULES.modules!==undefined && window.RS_MODULES.modules[\"revslider241\"]!==undefined) {window.RS_MODULES.modules[\"revslider241\"].once = false;window.revapi24 = undefined;if (window.RS_MODULES.checkMinimal!==undefined) window.RS_MODULES.checkMinimal()}\n\t\t\t\t<\/script>\n\t\t\t<\/rs-module-wrap>\n\t\t\t<!-- END REVOLUTION SLIDER -->\n[vc_zigzag el_border_width=&#8221;15&#8243; css=&#8221;.vc_custom_1632170726729{padding-top: 50px !important;padding-bottom: 50px !important;}&#8221;][\/vc_column][\/vc_row][vc_row][vc_column width=&#8221;1\/2&#8243;]\t\t\t<div\r\n\t\t\t\tclass=\"main_title  text-center  \">\r\n\t\t\t\t<h2 class=\"title\">\u0421\u0432\u0430\u0442\u0431\u0430 - \u0433\u043e\u0434\u0435\u0436 - \u043d\u043e\u0432\u043e\u0433\u043e\u0434\u0438\u0448\u043d\u0438 \u043f\u0430\u0440\u0442\u0438\u0442\u0430<\/h2>\r\n\t\t\t\t\t\t\t\t\t<p class=\"main_description\">\u0421\u044a\u0441\u0442\u0430\u0432\u0435\u043d\u043e \u0432 \u0445\u043e\u0442\u0435\u043b Margi<\/p>\r\n\t\t\t\t\t\t\t<\/div>\r\n\t\t[vc_column_text]\u0412 \u043d\u0430\u0448\u0430\u0442\u0430 \u0443\u0434\u043e\u0431\u043d\u0430, \u043f\u0440\u043e\u0441\u0442\u043e\u0440\u043d\u0430 \u0431\u0430\u043b\u043d\u0430 \u0437\u0430\u043b\u0430, \u043a\u043e\u044f\u0442\u043e \u043c\u043e\u0436\u0435 \u0434\u0430 \u0431\u044a\u0434\u0435 \u043f\u043e\u0434\u0440\u0435\u0434\u0435\u043d\u0430 \u0442\u043e\u0447\u043d\u043e \u043a\u0430\u043a\u0442\u043e \u0436\u0435\u043b\u0430\u0435\u0442\u0435, \u043c\u043e\u0436\u0435\u0442\u0435 \u0434\u0430 \u043e\u0440\u0433\u0430\u043d\u0438\u0437\u0438\u0440\u0430\u0442\u0435 \u0432\u0430\u0448\u0438\u0442\u0435 \u0441\u044a\u0431\u0438\u0442\u0438\u044f \u043a\u0430\u0442\u043e \u0433\u043e\u043b\u0435\u043c\u0438 \u043f\u0430\u0440\u0442\u0438\u0442\u0430, \u0437\u0430\u0431\u0430\u0432\u043b\u0435\u043d\u0438\u044f, \u0441\u0440\u0435\u0449\u0438, \u0441\u0432\u0430\u0442\u0431\u0438, \u0433\u043e\u0434\u0435\u0436\u043d\u0438 \u043f\u0430\u0440\u0442\u0438\u0442\u0430, \u0432\u0435\u0447\u0435\u0440\u0438 \u0441 \u043a\u044a\u043d\u0430 \u0434\u0430\u043b\u0435\u0447 \u043e\u0442 \u043d\u0435\u0433\u0430\u0442\u0438\u0432\u043d\u0438\u0442\u0435 \u0438\u0437\u043d\u0435\u043d\u0430\u0434\u0438 \u043d\u0430 \u043e\u0442\u043a\u0440\u0438\u0442\u043e.[\/vc_column_text][vc_cta h2=&#8221;&#8221; txt_align=&#8221;center&#8221; style=&#8221;3d&#8221; color=&#8221;mulled-wine&#8221; add_button=&#8221;top&#8221; btn_title=&#8221;\u0421\u0432\u044a\u0440\u0436\u0435\u0442\u0435 \u0441\u0435 \u0441 \u043d\u0430\u0441&#8221; btn_color=&#8221;primary&#8221; btn_align=&#8221;center&#8221; btn_link=&#8221;url:https%3A%2F%2Fmargiotel.com%2Fbg%2F%25d0%25ba%25d0%25be%25d0%25bd%25d1%2582%25d0%25b0%25d0%25ba%25d1%2582%2F|title:%D0%A1%D0%B2%D1%8A%D1%80%D0%B6%D0%B5%D1%82%D0%B5%20%D1%81%D0%B5%20%D1%81%20%D0%BD%D0%B0%D1%81&#8243;]\u0421\u0432\u044a\u0440\u0436\u0435\u0442\u0435 \u0441\u0435 \u0441 \u043d\u0430\u0441 \u0441\u0435\u0433\u0430 \u0437\u0430 \u0432\u0430\u0448\u0438\u0442\u0435 \u0441\u044a\u0431\u0438\u0442\u0438\u044f \u043a\u0430\u0442\u043e \u0441\u0432\u0430\u0442\u0431\u0430, \u0433\u043e\u0434\u0435\u0436 \u0438 \u043d\u043e\u0432\u043e\u0433\u043e\u0434\u0438\u0448\u043d\u0438 \u043f\u0430\u0440\u0442\u0438\u0442\u0430.<br \/>\n\u041d\u0430\u043f\u0440\u0430\u0432\u0435\u0442\u0435 \u043f\u044a\u0440\u0432\u0430\u0442\u0430 \u043a\u0440\u0430\u0447\u043a\u0430 \u043a\u044a\u043c \u043d\u0435\u0437\u0430\u0431\u0440\u0430\u0432\u0438\u043c \u0441\u043f\u043e\u043c\u0435\u043d \u0432 \u0445\u043e\u0442\u0435\u043b Margi.[\/vc_cta][\/vc_column][vc_column width=&#8221;1\/2&#8243;][vc_empty_space height=&#8221;70&#8243;][vc_media_grid grid_id=&#8221;vc_gid:1633395168494-2bf5a80acc13043cf4767080245fcae8-10&#8243; include=&#8221;2223,2224,2225,2226,2227,2228&#8243;][\/vc_column][\/vc_row]<\/p>\n<\/div>","protected":false},"excerpt":{"rendered":"<p>[vc_row][vc_column][vc_zigzag el_border_width=&#8221;15&#8243; css=&#8221;.vc_custom_1632170726729{padding-top: 50px !important;padding-bottom: 50px !important;}&#8221;][\/vc_column][\/vc_row][vc_row][vc_column width=&#8221;1\/2&#8243;][vc_column_text]\u0412 \u043d\u0430\u0448\u0430\u0442\u0430 \u0443\u0434\u043e\u0431\u043d\u0430, \u043f\u0440\u043e\u0441\u0442\u043e\u0440\u043d\u0430 \u0431\u0430\u043b\u043d\u0430 \u0437\u0430\u043b\u0430, \u043a\u043e\u044f\u0442\u043e \u043c\u043e\u0436\u0435 \u0434\u0430 \u0431\u044a\u0434\u0435 \u043f\u043e\u0434\u0440\u0435\u0434\u0435\u043d\u0430 \u0442\u043e\u0447\u043d\u043e \u043a\u0430\u043a\u0442\u043e \u0436\u0435\u043b\u0430\u0435\u0442\u0435, \u043c\u043e\u0436\u0435\u0442\u0435 \u0434\u0430 \u043e\u0440\u0433\u0430\u043d\u0438\u0437\u0438\u0440\u0430\u0442\u0435 \u0432\u0430\u0448\u0438\u0442\u0435 \u0441\u044a\u0431\u0438\u0442\u0438\u044f \u043a\u0430\u0442\u043e \u0433\u043e\u043b\u0435\u043c\u0438 \u043f\u0430\u0440\u0442\u0438\u0442\u0430, \u0437\u0430\u0431\u0430\u0432\u043b\u0435\u043d\u0438\u044f, \u0441\u0440\u0435\u0449\u0438, \u0441\u0432\u0430\u0442\u0431\u0438, \u0433\u043e\u0434\u0435\u0436\u043d\u0438 \u043f\u0430\u0440\u0442\u0438\u0442\u0430, \u0432\u0435\u0447\u0435\u0440\u0438 \u0441 \u043a\u044a\u043d\u0430 \u0434\u0430\u043b\u0435\u0447 \u043e\u0442 \u043d\u0435\u0433\u0430\u0442\u0438\u0432\u043d\u0438\u0442\u0435 \u0438\u0437\u043d\u0435\u043d\u0430\u0434\u0438 \u043d\u0430 \u043e\u0442\u043a\u0440\u0438\u0442\u043e.[\/vc_column_text][vc_cta h2=&#8221;&#8221; txt_align=&#8221;center&#8221; style=&#8221;3d&#8221; color=&#8221;mulled-wine&#8221; add_button=&#8221;top&#8221; btn_title=&#8221;\u0421\u0432\u044a\u0440\u0436\u0435\u0442\u0435 \u0441\u0435 \u0441 \u043d\u0430\u0441&#8221; btn_color=&#8221;primary&#8221; btn_align=&#8221;center&#8221; btn_link=&#8221;url:https%3A%2F%2Fmargiotel.com%2Fbg%2F%25d0%25ba%25d0%25be%25d0%25bd%25d1%2582%25d0%25b0%25d0%25ba%25d1%2582%2F|title:%D0%A1%D0%B2%D1%8A%D1%80%D0%B6%D0%B5%D1%82%D0%B5%20%D1%81%D0%B5%20%D1%81%20%D0%BD%D0%B0%D1%81&#8243;]\u0421\u0432\u044a\u0440\u0436\u0435\u0442\u0435 [&hellip;]<\/p>\n","protected":false},"author":1,"featured_media":0,"parent":0,"menu_order":0,"comment_status":"closed","ping_status":"closed","template":"","meta":{"_joinchat":[],"footnotes":""},"class_list":["post-5040","page","type-page","status-publish","hentry"],"yoast_head":"<!-- This site is optimized with the Yoast SEO plugin v27.3 - https:\/\/yoast.com\/product\/yoast-seo-wordpress\/ -->\n<title>\u0411\u0430\u043b\u043d\u0430 \u0437\u0430\u043b\u0430 - \u0425\u043e\u0442\u0435\u043b \u041c\u0430\u0440\u0433\u0438, \u041e\u0434\u0440\u0438\u043d, \u0422\u0443\u0440\u0446\u0438\u044f | \u0420\u0435\u0437\u0435\u0440\u0432\u0438\u0440\u0430\u0439\u0442\u0435 \u0441\u0435\u0433\u0430<\/title>\n<meta name=\"description\" content=\"Let&#039;s turn your wedding, engagement and congress events into unique and perfect memories in the wedding, congress hall of Margi Hotel Turkey\" \/>\n<meta name=\"robots\" content=\"index, follow, max-snippet:-1, max-image-preview:large, max-video-preview:-1\" \/>\n<link rel=\"canonical\" href=\"https:\/\/www.margiotel.com\/bg\/%d0%b1%d0%b0%d0%bb%d0%bd%d0%b0-%d0%b7%d0%b0%d0%bb%d0%b0\/\" \/>\n<meta property=\"og:locale\" content=\"bg_BG\" \/>\n<meta property=\"og:type\" content=\"article\" \/>\n<meta property=\"og:title\" content=\"90\" \/>\n<meta property=\"og:description\" content=\"false\" \/>\n<meta property=\"og:url\" content=\"https:\/\/www.margiotel.com\/bg\/%d0%b1%d0%b0%d0%bb%d0%bd%d0%b0-%d0%b7%d0%b0%d0%bb%d0%b0\/\" \/>\n<meta property=\"og:site_name\" content=\"Margi Hotel, Edirne, Turkey | Edirnede En iyi otel en iyi fiyatl\u0131 rezervasyon\" \/>\n<meta property=\"article:publisher\" content=\"https:\/\/www.facebook.com\/MargiHotel\/\" \/>\n<meta property=\"article:modified_time\" content=\"2021-10-16T01:47:33+00:00\" \/>\n<meta name=\"twitter:card\" content=\"summary_large_image\" \/>\n<meta name=\"twitter:label1\" content=\"Est. reading time\" \/>\n\t<meta name=\"twitter:data1\" content=\"1 \u043c\u0438\u043d\u0443\u0442\u0430\" \/>\n<script type=\"application\/ld+json\" class=\"yoast-schema-graph\">{\"@context\":\"https:\\\/\\\/schema.org\",\"@graph\":[{\"@type\":\"WebPage\",\"@id\":\"https:\\\/\\\/www.margiotel.com\\\/bg\\\/%d0%b1%d0%b0%d0%bb%d0%bd%d0%b0-%d0%b7%d0%b0%d0%bb%d0%b0\\\/\",\"url\":\"https:\\\/\\\/www.margiotel.com\\\/bg\\\/%d0%b1%d0%b0%d0%bb%d0%bd%d0%b0-%d0%b7%d0%b0%d0%bb%d0%b0\\\/\",\"name\":\"\u0411\u0430\u043b\u043d\u0430 \u0437\u0430\u043b\u0430 - \u0425\u043e\u0442\u0435\u043b \u041c\u0430\u0440\u0433\u0438, \u041e\u0434\u0440\u0438\u043d, \u0422\u0443\u0440\u0446\u0438\u044f | \u0420\u0435\u0437\u0435\u0440\u0432\u0438\u0440\u0430\u0439\u0442\u0435 \u0441\u0435\u0433\u0430\",\"isPartOf\":{\"@id\":\"https:\\\/\\\/www.margiotel.com\\\/bg\\\/#website\"},\"datePublished\":\"2021-01-04T21:53:50+00:00\",\"dateModified\":\"2021-10-16T01:47:33+00:00\",\"description\":\"Let's turn your wedding, engagement and congress events into unique and perfect memories in the wedding, congress hall of Margi Hotel Turkey\",\"breadcrumb\":{\"@id\":\"https:\\\/\\\/www.margiotel.com\\\/bg\\\/%d0%b1%d0%b0%d0%bb%d0%bd%d0%b0-%d0%b7%d0%b0%d0%bb%d0%b0\\\/#breadcrumb\"},\"inLanguage\":\"bg-BG\",\"potentialAction\":[{\"@type\":\"ReadAction\",\"target\":[\"https:\\\/\\\/www.margiotel.com\\\/bg\\\/%d0%b1%d0%b0%d0%bb%d0%bd%d0%b0-%d0%b7%d0%b0%d0%bb%d0%b0\\\/\"]}]},{\"@type\":\"BreadcrumbList\",\"@id\":\"https:\\\/\\\/www.margiotel.com\\\/bg\\\/%d0%b1%d0%b0%d0%bb%d0%bd%d0%b0-%d0%b7%d0%b0%d0%bb%d0%b0\\\/#breadcrumb\",\"itemListElement\":[{\"@type\":\"ListItem\",\"position\":1,\"name\":\"Anasayfa\",\"item\":\"https:\\\/\\\/www.margiotel.com\\\/bg\\\/\"},{\"@type\":\"ListItem\",\"position\":2,\"name\":\"\u0411\u0430\u043b\u043d\u0430 \u0437\u0430\u043b\u0430\"}]},{\"@type\":\"WebSite\",\"@id\":\"https:\\\/\\\/www.margiotel.com\\\/bg\\\/#website\",\"url\":\"https:\\\/\\\/www.margiotel.com\\\/bg\\\/\",\"name\":\"Margi Hotel, Edirne, Turkey | Edirnede En iyi otel en iyi fiyatl\u0131 rezervasyon\",\"description\":\"Edirne&#039;nin \u0130lk ve Tek 5 Y\u0131ld\u0131zl\u0131 Hoteli\",\"publisher\":{\"@id\":\"https:\\\/\\\/www.margiotel.com\\\/bg\\\/#organization\"},\"potentialAction\":[{\"@type\":\"SearchAction\",\"target\":{\"@type\":\"EntryPoint\",\"urlTemplate\":\"https:\\\/\\\/www.margiotel.com\\\/bg\\\/?s={search_term_string}\"},\"query-input\":{\"@type\":\"PropertyValueSpecification\",\"valueRequired\":true,\"valueName\":\"search_term_string\"}}],\"inLanguage\":\"bg-BG\"},{\"@type\":\"Organization\",\"@id\":\"https:\\\/\\\/www.margiotel.com\\\/bg\\\/#organization\",\"name\":\"Margi Hotel Edirne\",\"url\":\"https:\\\/\\\/www.margiotel.com\\\/bg\\\/\",\"logo\":{\"@type\":\"ImageObject\",\"inLanguage\":\"bg-BG\",\"@id\":\"https:\\\/\\\/www.margiotel.com\\\/bg\\\/#\\\/schema\\\/logo\\\/image\\\/\",\"url\":\"https:\\\/\\\/www.margiotel.com\\\/wp-content\\\/uploads\\\/2021\\\/09\\\/margi-logo-yildizli-2-1.png\",\"contentUrl\":\"https:\\\/\\\/www.margiotel.com\\\/wp-content\\\/uploads\\\/2021\\\/09\\\/margi-logo-yildizli-2-1.png\",\"width\":266,\"height\":149,\"caption\":\"Margi Hotel Edirne\"},\"image\":{\"@id\":\"https:\\\/\\\/www.margiotel.com\\\/bg\\\/#\\\/schema\\\/logo\\\/image\\\/\"},\"sameAs\":[\"https:\\\/\\\/www.facebook.com\\\/MargiHotel\\\/\",\"https:\\\/\\\/www.instagram.com\\\/margihotel\\\/\"]}]}<\/script>\n<!-- \/ Yoast SEO plugin. -->","yoast_head_json":{"title":"\u0411\u0430\u043b\u043d\u0430 \u0437\u0430\u043b\u0430 - \u0425\u043e\u0442\u0435\u043b \u041c\u0430\u0440\u0433\u0438, \u041e\u0434\u0440\u0438\u043d, \u0422\u0443\u0440\u0446\u0438\u044f | \u0420\u0435\u0437\u0435\u0440\u0432\u0438\u0440\u0430\u0439\u0442\u0435 \u0441\u0435\u0433\u0430","description":"Let's turn your wedding, engagement and congress events into unique and perfect memories in the wedding, congress hall of Margi Hotel Turkey","robots":{"index":"index","follow":"follow","max-snippet":"max-snippet:-1","max-image-preview":"max-image-preview:large","max-video-preview":"max-video-preview:-1"},"canonical":"https:\/\/www.margiotel.com\/bg\/%d0%b1%d0%b0%d0%bb%d0%bd%d0%b0-%d0%b7%d0%b0%d0%bb%d0%b0\/","og_locale":"bg_BG","og_type":"article","og_title":"90","og_description":"false","og_url":"https:\/\/www.margiotel.com\/bg\/%d0%b1%d0%b0%d0%bb%d0%bd%d0%b0-%d0%b7%d0%b0%d0%bb%d0%b0\/","og_site_name":"Margi Hotel, Edirne, Turkey | Edirnede En iyi otel en iyi fiyatl\u0131 rezervasyon","article_publisher":"https:\/\/www.facebook.com\/MargiHotel\/","article_modified_time":"2021-10-16T01:47:33+00:00","twitter_card":"summary_large_image","twitter_misc":{"Est. reading time":"1 \u043c\u0438\u043d\u0443\u0442\u0430"},"schema":{"@context":"https:\/\/schema.org","@graph":[{"@type":"WebPage","@id":"https:\/\/www.margiotel.com\/bg\/%d0%b1%d0%b0%d0%bb%d0%bd%d0%b0-%d0%b7%d0%b0%d0%bb%d0%b0\/","url":"https:\/\/www.margiotel.com\/bg\/%d0%b1%d0%b0%d0%bb%d0%bd%d0%b0-%d0%b7%d0%b0%d0%bb%d0%b0\/","name":"\u0411\u0430\u043b\u043d\u0430 \u0437\u0430\u043b\u0430 - \u0425\u043e\u0442\u0435\u043b \u041c\u0430\u0440\u0433\u0438, \u041e\u0434\u0440\u0438\u043d, \u0422\u0443\u0440\u0446\u0438\u044f | \u0420\u0435\u0437\u0435\u0440\u0432\u0438\u0440\u0430\u0439\u0442\u0435 \u0441\u0435\u0433\u0430","isPartOf":{"@id":"https:\/\/www.margiotel.com\/bg\/#website"},"datePublished":"2021-01-04T21:53:50+00:00","dateModified":"2021-10-16T01:47:33+00:00","description":"Let's turn your wedding, engagement and congress events into unique and perfect memories in the wedding, congress hall of Margi Hotel Turkey","breadcrumb":{"@id":"https:\/\/www.margiotel.com\/bg\/%d0%b1%d0%b0%d0%bb%d0%bd%d0%b0-%d0%b7%d0%b0%d0%bb%d0%b0\/#breadcrumb"},"inLanguage":"bg-BG","potentialAction":[{"@type":"ReadAction","target":["https:\/\/www.margiotel.com\/bg\/%d0%b1%d0%b0%d0%bb%d0%bd%d0%b0-%d0%b7%d0%b0%d0%bb%d0%b0\/"]}]},{"@type":"BreadcrumbList","@id":"https:\/\/www.margiotel.com\/bg\/%d0%b1%d0%b0%d0%bb%d0%bd%d0%b0-%d0%b7%d0%b0%d0%bb%d0%b0\/#breadcrumb","itemListElement":[{"@type":"ListItem","position":1,"name":"Anasayfa","item":"https:\/\/www.margiotel.com\/bg\/"},{"@type":"ListItem","position":2,"name":"\u0411\u0430\u043b\u043d\u0430 \u0437\u0430\u043b\u0430"}]},{"@type":"WebSite","@id":"https:\/\/www.margiotel.com\/bg\/#website","url":"https:\/\/www.margiotel.com\/bg\/","name":"Margi Hotel, Edirne, Turkey | Edirnede En iyi otel en iyi fiyatl\u0131 rezervasyon","description":"Edirne&#039;nin \u0130lk ve Tek 5 Y\u0131ld\u0131zl\u0131 Hoteli","publisher":{"@id":"https:\/\/www.margiotel.com\/bg\/#organization"},"potentialAction":[{"@type":"SearchAction","target":{"@type":"EntryPoint","urlTemplate":"https:\/\/www.margiotel.com\/bg\/?s={search_term_string}"},"query-input":{"@type":"PropertyValueSpecification","valueRequired":true,"valueName":"search_term_string"}}],"inLanguage":"bg-BG"},{"@type":"Organization","@id":"https:\/\/www.margiotel.com\/bg\/#organization","name":"Margi Hotel Edirne","url":"https:\/\/www.margiotel.com\/bg\/","logo":{"@type":"ImageObject","inLanguage":"bg-BG","@id":"https:\/\/www.margiotel.com\/bg\/#\/schema\/logo\/image\/","url":"https:\/\/www.margiotel.com\/wp-content\/uploads\/2021\/09\/margi-logo-yildizli-2-1.png","contentUrl":"https:\/\/www.margiotel.com\/wp-content\/uploads\/2021\/09\/margi-logo-yildizli-2-1.png","width":266,"height":149,"caption":"Margi Hotel Edirne"},"image":{"@id":"https:\/\/www.margiotel.com\/bg\/#\/schema\/logo\/image\/"},"sameAs":["https:\/\/www.facebook.com\/MargiHotel\/","https:\/\/www.instagram.com\/margihotel\/"]}]}},"_links":{"self":[{"href":"https:\/\/www.margiotel.com\/bg\/wp-json\/wp\/v2\/pages\/5040","targetHints":{"allow":["GET"]}}],"collection":[{"href":"https:\/\/www.margiotel.com\/bg\/wp-json\/wp\/v2\/pages"}],"about":[{"href":"https:\/\/www.margiotel.com\/bg\/wp-json\/wp\/v2\/types\/page"}],"author":[{"embeddable":true,"href":"https:\/\/www.margiotel.com\/bg\/wp-json\/wp\/v2\/users\/1"}],"replies":[{"embeddable":true,"href":"https:\/\/www.margiotel.com\/bg\/wp-json\/wp\/v2\/comments?post=5040"}],"version-history":[{"count":0,"href":"https:\/\/www.margiotel.com\/bg\/wp-json\/wp\/v2\/pages\/5040\/revisions"}],"wp:attachment":[{"href":"https:\/\/www.margiotel.com\/bg\/wp-json\/wp\/v2\/media?parent=5040"}],"curies":[{"name":"wp","href":"https:\/\/api.w.org\/{rel}","templated":true}]}}