{"id":5038,"date":"2021-01-05T00:55:42","date_gmt":"2021-01-04T21:55:42","guid":{"rendered":"https:\/\/margiotel.com\/?page_id=5038"},"modified":"2021-10-16T04:47:20","modified_gmt":"2021-10-16T01:47:20","slug":"%d0%b7%d0%b0-%d0%bd%d0%b0%d1%81","status":"publish","type":"page","link":"https:\/\/www.margiotel.com\/bg\/%d0%b7%d0%b0-%d0%bd%d0%b0%d1%81\/","title":{"rendered":"\u0417\u0430 \u043d\u0430\u0441"},"content":{"rendered":"<div class=\"wpb-content-wrapper\"><p>[vc_row full_width=&#8221;stretch_row&#8221; css=&#8221;.vc_custom_1531729276201{padding-bottom: 80px !important;}&#8221;][vc_column width=&#8221;1\/2&#8243;]\t\t\t<div\r\n\t\t\t\tclass=\"main_title  text-left  mt_wave\">\r\n\t\t\t\t<h2 class=\"title\">Margi Hotel<\/h2>\r\n\t\t\t\t\t\t\t\t\t<p class=\"main_description\">\u0412\u0438\u0441\u043e\u043a\u043e \u043d\u0438\u0432\u043e \u043d\u0430 \u043a\u043e\u043c\u0444\u043e\u0440\u0442 \u0438 \u0443\u0441\u043b\u0443\u0433\u0438<\/p>\r\n\t\t\t\t\t\t\t<\/div>\r\n\t\t[vc_column_text]\u041e\u0431\u044f\u0432\u0438\u0445\u043c\u0435 \u0438\u043c\u0435\u0442\u043e \u0441\u0438 \u043a\u0430\u0442\u043e \u043d\u0430\u0439 -\u0433\u043e\u043b\u0435\u043c\u0438\u044f \u043e\u0442\u0432\u043e\u0440\u0435\u043d \u0442\u044a\u0440\u0433\u043e\u0432\u0441\u043a\u0438 \u0446\u0435\u043d\u0442\u044a\u0440 \u0432 \u0422\u0440\u0430\u043a\u0438\u044f \u0441 \u0442\u044a\u0440\u0433\u043e\u0432\u0441\u043a\u0438\u044f \u0441\u0435\u043a\u0442\u043e\u0440, \u0432 \u043a\u043e\u0439\u0442\u043e \u043d\u0430\u0432\u043b\u044f\u0437\u043e\u0445\u043c\u0435 \u043f\u0440\u0435\u0437 2011 \u0433. \u041a\u0430\u0442\u043e \u0445\u043e\u0442\u0435\u043b Margi Edirne, \u043d\u0438\u0435 \u043f\u0440\u0438\u0435\u043c\u0430\u043c\u0435 \u043d\u0430\u0448\u0438\u0442\u0435 \u0433\u043e\u0441\u0442\u0438 \u043f\u043e \u043d\u0430\u0439 -\u0432\u0438\u0441\u043e\u043a\u0438\u0442\u0435 \u0441\u0442\u0430\u043d\u0434\u0430\u0440\u0442\u0438 \u043e\u0442 2013 \u0433. \u041e\u0441\u0432\u0435\u043d \u0442\u043e\u0432\u0430 \u043e\u0440\u0433\u0430\u043d\u0438\u0437\u0438\u0440\u0430\u043c\u0435 \u0441\u044a\u0431\u0438\u0442\u0438\u044f \u043a\u0430\u0442\u043e \u0441\u0432\u0430\u0442\u0431\u0438, \u0441\u0440\u0435\u0449\u0438, \u043a\u043e\u043d\u0433\u0440\u0435\u0441\u0438 \u0438 \u0430\u0431\u0438\u0442\u0443\u0440\u0438\u0435\u043d\u0442\u0441\u043a\u0438 \u0431\u0430\u043b\u043e\u0432\u0435, \u043a\u0430\u0442\u043e \u0441\u0435 \u043e\u0431\u043c\u0438\u0441\u043b\u044f\u0442 \u0432\u0441\u0438\u0447\u043a\u0438 \u043f\u043e\u0434\u0440\u043e\u0431\u043d\u043e\u0441\u0442\u0438, \u0437\u0430 \u0434\u0430 \u043d\u0435 \u0432\u044a\u0437\u043d\u0438\u043a\u043d\u0435 \u0438 \u043d\u0430\u0439 -\u043c\u0430\u043b\u043a\u0438\u044f\u0442 \u043f\u0440\u043e\u0431\u043b\u0435\u043c.[\/vc_column_text][\/vc_column][vc_column width=&#8221;1\/2&#8243;]\t\t\t<div\r\n\t\t\t\tclass=\"main_title  text-center  mt_wave\">\r\n\t\t\t\t<h2 class=\"title\">\u041d\u0430\u0448\u0430\u0442\u0430 \u043c\u0438\u0441\u0438\u044f<\/h2>\r\n\t\t\t\t\t\t\t<\/div>\r\n\t\t[vc_column_text]\u041d\u0438\u0435 \u0441\u0435 \u0441\u0442\u0440\u0435\u043c\u0438\u043c \u0434\u0430 \u0432\u0438 \u0441\u043b\u0443\u0436\u0438\u043c \u0441 \u043d\u0430\u0448\u0438\u044f \u043f\u0440\u0438\u044f\u0442\u0435\u043b\u0441\u043a\u0438 \u043f\u0435\u0440\u0441\u043e\u043d\u0430\u043b, \u043a\u0430\u0442\u043e \u0437\u0430\u043f\u0430\u0437\u0438\u043c \u043d\u0430\u0448\u0435\u0442\u043e \u043a\u0443\u043b\u0442\u0443\u0440\u043d\u043e \u043d\u0430\u0441\u043b\u0435\u0434\u0441\u0442\u0432\u043e \u0438 \u0438\u0441\u0442\u043e\u0440\u0438\u044f \u0432 \u0442\u0443\u0440\u0438\u0441\u0442\u0438\u0447\u0435\u0441\u043a\u0438\u044f \u0441\u0435\u043a\u0442\u043e\u0440 \u0432 \u041e\u0434\u0440\u0438\u043d \u0438 \u0434\u0430 \u043f\u0440\u043e\u0434\u044a\u043b\u0436\u0438\u043c \u0442\u043e\u0432\u0430, \u043a\u0430\u0442\u043e \u0441\u043c\u0435 \u0441\u0440\u0435\u0434 \u043d\u0430\u0439 -\u0434\u043e\u0431\u0440\u0438\u0442\u0435 \u0432 \u043d\u0430\u0448\u0438\u044f \u0441\u0435\u043a\u0442\u043e\u0440.[\/vc_column_text]\t\t\t<div\r\n\t\t\t\tclass=\"main_title  text-center  mt_wave\">\r\n\t\t\t\t<h2 class=\"title\">\u041d\u0430\u0448\u0430\u0442\u0430 \u0432\u0438\u0437\u0438\u044f<\/h2>\r\n\t\t\t\t\t\t\t<\/div>\r\n\t\t[vc_column_text]\u0414\u0430 \u0431\u044a\u0434\u0435\u043c \u0441\u0440\u0435\u0434 \u043f\u044a\u0440\u0432\u0438\u0442\u0435 \u043f\u0440\u0435\u0434\u043f\u043e\u0447\u0438\u0442\u0430\u043d\u0438 \u043c\u0430\u0440\u043a\u0438 \u043d\u0430 \u0422\u0443\u0440\u0446\u0438\u044f \u0441 \u043d\u0430\u0448\u0435\u0442\u043e \u043a\u0430\u0447\u0435\u0441\u0442\u0432\u0435\u043d\u043e \u0438 \u0438\u043d\u043e\u0432\u0430\u0442\u0438\u0432\u043d\u043e \u043e\u0431\u0441\u043b\u0443\u0436\u0432\u0430\u043d\u0435.[\/vc_column_text][\/vc_column][\/vc_row][vc_row][vc_column][vc_row_inner][vc_column_inner width=&#8221;1\/4&#8243;]\r\n          <div class=\"countup-item\">\r\n            <img decoding=\"async\" draggable=\"false\" src=\"https:\/\/www.margiotel.com\/wp-content\/uploads\/2018\/07\/restaurant-1.png\">\r\n            <span class=\"number\" data-count=\"160\">160<\/span>\r\n            <div class=\"text\">\u0421\u0422\u0410\u0418<\/div>\r\n          <\/div>\r\n\r\n\r\n        [\/vc_column_inner][vc_column_inner width=&#8221;1\/4&#8243;]\r\n          <div class=\"countup-item\">\r\n            <img decoding=\"async\" draggable=\"false\" src=\"https:\/\/www.margiotel.com\/wp-content\/uploads\/2018\/07\/rooms-1.png\">\r\n            <span class=\"number\" data-count=\"6\">6<\/span>\r\n            <div class=\"text\">\u0417\u0410\u0421\u0415\u0414\u0410\u041d\u0418\u042f<\/div>\r\n          <\/div>\r\n\r\n\r\n        [\/vc_column_inner][vc_column_inner width=&#8221;1\/4&#8243;]\r\n          <div class=\"countup-item\">\r\n            <img decoding=\"async\" draggable=\"false\" src=\"https:\/\/www.margiotel.com\/wp-content\/uploads\/2018\/07\/staff-1.png\">\r\n            <span class=\"number\" data-count=\"60\">60<\/span>\r\n            <div class=\"text\">\u0420\u0410\u0411\u041e\u0422\u041d\u0418\u041a<\/div>\r\n          <\/div>\r\n\r\n\r\n        [\/vc_column_inner][vc_column_inner width=&#8221;1\/4&#8243;]\r\n          <div class=\"countup-item\">\r\n            <img decoding=\"async\" draggable=\"false\" src=\"https:\/\/www.margiotel.com\/wp-content\/uploads\/2018\/07\/swimming-pool-2.png\">\r\n            <span class=\"number\" data-count=\"1\">1<\/span>\r\n            <div class=\"text\">\u0411\u0410\u0421\u0415\u0419\u041d<\/div>\r\n          <\/div>\r\n\r\n\r\n        [\/vc_column_inner][\/vc_row_inner][vc_empty_space height=&#8221;50&#8243;]\t\t\t<div\r\n\t\t\t\tclass=\"main_title  text-left  mt_wave\">\r\n\t\t\t\t<h2 class=\"title\">\u041d\u0410\u0428\u0418\u0422\u0415 \u0423\u0421\u041b\u0423\u0413\u0418<\/h2>\r\n\t\t\t\t\t\t\t\t\t<p class=\"main_description\">\u041d\u0430\u0448\u0438\u0442\u0435 \u0432\u0438\u0441\u043e\u043a\u043e\u043a\u0430\u0447\u0435\u0441\u0442\u0432\u0435\u043d\u0438 \u0443\u0441\u043b\u0443\u0433\u0438<\/p>\r\n\t\t\t\t\t\t\t<\/div>\r\n\t\t[vc_row_inner][vc_column_inner]           \r\n            <div class=\"row\">\r\n\t            <div class=\"image-gallery\">\r\n\r\n                   \r\n                    <!-- GALLERY ITEM -->\r\n                    <div class=\"col-lg-3 col-sm-6\">\r\n                      <figure class=\"gradient-overlay-hover icon-zoom-hover zoom-image-hover\">\r\n                                                <a href=\"https:\/\/www.margiotel.com\/wp-content\/uploads\/2019\/12\/havuz-1.jpg\">\r\n                          <img decoding=\"async\" src=\"https:\/\/www.margiotel.com\/wp-content\/uploads\/2019\/12\/havuz-1.jpg\" class=\"img-responsive\">\r\n                        <\/a>\r\n                                            <\/figure>\r\n                    <\/div>\r\n\r\n                    \r\n                    <!-- GALLERY ITEM -->\r\n                    <div class=\"col-lg-3 col-sm-6\">\r\n                      <figure class=\"gradient-overlay-hover icon-zoom-hover zoom-image-hover\">\r\n                                                <a href=\"https:\/\/www.margiotel.com\/wp-content\/uploads\/2019\/12\/restoran-masa-2.jpg\">\r\n                          <img decoding=\"async\" src=\"https:\/\/www.margiotel.com\/wp-content\/uploads\/2019\/12\/restoran-masa-2.jpg\" class=\"img-responsive\">\r\n                        <\/a>\r\n                                            <\/figure>\r\n                    <\/div>\r\n\r\n                    \r\n                    <!-- GALLERY ITEM -->\r\n                    <div class=\"col-lg-3 col-sm-6\">\r\n                      <figure class=\"gradient-overlay-hover icon-zoom-hover zoom-image-hover\">\r\n                                                <a href=\"https:\/\/www.margiotel.com\/wp-content\/uploads\/2019\/12\/balo-salonu.jpg\">\r\n                          <img decoding=\"async\" src=\"https:\/\/www.margiotel.com\/wp-content\/uploads\/2019\/12\/balo-salonu.jpg\" class=\"img-responsive\">\r\n                        <\/a>\r\n                                            <\/figure>\r\n                    <\/div>\r\n\r\n                    \r\n                    <!-- GALLERY ITEM -->\r\n                    <div class=\"col-lg-3 col-sm-6\">\r\n                      <figure class=\"gradient-overlay-hover icon-zoom-hover zoom-image-hover\">\r\n                                                <a href=\"https:\/\/www.margiotel.com\/wp-content\/uploads\/2019\/12\/masaj-1-e1577113344866.jpg\">\r\n                          <img decoding=\"async\" src=\"https:\/\/www.margiotel.com\/wp-content\/uploads\/2019\/12\/masaj-1-e1577113344866.jpg\" class=\"img-responsive\">\r\n                        <\/a>\r\n                                            <\/figure>\r\n                    <\/div>\r\n\r\n                    \r\n\t                \t            <\/div>\r\n            <\/div>\r\n\r\n        [vc_column_text]<\/p>\n<div id=\"icerik\">\n<table border=\"0\" width=\"95%\" cellpadding=\"0\">\n<tbody>\n<tr>\n<td valign=\"top\" width=\"49%\">\n<ul>\n<li>\u0411\u0435\u0437\u0436\u0438\u0447\u0435\u043d \u0438\u043d\u0442\u0435\u0440\u043d\u0435\u0442<\/li>\n<li>\u0420\u0430\u043d\u043d\u043e \u043d\u0430\u0441\u0442\u0430\u043d\u044f\u0432\u0430\u043d\u0435<\/li>\n<li>\u0411\u044a\u0440\u0437\u043e \u043d\u0430\u0441\u0442\u0430\u043d\u044f\u0432\u0430\u043d\u0435 \u0438 \u043d\u0430\u043f\u0443\u0441\u043a\u0430\u043d\u0435<\/li>\n<li>\u0420\u0443\u043c \u0441\u0435\u0440\u0432\u0438\u0437 (\u043f\u043b\u0430\u0442\u0435\u043d)<\/li>\n<li>\u0425\u0438\u043c\u0438\u0447\u0435\u0441\u043a\u043e \u0447\u0438\u0441\u0442\u0435\u043d\u0435 (\u043f\u043b\u0430\u0442\u0435\u043d\u043e)<\/li>\n<li>\u041f\u0435\u0440\u0430\u043b\u043d\u044f (\u043f\u043b\u0430\u0442\u0435\u043d\u0430)<\/li>\n<li>\u0424\u0440\u0438\u0437\u044c\u043e\u0440 \u043c\u044a\u0436-\u0436\u0435\u043d\u0430 (\u043f\u043b\u0430\u0442\u0435\u043d)<\/li>\n<li>\u0423\u0441\u043b\u0443\u0433\u0430 \u0437\u0430 \u0441\u044a\u043e\u0431\u0449\u0435\u043d\u0438\u044f<\/li>\n<li>\u0423\u0441\u043b\u0443\u0433\u0430 \u0437\u0430 \u0441\u044a\u0431\u0443\u0436\u0434\u0430\u043d\u0435<\/li>\n<\/ul>\n<\/td>\n<td valign=\"top\" width=\"49%\">\n<ul>\n<li>\u0421\u0442\u0430\u044f \u0437\u0430 \u0431\u0430\u0433\u0430\u0436<\/li>\n<li>\u041f\u0430\u0440\u043a\u0438\u043d\u0433 \u043d\u0430 \u043e\u0442\u043a\u0440\u0438\u0442\u043e<\/li>\n<li>\u0423\u0441\u043b\u0443\u0433\u0430 \u043a\u0430\u043c\u0435\u0440\u0438\u0435\u0440<\/li>\n<li>\u041e\u0431\u043c\u044f\u043d\u0430 \u043d\u0430 \u0432\u0430\u043b\u0443\u0442\u0430<\/li>\n<li>\u0411\u0438\u0437\u043d\u0435\u0441 \u0446\u0435\u043d\u0442\u044a\u0440<\/li>\n<li>\u0421\u0438\u0441\u0442\u0435\u043c\u0430 \u0437\u0430 \u043e\u0445\u0440\u0430\u043d\u0438\u0442\u0435\u043b\u043d\u0430 \u043a\u0430\u043c\u0435\u0440\u0430<\/li>\n<li>\u0414\u043e\u043a\u0442\u043e\u0440 \u0438 \u043c\u0435\u0434\u0438\u0446\u0438\u043d\u0441\u043a\u0430 \u0441\u0435\u0441\u0442\u0440\u0430<\/li>\n<\/ul>\n<\/td>\n<\/tr>\n<\/tbody>\n<\/table>\n<\/div>\n<p>[\/vc_column_text][\/vc_column_inner][\/vc_row_inner][vc_empty_space height=&#8221;50&#8243;][\/vc_column][\/vc_row][vc_row][vc_column]\t\t\t<div\r\n\t\t\t\tclass=\"main_title  text-left  mt_wave\">\r\n\t\t\t\t<h2 class=\"title\">\u041d\u0410\u0428\u0418\u0422\u0415 \u041d\u0410\u0413\u0420\u0410\u0414\u0418<\/h2>\r\n\t\t\t\t\t\t\t\t\t<p class=\"main_description\">\u041d\u0430\u0433\u0440\u0430\u0434\u0438\u0442\u0435, \u043a\u043e\u0438\u0442\u043e \u043f\u043e\u043b\u0443\u0447\u0438\u0445\u043c\u0435 \u0432 \u0440\u0435\u0437\u0443\u043b\u0442\u0430\u0442 \u043d\u0430 \u043e\u0446\u0435\u043d\u043a\u0438\u0442\u0435 \u043d\u0430 \u043d\u0430\u0448\u0438\u0442\u0435 \u0433\u043e\u0441\u0442\u0438<\/p>\r\n\t\t\t\t\t\t\t<\/div>\r\n\t\t[\/vc_column][\/vc_row][vc_row equal_height=&#8221;yes&#8221; content_placement=&#8221;middle&#8221;][vc_column][vc_gallery type=&#8221;image_grid&#8221; images=&#8221;3734,3733&#8243; img_size=&#8221;medium&#8221; css_animation=&#8221;zoomIn&#8221; css=&#8221;.vc_custom_1632491370286{padding-right: 10px !important;padding-left: 10px !important;}&#8221;][\/vc_column][\/vc_row]<\/p>\n<\/div>","protected":false},"excerpt":{"rendered":"<p>[vc_row full_width=&#8221;stretch_row&#8221; css=&#8221;.vc_custom_1531729276201{padding-bottom: 80px !important;}&#8221;][vc_column width=&#8221;1\/2&#8243;][vc_column_text]\u041e\u0431\u044f\u0432\u0438\u0445\u043c\u0435 \u0438\u043c\u0435\u0442\u043e \u0441\u0438 \u043a\u0430\u0442\u043e \u043d\u0430\u0439 -\u0433\u043e\u043b\u0435\u043c\u0438\u044f \u043e\u0442\u0432\u043e\u0440\u0435\u043d \u0442\u044a\u0440\u0433\u043e\u0432\u0441\u043a\u0438 \u0446\u0435\u043d\u0442\u044a\u0440 \u0432 \u0422\u0440\u0430\u043a\u0438\u044f \u0441 \u0442\u044a\u0440\u0433\u043e\u0432\u0441\u043a\u0438\u044f \u0441\u0435\u043a\u0442\u043e\u0440, \u0432 \u043a\u043e\u0439\u0442\u043e \u043d\u0430\u0432\u043b\u044f\u0437\u043e\u0445\u043c\u0435 \u043f\u0440\u0435\u0437 2011 \u0433. \u041a\u0430\u0442\u043e \u0445\u043e\u0442\u0435\u043b Margi Edirne, \u043d\u0438\u0435 \u043f\u0440\u0438\u0435\u043c\u0430\u043c\u0435 \u043d\u0430\u0448\u0438\u0442\u0435 \u0433\u043e\u0441\u0442\u0438 \u043f\u043e \u043d\u0430\u0439 -\u0432\u0438\u0441\u043e\u043a\u0438\u0442\u0435 \u0441\u0442\u0430\u043d\u0434\u0430\u0440\u0442\u0438 \u043e\u0442 2013 \u0433. \u041e\u0441\u0432\u0435\u043d \u0442\u043e\u0432\u0430 \u043e\u0440\u0433\u0430\u043d\u0438\u0437\u0438\u0440\u0430\u043c\u0435 \u0441\u044a\u0431\u0438\u0442\u0438\u044f \u043a\u0430\u0442\u043e \u0441\u0432\u0430\u0442\u0431\u0438, \u0441\u0440\u0435\u0449\u0438, \u043a\u043e\u043d\u0433\u0440\u0435\u0441\u0438 \u0438 \u0430\u0431\u0438\u0442\u0443\u0440\u0438\u0435\u043d\u0442\u0441\u043a\u0438 \u0431\u0430\u043b\u043e\u0432\u0435, \u043a\u0430\u0442\u043e \u0441\u0435 \u043e\u0431\u043c\u0438\u0441\u043b\u044f\u0442 \u0432\u0441\u0438\u0447\u043a\u0438 [&hellip;]<\/p>\n","protected":false},"author":1,"featured_media":0,"parent":0,"menu_order":0,"comment_status":"closed","ping_status":"closed","template":"","meta":{"_joinchat":[],"footnotes":""},"class_list":["post-5038","page","type-page","status-publish","hentry"],"yoast_head":"<!-- This site is optimized with the Yoast SEO plugin v27.3 - https:\/\/yoast.com\/product\/yoast-seo-wordpress\/ -->\n<title>\u0417\u0430 \u043d\u0430\u0441 - \u0425\u043e\u0442\u0435\u043b \u041c\u0430\u0440\u0433\u0438, \u041e\u0434\u0440\u0438\u043d, \u0422\u0443\u0440\u0446\u0438\u044f | \u0420\u0435\u0437\u0435\u0440\u0432\u0438\u0440\u0430\u0439\u0442\u0435 \u0441\u0435\u0433\u0430<\/title>\n<meta name=\"description\" content=\"\u041f\u043e\u043b\u0443\u0447\u0435\u0442\u0435 \u043f\u043e\u0434\u0440\u043e\u0431\u043d\u0430 \u0438\u043d\u0444\u043e\u0440\u043c\u0430\u0446\u0438\u044f \u0437\u0430 \u043d\u0430\u0448\u0438\u044f \u0445\u043e\u0442\u0435\u043b- \u0425\u043e\u0442\u0435\u043b \u041c\u0430\u0440\u0433\u0438, \u041e\u0434\u0440\u0438\u043d, \u0422\u0443\u0440\u0446\u0438\u044f - Margi Hotel Edirne\" \/>\n<meta name=\"robots\" content=\"index, follow, max-snippet:-1, max-image-preview:large, max-video-preview:-1\" \/>\n<link rel=\"canonical\" href=\"https:\/\/www.margiotel.com\/bg\/%d0%b7%d0%b0-%d0%bd%d0%b0%d1%81\/\" \/>\n<meta property=\"og:locale\" content=\"bg_BG\" \/>\n<meta property=\"og:type\" content=\"article\" \/>\n<meta property=\"og:title\" content=\"90\" \/>\n<meta property=\"og:description\" content=\"false\" \/>\n<meta property=\"og:url\" content=\"https:\/\/www.margiotel.com\/bg\/%d0%b7%d0%b0-%d0%bd%d0%b0%d1%81\/\" \/>\n<meta property=\"og:site_name\" content=\"Margi Hotel, Edirne, Turkey | Edirnede En iyi otel en iyi fiyatl\u0131 rezervasyon\" \/>\n<meta property=\"article:publisher\" content=\"https:\/\/www.facebook.com\/MargiHotel\/\" \/>\n<meta property=\"article:modified_time\" content=\"2021-10-16T01:47:20+00:00\" \/>\n<meta name=\"twitter:card\" content=\"summary_large_image\" \/>\n<meta name=\"twitter:label1\" content=\"Est. reading time\" \/>\n\t<meta name=\"twitter:data1\" content=\"2 \u043c\u0438\u043d\u0443\u0442\u0438\" \/>\n<script type=\"application\/ld+json\" class=\"yoast-schema-graph\">{\"@context\":\"https:\\\/\\\/schema.org\",\"@graph\":[{\"@type\":\"WebPage\",\"@id\":\"https:\\\/\\\/www.margiotel.com\\\/bg\\\/%d0%b7%d0%b0-%d0%bd%d0%b0%d1%81\\\/\",\"url\":\"https:\\\/\\\/www.margiotel.com\\\/bg\\\/%d0%b7%d0%b0-%d0%bd%d0%b0%d1%81\\\/\",\"name\":\"\u0417\u0430 \u043d\u0430\u0441 - \u0425\u043e\u0442\u0435\u043b \u041c\u0430\u0440\u0433\u0438, \u041e\u0434\u0440\u0438\u043d, \u0422\u0443\u0440\u0446\u0438\u044f | \u0420\u0435\u0437\u0435\u0440\u0432\u0438\u0440\u0430\u0439\u0442\u0435 \u0441\u0435\u0433\u0430\",\"isPartOf\":{\"@id\":\"https:\\\/\\\/www.margiotel.com\\\/bg\\\/#website\"},\"datePublished\":\"2021-01-04T21:55:42+00:00\",\"dateModified\":\"2021-10-16T01:47:20+00:00\",\"description\":\"\u041f\u043e\u043b\u0443\u0447\u0435\u0442\u0435 \u043f\u043e\u0434\u0440\u043e\u0431\u043d\u0430 \u0438\u043d\u0444\u043e\u0440\u043c\u0430\u0446\u0438\u044f \u0437\u0430 \u043d\u0430\u0448\u0438\u044f \u0445\u043e\u0442\u0435\u043b- \u0425\u043e\u0442\u0435\u043b \u041c\u0430\u0440\u0433\u0438, \u041e\u0434\u0440\u0438\u043d, \u0422\u0443\u0440\u0446\u0438\u044f - Margi Hotel Edirne\",\"breadcrumb\":{\"@id\":\"https:\\\/\\\/www.margiotel.com\\\/bg\\\/%d0%b7%d0%b0-%d0%bd%d0%b0%d1%81\\\/#breadcrumb\"},\"inLanguage\":\"bg-BG\",\"potentialAction\":[{\"@type\":\"ReadAction\",\"target\":[\"https:\\\/\\\/www.margiotel.com\\\/bg\\\/%d0%b7%d0%b0-%d0%bd%d0%b0%d1%81\\\/\"]}]},{\"@type\":\"BreadcrumbList\",\"@id\":\"https:\\\/\\\/www.margiotel.com\\\/bg\\\/%d0%b7%d0%b0-%d0%bd%d0%b0%d1%81\\\/#breadcrumb\",\"itemListElement\":[{\"@type\":\"ListItem\",\"position\":1,\"name\":\"Anasayfa\",\"item\":\"https:\\\/\\\/www.margiotel.com\\\/bg\\\/\"},{\"@type\":\"ListItem\",\"position\":2,\"name\":\"\u0417\u0430 \u043d\u0430\u0441\"}]},{\"@type\":\"WebSite\",\"@id\":\"https:\\\/\\\/www.margiotel.com\\\/bg\\\/#website\",\"url\":\"https:\\\/\\\/www.margiotel.com\\\/bg\\\/\",\"name\":\"Margi Hotel, Edirne, Turkey | Edirnede En iyi otel en iyi fiyatl\u0131 rezervasyon\",\"description\":\"Edirne&#039;nin \u0130lk ve Tek 5 Y\u0131ld\u0131zl\u0131 Hoteli\",\"publisher\":{\"@id\":\"https:\\\/\\\/www.margiotel.com\\\/bg\\\/#organization\"},\"potentialAction\":[{\"@type\":\"SearchAction\",\"target\":{\"@type\":\"EntryPoint\",\"urlTemplate\":\"https:\\\/\\\/www.margiotel.com\\\/bg\\\/?s={search_term_string}\"},\"query-input\":{\"@type\":\"PropertyValueSpecification\",\"valueRequired\":true,\"valueName\":\"search_term_string\"}}],\"inLanguage\":\"bg-BG\"},{\"@type\":\"Organization\",\"@id\":\"https:\\\/\\\/www.margiotel.com\\\/bg\\\/#organization\",\"name\":\"Margi Hotel Edirne\",\"url\":\"https:\\\/\\\/www.margiotel.com\\\/bg\\\/\",\"logo\":{\"@type\":\"ImageObject\",\"inLanguage\":\"bg-BG\",\"@id\":\"https:\\\/\\\/www.margiotel.com\\\/bg\\\/#\\\/schema\\\/logo\\\/image\\\/\",\"url\":\"https:\\\/\\\/www.margiotel.com\\\/wp-content\\\/uploads\\\/2021\\\/09\\\/margi-logo-yildizli-2-1.png\",\"contentUrl\":\"https:\\\/\\\/www.margiotel.com\\\/wp-content\\\/uploads\\\/2021\\\/09\\\/margi-logo-yildizli-2-1.png\",\"width\":266,\"height\":149,\"caption\":\"Margi Hotel Edirne\"},\"image\":{\"@id\":\"https:\\\/\\\/www.margiotel.com\\\/bg\\\/#\\\/schema\\\/logo\\\/image\\\/\"},\"sameAs\":[\"https:\\\/\\\/www.facebook.com\\\/MargiHotel\\\/\",\"https:\\\/\\\/www.instagram.com\\\/margihotel\\\/\"]}]}<\/script>\n<!-- \/ Yoast SEO plugin. -->","yoast_head_json":{"title":"\u0417\u0430 \u043d\u0430\u0441 - \u0425\u043e\u0442\u0435\u043b \u041c\u0430\u0440\u0433\u0438, \u041e\u0434\u0440\u0438\u043d, \u0422\u0443\u0440\u0446\u0438\u044f | \u0420\u0435\u0437\u0435\u0440\u0432\u0438\u0440\u0430\u0439\u0442\u0435 \u0441\u0435\u0433\u0430","description":"\u041f\u043e\u043b\u0443\u0447\u0435\u0442\u0435 \u043f\u043e\u0434\u0440\u043e\u0431\u043d\u0430 \u0438\u043d\u0444\u043e\u0440\u043c\u0430\u0446\u0438\u044f \u0437\u0430 \u043d\u0430\u0448\u0438\u044f \u0445\u043e\u0442\u0435\u043b- \u0425\u043e\u0442\u0435\u043b \u041c\u0430\u0440\u0433\u0438, \u041e\u0434\u0440\u0438\u043d, \u0422\u0443\u0440\u0446\u0438\u044f - Margi Hotel Edirne","robots":{"index":"index","follow":"follow","max-snippet":"max-snippet:-1","max-image-preview":"max-image-preview:large","max-video-preview":"max-video-preview:-1"},"canonical":"https:\/\/www.margiotel.com\/bg\/%d0%b7%d0%b0-%d0%bd%d0%b0%d1%81\/","og_locale":"bg_BG","og_type":"article","og_title":"90","og_description":"false","og_url":"https:\/\/www.margiotel.com\/bg\/%d0%b7%d0%b0-%d0%bd%d0%b0%d1%81\/","og_site_name":"Margi Hotel, Edirne, Turkey | Edirnede En iyi otel en iyi fiyatl\u0131 rezervasyon","article_publisher":"https:\/\/www.facebook.com\/MargiHotel\/","article_modified_time":"2021-10-16T01:47:20+00:00","twitter_card":"summary_large_image","twitter_misc":{"Est. reading time":"2 \u043c\u0438\u043d\u0443\u0442\u0438"},"schema":{"@context":"https:\/\/schema.org","@graph":[{"@type":"WebPage","@id":"https:\/\/www.margiotel.com\/bg\/%d0%b7%d0%b0-%d0%bd%d0%b0%d1%81\/","url":"https:\/\/www.margiotel.com\/bg\/%d0%b7%d0%b0-%d0%bd%d0%b0%d1%81\/","name":"\u0417\u0430 \u043d\u0430\u0441 - \u0425\u043e\u0442\u0435\u043b \u041c\u0430\u0440\u0433\u0438, \u041e\u0434\u0440\u0438\u043d, \u0422\u0443\u0440\u0446\u0438\u044f | \u0420\u0435\u0437\u0435\u0440\u0432\u0438\u0440\u0430\u0439\u0442\u0435 \u0441\u0435\u0433\u0430","isPartOf":{"@id":"https:\/\/www.margiotel.com\/bg\/#website"},"datePublished":"2021-01-04T21:55:42+00:00","dateModified":"2021-10-16T01:47:20+00:00","description":"\u041f\u043e\u043b\u0443\u0447\u0435\u0442\u0435 \u043f\u043e\u0434\u0440\u043e\u0431\u043d\u0430 \u0438\u043d\u0444\u043e\u0440\u043c\u0430\u0446\u0438\u044f \u0437\u0430 \u043d\u0430\u0448\u0438\u044f \u0445\u043e\u0442\u0435\u043b- \u0425\u043e\u0442\u0435\u043b \u041c\u0430\u0440\u0433\u0438, \u041e\u0434\u0440\u0438\u043d, \u0422\u0443\u0440\u0446\u0438\u044f - Margi Hotel Edirne","breadcrumb":{"@id":"https:\/\/www.margiotel.com\/bg\/%d0%b7%d0%b0-%d0%bd%d0%b0%d1%81\/#breadcrumb"},"inLanguage":"bg-BG","potentialAction":[{"@type":"ReadAction","target":["https:\/\/www.margiotel.com\/bg\/%d0%b7%d0%b0-%d0%bd%d0%b0%d1%81\/"]}]},{"@type":"BreadcrumbList","@id":"https:\/\/www.margiotel.com\/bg\/%d0%b7%d0%b0-%d0%bd%d0%b0%d1%81\/#breadcrumb","itemListElement":[{"@type":"ListItem","position":1,"name":"Anasayfa","item":"https:\/\/www.margiotel.com\/bg\/"},{"@type":"ListItem","position":2,"name":"\u0417\u0430 \u043d\u0430\u0441"}]},{"@type":"WebSite","@id":"https:\/\/www.margiotel.com\/bg\/#website","url":"https:\/\/www.margiotel.com\/bg\/","name":"Margi Hotel, Edirne, Turkey | Edirnede En iyi otel en iyi fiyatl\u0131 rezervasyon","description":"Edirne&#039;nin \u0130lk ve Tek 5 Y\u0131ld\u0131zl\u0131 Hoteli","publisher":{"@id":"https:\/\/www.margiotel.com\/bg\/#organization"},"potentialAction":[{"@type":"SearchAction","target":{"@type":"EntryPoint","urlTemplate":"https:\/\/www.margiotel.com\/bg\/?s={search_term_string}"},"query-input":{"@type":"PropertyValueSpecification","valueRequired":true,"valueName":"search_term_string"}}],"inLanguage":"bg-BG"},{"@type":"Organization","@id":"https:\/\/www.margiotel.com\/bg\/#organization","name":"Margi Hotel Edirne","url":"https:\/\/www.margiotel.com\/bg\/","logo":{"@type":"ImageObject","inLanguage":"bg-BG","@id":"https:\/\/www.margiotel.com\/bg\/#\/schema\/logo\/image\/","url":"https:\/\/www.margiotel.com\/wp-content\/uploads\/2021\/09\/margi-logo-yildizli-2-1.png","contentUrl":"https:\/\/www.margiotel.com\/wp-content\/uploads\/2021\/09\/margi-logo-yildizli-2-1.png","width":266,"height":149,"caption":"Margi Hotel Edirne"},"image":{"@id":"https:\/\/www.margiotel.com\/bg\/#\/schema\/logo\/image\/"},"sameAs":["https:\/\/www.facebook.com\/MargiHotel\/","https:\/\/www.instagram.com\/margihotel\/"]}]}},"_links":{"self":[{"href":"https:\/\/www.margiotel.com\/bg\/wp-json\/wp\/v2\/pages\/5038","targetHints":{"allow":["GET"]}}],"collection":[{"href":"https:\/\/www.margiotel.com\/bg\/wp-json\/wp\/v2\/pages"}],"about":[{"href":"https:\/\/www.margiotel.com\/bg\/wp-json\/wp\/v2\/types\/page"}],"author":[{"embeddable":true,"href":"https:\/\/www.margiotel.com\/bg\/wp-json\/wp\/v2\/users\/1"}],"replies":[{"embeddable":true,"href":"https:\/\/www.margiotel.com\/bg\/wp-json\/wp\/v2\/comments?post=5038"}],"version-history":[{"count":0,"href":"https:\/\/www.margiotel.com\/bg\/wp-json\/wp\/v2\/pages\/5038\/revisions"}],"wp:attachment":[{"href":"https:\/\/www.margiotel.com\/bg\/wp-json\/wp\/v2\/media?parent=5038"}],"curies":[{"name":"wp","href":"https:\/\/api.w.org\/{rel}","templated":true}]}}